{"id":3438,"date":"2024-06-19T12:37:22","date_gmt":"2024-06-19T10:37:22","guid":{"rendered":"https:\/\/biancaview.com\/aram-clinic-tunisie.com\/gynecomastie-tunisie-prix-reduit-reduction-mammaire-homme"},"modified":"2025-05-09T09:58:30","modified_gmt":"2025-05-09T07:58:30","slug":"male-gynecomastia-surgery","status":"publish","type":"page","link":"https:\/\/www.aram-clinic-tunisie.com\/en\/male-gynecomastia-surgery","title":{"rendered":"Gynecomastia surgery Tunisia : to treat male breast hypertrophy price"},"content":{"rendered":"\t\t<div data-elementor-type=\"wp-page\" data-elementor-id=\"3438\" class=\"elementor elementor-3438\">\n\t\t\t\t<div class=\"elementor-element elementor-element-f93e100 e-con-full e-flex e-con e-parent\" data-id=\"f93e100\" data-element_type=\"container\">\n\t\t\t\t<div class=\"elementor-element elementor-element-94831ca elementor-widget elementor-widget-html\" data-id=\"94831ca\" data-element_type=\"widget\" data-widget_type=\"html.default\">\n\t\t\t\t<div class=\"elementor-widget-container\">\n\t\t\t<div class=\"swiper-intern\">\r\n    <div class=\"container-fluid intern-slider\">\r\n        <div class=\"bg-image-slider\"><\/div>\r\n        <div class=\"container dark swiper-intern-content\">\r\n            <div class=\"row no-padding\">\r\n                <div class=\"col-xl-8 intern-slider-content\">\r\n                    <p class=\"slider-title\">Aram Clinic: The leader in cosmetic surgery<\/p>\r\n                    \t\r\n<iframe src=\"https:\/\/app.metocrm.com\/web-forms\/e982d06f-6290-415f-bf56-b29f5e4295a1\"  height=\"800px\" width=\"100%\"  frameborder=\"0\" style=\"border-radius: 10px;\"><\/iframe>\r\n                <\/div>\r\n            <\/div>\r\n        <\/div>\r\n        <div class=\"container light\">\r\n            <div class=\"row no-padding  column-reverse\">\r\n                <div class=\"col-lg-8 no-padding\">\r\n                    <div>\r\n                        <h1>Gynecomastia surgery Tunisia<\/h1>\r\n                        <p>Gynecomastia is the abnormal development of male mammary gland. It can affect one or both\r\n                            breasts. Although the cause\r\n                            in most cases is unknown, certain drugs or drugs and some hormonal disorders can trigger it.\r\n                        <\/p>\r\n                        <p>During pubertal development, hormonal imbalance can cause a transient increase in adolescent\r\n                            breast tissue. However,\r\n                            this situation usually returns spontaneously.<\/p>\r\n                    <\/div>\r\n                <\/div>\r\n                <div class=\"col-lg-4 change-mobile-order\">\r\n                    <a href=\"https:\/\/www.aram-clinic-tunisie.com\/en\/quote\">\r\n                        <div class=\"btn-devis\">\r\n                            <div class=\"btn-devis-img\"><\/div>\r\n                            <div class=\"absolute-btn-content\">\r\n                                <p>Express Quote<\/p>\r\n                            <\/div>\r\n                        <\/div>\r\n                    <\/a>\r\n                <\/div>\r\n            <\/div>\r\n            <div class=\"row no-padding\">\r\n                <div class=\"col-12 no-padding\">\r\n                    <div>\r\n                        <p>In adulthood, as one ages, the testosterone level decreases which causes breast tissue to\r\n                            develop. Gynecomastia is\r\n                            also related to certain kidney, thyroid or pituitary diseases. The abuse of certain\r\n                            substances such as alcohol,\r\n                            anabolic steroids or corticosteroids stimulate male breast development.<\/p>\r\n                        <p>The man who develops gynecomastia can suffer from a serious alteration of his self-esteem. He\r\n                            may tend to avoid\r\n                            certain social situations that involve uncovering his torso (swimming pools, beaches, gyms,\r\n                            etc.). Moreover, his\r\n                            intimate or couple relationships may be affected due to the insecurity generated by their\r\n                            feminine-looking\r\n                            breasts... <\/p>\r\n                        <p>So gynecomastia surgery is the best solution to treat male breast hypertrophy.<\/p>\r\n                        <h2>Gynecomastia surgery Tunisia : how much does it cost ?<\/h2>\r\n                        <p>The price gynecomastia surgery Tunisia is affordable, ask for a free online quote by\r\n                            filling in the quotation request form to get its cost or contact us by phone and you\r\n                            will have all the details about this procedure.<\/p>\r\n                    <\/div>\r\n                <\/div>\r\n            <\/div>\r\n        <\/div>\r\n    <\/div>\r\n<\/div>\r\n\t\t<\/div>\n\t\t\t\t<\/div>\n\t\t\t\t<\/div>\n\t\t<div class=\"elementor-element elementor-element-5e56a00 light e-flex e-con-boxed e-con e-parent\" data-id=\"5e56a00\" data-element_type=\"container\">\n\t\t\t\t\t<div class=\"e-con-inner\">\n\t\t<div class=\"elementor-element elementor-element-72a611c e-con-full e-flex e-con e-child\" data-id=\"72a611c\" data-element_type=\"container\">\n\t\t\t\t<div class=\"elementor-element elementor-element-a6be722 elementor-widget elementor-widget-html\" data-id=\"a6be722\" data-element_type=\"widget\" data-widget_type=\"html.default\">\n\t\t\t\t<div class=\"elementor-widget-container\">\n\t\t\t<img decoding=\"async\" class=\"\" src=\"https:\/\/www.aram-clinic-tunisie.com\/wp-content\/uploads\/2024\/06\/chirurgie-gynecomastie-homme-img1.webp\" alt=\"gynecomastie tunisie\">\t\t<\/div>\n\t\t\t\t<\/div>\n\t\t\t\t<\/div>\n\t\t<div class=\"elementor-element elementor-element-005735c e-con-full d-flex justify-content-center flex-column align-items-start e-flex e-con e-child\" data-id=\"005735c\" data-element_type=\"container\">\n\t\t\t\t<div class=\"elementor-element elementor-element-2cb5d91 elementor-widget elementor-widget-html\" data-id=\"2cb5d91\" data-element_type=\"widget\" data-widget_type=\"html.default\">\n\t\t\t\t<div class=\"elementor-widget-container\">\n\t\t\t<h2>How do I know if I have gynecomastia ?<\/h2>\r\n<p>Male breast development occurs at the expense of glandular tissue or chest fat. Accurate\r\n    diagnosis of gynecomastia is essential for proper treatment.<\/p>\r\n<p>At first, a correct clinical history is essential to find the possible causes. The\r\n    physical examination will determine whether it is a glandular development or a localized\r\n    accumulation of fatty tissue.<\/p>\r\n<p>The diagnosis of gynecomastia involves an imaging test to determine whether the mammary\r\n    gland has hypertrophied. Both a breast ultrasound and mammography are valid tests to\r\n    determine if there is a development of a fibroglandular breast pattern. It will also be\r\n    useful to rule out malignant pathology in the male breast.<\/p>\r\n<p>If the development is at the expense of the gland, a complete endocrinological study\r\n    should be performed to rule out organic problems. But in most cases the origin of the\r\n    glandular hypertrophy is unknown or ideopathic.<\/p>\r\n<p>When it is corroborated that the increase in the male breast has been produced by the\r\n    accumulation of fatty tissue, it will be called pseudogynecomastia.<\/p>\r\n<p>If you have noticed how your chest has developed and wish to return to having a flat and\r\n    defined chest, gynecomastia surgery is an excellent option to achieve your goals.<\/p>\t\t<\/div>\n\t\t\t\t<\/div>\n\t\t\t\t<\/div>\n\t\t\t\t\t<\/div>\n\t\t\t\t<\/div>\n\t\t<div class=\"elementor-element elementor-element-02a4ef0 e-con-full e-flex e-con e-parent\" data-id=\"02a4ef0\" data-element_type=\"container\">\n\t\t\t\t<div class=\"elementor-element elementor-element-36bd213 elementor-widget elementor-widget-html\" data-id=\"36bd213\" data-element_type=\"widget\" data-widget_type=\"html.default\">\n\t\t\t\t<div class=\"elementor-widget-container\">\n\t\t\t<div class=\"bg-form4-1 no-padding\">\r\n    <div class=\"container dark\">\r\n        <div class=\"row no-padding\">\r\n            <div class=\"col-xl-7 d-flex justify-content-center flex-column align-items-start\">\r\n                <div>\r\n                    <h2>Preoperative consultation<\/h2>\r\n                    <p>The patient must meet the surgeon before his gynecomastia surgery Tunisia so as to examine him\r\n                        and make the essential medical examinations.\r\n                        <br \/> The patient must tell his surgeon whether he suffer from certain diseases, allergies or\r\n                        if he is under treatment.\r\n                    <\/p>\r\n                    <p>The procedure must be explained in details from the beginnning to the end so that the patient\r\n                        will understand clearly all the steps of this intervention such as the recovery period, results,\r\n                        risks, advantages...<\/p>\r\n                    <p>Blood analysis, a mammography and other medical tests prescribed by your surgeon must also be\r\n                        done before your gynecomastia surgery Tunisia.<\/p>\r\n                <\/div>\r\n            <\/div>\r\n            <div class=\"col-xl-5 no-padding d-flex justify-content-center flex-column\">\r\n                <img decoding=\"async\" class=\"\"\r\n                    src=\"https:\/\/www.aram-clinic-tunisie.com\/wp-content\/uploads\/2024\/06\/chirurgie-gynecomastie-homme-img2.webp\"\r\n                    alt=\"gynecomastie prix tunisie\">\r\n            <\/div>\r\n        <\/div>\r\n    <\/div>\r\n<\/div>\r\n\t\t<\/div>\n\t\t\t\t<\/div>\n\t\t\t\t<\/div>\n\t\t<div class=\"elementor-element elementor-element-8599e74 light e-flex e-con-boxed e-con e-parent\" data-id=\"8599e74\" data-element_type=\"container\">\n\t\t\t\t\t<div class=\"e-con-inner\">\n\t\t<div class=\"elementor-element elementor-element-28777d7 e-con-full e-flex e-con e-child\" data-id=\"28777d7\" data-element_type=\"container\">\n\t\t\t\t<div class=\"elementor-element elementor-element-fd4956a elementor-widget elementor-widget-html\" data-id=\"fd4956a\" data-element_type=\"widget\" data-widget_type=\"html.default\">\n\t\t\t\t<div class=\"elementor-widget-container\">\n\t\t\t<img decoding=\"async\" class=\"\" src=\"https:\/\/www.aram-clinic-tunisie.com\/wp-content\/uploads\/2024\/06\/chirurgie-gynecomastie-homme-img3.webp\" alt=\"gynecomastie tarif tunisie\">\t\t<\/div>\n\t\t\t\t<\/div>\n\t\t\t\t<\/div>\n\t\t<div class=\"elementor-element elementor-element-228eede e-con-full d-flex justify-content-center flex-column align-items-start e-flex e-con e-child\" data-id=\"228eede\" data-element_type=\"container\">\n\t\t\t\t<div class=\"elementor-element elementor-element-855ed6b elementor-widget elementor-widget-html\" data-id=\"855ed6b\" data-element_type=\"widget\" data-widget_type=\"html.default\">\n\t\t\t\t<div class=\"elementor-widget-container\">\n\t\t\t<div>\r\n    <h2>How is it performed ?<\/h2>\r\n    <p>This intervention is realized under general anaesthesia.<\/p>\r\n    <p>Gynecomastia is treated with a surgical procedure of the same name. Normally a small\r\n        incision is made on each side of the chest near the armpit which is usually less than 3\r\n        millimeters through which a liposuction cannula is introduced. With this cannula the fat\r\n        and most of the glandular content is removed, leaving only a small amount to cover the\r\n        tissue and provide a natural result, avoiding adhesions and irregularities in the skin.\r\n    <\/p>\r\n    <p>Sometimes it is necessary to complement this technique with a small incision in the lower\r\n        half of the areola to remove the mammary gland that could not be removed by liposuction.\r\n    <\/p>\r\n    <p>In cases of patients who have a large volume, well-defined breast sulcus or high skin\r\n        flaccidity, the surgeon may also have to use other techniques that may involve\r\n        peri-areolar or inverted T-shaped scars (peri-areolar, vertical and horizontal).<\/p>\r\n    <p>When the diameter of the areola is large, the surgeon can reduce it in the same\r\n        intervention, as well as make the size of the nipple smaller.<\/p>\r\n<\/div>\r\n\t\t<\/div>\n\t\t\t\t<\/div>\n\t\t\t\t<\/div>\n\t\t\t\t\t<\/div>\n\t\t\t\t<\/div>\n\t\t<div class=\"elementor-element elementor-element-21bff18 e-con-full e-flex e-con e-parent\" data-id=\"21bff18\" data-element_type=\"container\">\n\t\t\t\t<div class=\"elementor-element elementor-element-709d791 elementor-widget elementor-widget-html\" data-id=\"709d791\" data-element_type=\"widget\" data-widget_type=\"html.default\">\n\t\t\t\t<div class=\"elementor-widget-container\">\n\t\t\t<div class=\"bg-chirurgie-gynecomastie-homme-form no-padding\">\r\n    <div class=\"container light\">\r\n        <div class=\"row no-padding\">\r\n            <div class=\"col-xl-8\">\r\n                <h2>Gynecomastia surgery Tunisia : what about the recovery ?<\/h2>\r\n                <p>After gynecomastia surgery Tunisia, you will leave the operating room with a bandage on\r\n                    your chest.<\/p>\r\n                <p>The surgeon will prescribe you painkillers in order to alleviate the pain and for more\r\n                    comfort.<\/p>\r\n                <p>After your medical stay, in the following weeks you should :<\/p>\r\n                <p>Sleep on your back and somewhat incorporated.<\/p>\r\n                <p>Do not smoke or, at least, reduce the number of cigarettes considerably.<\/p>\r\n                <p>Avoid sport.<\/p>\r\n                <p>You will have to stop your professional activities for one to three weeks, it depends on\r\n                    your work, the surgeon will tell you the period.<\/p>\r\n                <p>The gynecomastia operation does not involve a painful process. The discomfort will be due\r\n                    to the initial swelling and sensation of tension. You may notice pinching in the chest\r\n                    and back pain due to the position. All these symptoms will subside as the days go by\r\n                    with the help of analgesic medication.<\/p>\r\n                <p>You will have to follow all your surgeon\u2019s recommendations and instructions for optimal\r\n                    results.<\/p>\r\n                <h2>The result<\/h2>\r\n                <p>The result of gynecomastia surgery Tunisia starts to be visible the day after the intervention, but,\r\n                    from the 3rd month, it becomes to be appreciated.<\/p>\r\n                <p>The result is impressive, permanent and very satisfactory which will allow the patient to regain self\r\n                    confidence and feel comfortable in his social and personal life.<\/p>\r\n            <\/div>\r\n            <div class=\"col-xl-4 d-flex justify-content-end align-items-start\">\r\n                <a href=\"https:\/\/www.aram-clinic-tunisie.com\/en\/quote\">\r\n                    <div class=\"btn-devis\">\r\n                        <div class=\"btn-devis-img\"><\/div>\r\n                        <div class=\"absolute-btn-content\">\r\n                            <p>Express Quote<\/p>\r\n                        <\/div>\r\n                    <\/div>\r\n                <\/a>\r\n            <\/div>\r\n        <\/div>\r\n    <\/div>\r\n    <img decoding=\"async\" class=\"display-on-mobile\" style=\"position:relative;z-index: -3;\"\r\n        src=\".\/wp-content\/uploads\/2024\/06\/chirurgie-gynecomastie-homme-form.webp\" alt=\"gynecomastie\">\r\n<\/div>\r\n\t\t<\/div>\n\t\t\t\t<\/div>\n\t\t\t\t<\/div>\n\t\t\t\t<\/div>\n\t\t","protected":false},"excerpt":{"rendered":"<p>Aram Clinic: The leader in cosmetic surgery Gynecomastia surgery Tunisia Gynecomastia is the abnormal development of male mammary gland. It can affect one or both breasts. Although the cause in most cases is unknown, certain drugs or drugs and some hormonal disorders can trigger it. During pubertal development, hormonal imbalance can cause a transient increase [&hellip;]<\/p>\n","protected":false},"author":1,"featured_media":0,"parent":0,"menu_order":0,"comment_status":"closed","ping_status":"closed","template":"","meta":{"footnotes":""},"class_list":["post-3438","page","type-page","status-publish","hentry"],"yoast_head":"<!-- This site is optimized with the Yoast SEO plugin v27.3 - https:\/\/yoast.com\/product\/yoast-seo-wordpress\/ -->\n<title>Gynecomastia surgery Tunisia : to treat male breast hypertrophy price<\/title>\n<meta name=\"description\" content=\"Gynecomastia surgery in Tunisia is a plastic intervention to treat male breast hypertrophy, it is a male breast reduction.\" \/>\n<meta name=\"robots\" content=\"index, follow, max-snippet:-1, max-image-preview:large, max-video-preview:-1\" \/>\n<link rel=\"canonical\" href=\"https:\/\/www.aram-clinic-tunisie.com\/en\/male-gynecomastia-surgery\" \/>\n<meta property=\"og:locale\" content=\"en_US\" \/>\n<meta property=\"og:type\" content=\"article\" \/>\n<meta property=\"og:title\" content=\"Gynecomastia surgery Tunisia : to treat male breast hypertrophy price\" \/>\n<meta property=\"og:description\" content=\"Gynecomastia surgery in Tunisia is a plastic intervention to treat male breast hypertrophy, it is a male breast reduction.\" \/>\n<meta property=\"og:url\" content=\"https:\/\/www.aram-clinic-tunisie.com\/en\/male-gynecomastia-surgery\" \/>\n<meta property=\"og:site_name\" content=\"Agence tourisme m\u00e9dical Tunisie : S\u00e9jour m\u00e9dical - Aram Clinic\" \/>\n<meta property=\"article:modified_time\" content=\"2025-05-09T07:58:30+00:00\" \/>\n<meta property=\"og:image\" content=\"https:\/\/www.aram-clinic-tunisie.com\/wp-content\/uploads\/2024\/06\/chirurgie-gynecomastie-homme-img1.webp\" \/>\n<meta name=\"twitter:card\" content=\"summary_large_image\" \/>\n<meta name=\"twitter:label1\" content=\"Est. reading time\" \/>\n\t<meta name=\"twitter:data1\" content=\"6 minutes\" \/>\n<script type=\"application\/ld+json\" class=\"yoast-schema-graph\">{\"@context\":\"https:\\\/\\\/schema.org\",\"@graph\":[{\"@type\":\"WebPage\",\"@id\":\"https:\\\/\\\/www.aram-clinic-tunisie.com\\\/en\\\/male-gynecomastia-surgery\",\"url\":\"https:\\\/\\\/www.aram-clinic-tunisie.com\\\/en\\\/male-gynecomastia-surgery\",\"name\":\"Gynecomastia surgery Tunisia : to treat male breast hypertrophy price\",\"isPartOf\":{\"@id\":\"https:\\\/\\\/www.aram-clinic-tunisie.com\\\/en#website\"},\"primaryImageOfPage\":{\"@id\":\"https:\\\/\\\/www.aram-clinic-tunisie.com\\\/en\\\/male-gynecomastia-surgery#primaryimage\"},\"image\":{\"@id\":\"https:\\\/\\\/www.aram-clinic-tunisie.com\\\/en\\\/male-gynecomastia-surgery#primaryimage\"},\"thumbnailUrl\":\"https:\\\/\\\/www.aram-clinic-tunisie.com\\\/wp-content\\\/uploads\\\/2024\\\/06\\\/chirurgie-gynecomastie-homme-img1.webp\",\"datePublished\":\"2024-06-19T10:37:22+00:00\",\"dateModified\":\"2025-05-09T07:58:30+00:00\",\"description\":\"Gynecomastia surgery in Tunisia is a plastic intervention to treat male breast hypertrophy, it is a male breast reduction.\",\"breadcrumb\":{\"@id\":\"https:\\\/\\\/www.aram-clinic-tunisie.com\\\/en\\\/male-gynecomastia-surgery#breadcrumb\"},\"inLanguage\":\"en-US\",\"potentialAction\":[{\"@type\":\"ReadAction\",\"target\":[\"https:\\\/\\\/www.aram-clinic-tunisie.com\\\/en\\\/male-gynecomastia-surgery\"]}]},{\"@type\":\"ImageObject\",\"inLanguage\":\"en-US\",\"@id\":\"https:\\\/\\\/www.aram-clinic-tunisie.com\\\/en\\\/male-gynecomastia-surgery#primaryimage\",\"url\":\"https:\\\/\\\/www.aram-clinic-tunisie.com\\\/wp-content\\\/uploads\\\/2024\\\/06\\\/chirurgie-gynecomastie-homme-img1.webp\",\"contentUrl\":\"https:\\\/\\\/www.aram-clinic-tunisie.com\\\/wp-content\\\/uploads\\\/2024\\\/06\\\/chirurgie-gynecomastie-homme-img1.webp\"},{\"@type\":\"BreadcrumbList\",\"@id\":\"https:\\\/\\\/www.aram-clinic-tunisie.com\\\/en\\\/male-gynecomastia-surgery#breadcrumb\",\"itemListElement\":[{\"@type\":\"ListItem\",\"position\":1,\"name\":\"Accueil\",\"item\":\"https:\\\/\\\/www.aram-clinic-tunisie.com\\\/en\"},{\"@type\":\"ListItem\",\"position\":2,\"name\":\"Gynecomastia surgery Tunisia : to treat male breast hypertrophy price\"}]},{\"@type\":\"WebSite\",\"@id\":\"https:\\\/\\\/www.aram-clinic-tunisie.com\\\/en#website\",\"url\":\"https:\\\/\\\/www.aram-clinic-tunisie.com\\\/en\",\"name\":\"Agence tourisme m\u00e9dical Tunisie : S\u00e9jour m\u00e9dical - Aram Clinic\",\"description\":\"\",\"publisher\":{\"@id\":\"https:\\\/\\\/www.aram-clinic-tunisie.com\\\/en#organization\"},\"potentialAction\":[{\"@type\":\"SearchAction\",\"target\":{\"@type\":\"EntryPoint\",\"urlTemplate\":\"https:\\\/\\\/www.aram-clinic-tunisie.com\\\/en?s={search_term_string}\"},\"query-input\":{\"@type\":\"PropertyValueSpecification\",\"valueRequired\":true,\"valueName\":\"search_term_string\"}}],\"inLanguage\":\"en-US\"},{\"@type\":\"Organization\",\"@id\":\"https:\\\/\\\/www.aram-clinic-tunisie.com\\\/en#organization\",\"name\":\"Agence tourisme m\u00e9dical Tunisie : S\u00e9jour m\u00e9dical - Aram Clinic\",\"url\":\"https:\\\/\\\/www.aram-clinic-tunisie.com\\\/en\",\"logo\":{\"@type\":\"ImageObject\",\"inLanguage\":\"en-US\",\"@id\":\"https:\\\/\\\/www.aram-clinic-tunisie.com\\\/en#\\\/schema\\\/logo\\\/image\\\/\",\"url\":\"https:\\\/\\\/www.aram-clinic-tunisie.com\\\/wp-content\\\/uploads\\\/2024\\\/06\\\/logo.webp\",\"contentUrl\":\"https:\\\/\\\/www.aram-clinic-tunisie.com\\\/wp-content\\\/uploads\\\/2024\\\/06\\\/logo.webp\",\"width\":153,\"height\":60,\"caption\":\"Agence tourisme m\u00e9dical Tunisie : S\u00e9jour m\u00e9dical - Aram Clinic\"},\"image\":{\"@id\":\"https:\\\/\\\/www.aram-clinic-tunisie.com\\\/en#\\\/schema\\\/logo\\\/image\\\/\"}}]}<\/script>\n<!-- \/ Yoast SEO plugin. -->","yoast_head_json":{"title":"Gynecomastia surgery Tunisia : to treat male breast hypertrophy price","description":"Gynecomastia surgery in Tunisia is a plastic intervention to treat male breast hypertrophy, it is a male breast reduction.","robots":{"index":"index","follow":"follow","max-snippet":"max-snippet:-1","max-image-preview":"max-image-preview:large","max-video-preview":"max-video-preview:-1"},"canonical":"https:\/\/www.aram-clinic-tunisie.com\/en\/male-gynecomastia-surgery","og_locale":"en_US","og_type":"article","og_title":"Gynecomastia surgery Tunisia : to treat male breast hypertrophy price","og_description":"Gynecomastia surgery in Tunisia is a plastic intervention to treat male breast hypertrophy, it is a male breast reduction.","og_url":"https:\/\/www.aram-clinic-tunisie.com\/en\/male-gynecomastia-surgery","og_site_name":"Agence tourisme m\u00e9dical Tunisie : S\u00e9jour m\u00e9dical - Aram Clinic","article_modified_time":"2025-05-09T07:58:30+00:00","og_image":[{"url":"https:\/\/www.aram-clinic-tunisie.com\/wp-content\/uploads\/2024\/06\/chirurgie-gynecomastie-homme-img1.webp","type":"","width":"","height":""}],"twitter_card":"summary_large_image","twitter_misc":{"Est. reading time":"6 minutes"},"schema":{"@context":"https:\/\/schema.org","@graph":[{"@type":"WebPage","@id":"https:\/\/www.aram-clinic-tunisie.com\/en\/male-gynecomastia-surgery","url":"https:\/\/www.aram-clinic-tunisie.com\/en\/male-gynecomastia-surgery","name":"Gynecomastia surgery Tunisia : to treat male breast hypertrophy price","isPartOf":{"@id":"https:\/\/www.aram-clinic-tunisie.com\/en#website"},"primaryImageOfPage":{"@id":"https:\/\/www.aram-clinic-tunisie.com\/en\/male-gynecomastia-surgery#primaryimage"},"image":{"@id":"https:\/\/www.aram-clinic-tunisie.com\/en\/male-gynecomastia-surgery#primaryimage"},"thumbnailUrl":"https:\/\/www.aram-clinic-tunisie.com\/wp-content\/uploads\/2024\/06\/chirurgie-gynecomastie-homme-img1.webp","datePublished":"2024-06-19T10:37:22+00:00","dateModified":"2025-05-09T07:58:30+00:00","description":"Gynecomastia surgery in Tunisia is a plastic intervention to treat male breast hypertrophy, it is a male breast reduction.","breadcrumb":{"@id":"https:\/\/www.aram-clinic-tunisie.com\/en\/male-gynecomastia-surgery#breadcrumb"},"inLanguage":"en-US","potentialAction":[{"@type":"ReadAction","target":["https:\/\/www.aram-clinic-tunisie.com\/en\/male-gynecomastia-surgery"]}]},{"@type":"ImageObject","inLanguage":"en-US","@id":"https:\/\/www.aram-clinic-tunisie.com\/en\/male-gynecomastia-surgery#primaryimage","url":"https:\/\/www.aram-clinic-tunisie.com\/wp-content\/uploads\/2024\/06\/chirurgie-gynecomastie-homme-img1.webp","contentUrl":"https:\/\/www.aram-clinic-tunisie.com\/wp-content\/uploads\/2024\/06\/chirurgie-gynecomastie-homme-img1.webp"},{"@type":"BreadcrumbList","@id":"https:\/\/www.aram-clinic-tunisie.com\/en\/male-gynecomastia-surgery#breadcrumb","itemListElement":[{"@type":"ListItem","position":1,"name":"Accueil","item":"https:\/\/www.aram-clinic-tunisie.com\/en"},{"@type":"ListItem","position":2,"name":"Gynecomastia surgery Tunisia : to treat male breast hypertrophy price"}]},{"@type":"WebSite","@id":"https:\/\/www.aram-clinic-tunisie.com\/en#website","url":"https:\/\/www.aram-clinic-tunisie.com\/en","name":"Agence tourisme m\u00e9dical Tunisie : S\u00e9jour m\u00e9dical - Aram Clinic","description":"","publisher":{"@id":"https:\/\/www.aram-clinic-tunisie.com\/en#organization"},"potentialAction":[{"@type":"SearchAction","target":{"@type":"EntryPoint","urlTemplate":"https:\/\/www.aram-clinic-tunisie.com\/en?s={search_term_string}"},"query-input":{"@type":"PropertyValueSpecification","valueRequired":true,"valueName":"search_term_string"}}],"inLanguage":"en-US"},{"@type":"Organization","@id":"https:\/\/www.aram-clinic-tunisie.com\/en#organization","name":"Agence tourisme m\u00e9dical Tunisie : S\u00e9jour m\u00e9dical - Aram Clinic","url":"https:\/\/www.aram-clinic-tunisie.com\/en","logo":{"@type":"ImageObject","inLanguage":"en-US","@id":"https:\/\/www.aram-clinic-tunisie.com\/en#\/schema\/logo\/image\/","url":"https:\/\/www.aram-clinic-tunisie.com\/wp-content\/uploads\/2024\/06\/logo.webp","contentUrl":"https:\/\/www.aram-clinic-tunisie.com\/wp-content\/uploads\/2024\/06\/logo.webp","width":153,"height":60,"caption":"Agence tourisme m\u00e9dical Tunisie : S\u00e9jour m\u00e9dical - Aram Clinic"},"image":{"@id":"https:\/\/www.aram-clinic-tunisie.com\/en#\/schema\/logo\/image\/"}}]}},"_links":{"self":[{"href":"https:\/\/www.aram-clinic-tunisie.com\/en\/wp-json\/wp\/v2\/pages\/3438","targetHints":{"allow":["GET"]}}],"collection":[{"href":"https:\/\/www.aram-clinic-tunisie.com\/en\/wp-json\/wp\/v2\/pages"}],"about":[{"href":"https:\/\/www.aram-clinic-tunisie.com\/en\/wp-json\/wp\/v2\/types\/page"}],"author":[{"embeddable":true,"href":"https:\/\/www.aram-clinic-tunisie.com\/en\/wp-json\/wp\/v2\/users\/1"}],"replies":[{"embeddable":true,"href":"https:\/\/www.aram-clinic-tunisie.com\/en\/wp-json\/wp\/v2\/comments?post=3438"}],"version-history":[{"count":19,"href":"https:\/\/www.aram-clinic-tunisie.com\/en\/wp-json\/wp\/v2\/pages\/3438\/revisions"}],"predecessor-version":[{"id":6269,"href":"https:\/\/www.aram-clinic-tunisie.com\/en\/wp-json\/wp\/v2\/pages\/3438\/revisions\/6269"}],"wp:attachment":[{"href":"https:\/\/www.aram-clinic-tunisie.com\/en\/wp-json\/wp\/v2\/media?parent=3438"}],"curies":[{"name":"wp","href":"https:\/\/api.w.org\/{rel}","templated":true}]}}