{"id":3226,"date":"2024-06-26T17:59:50","date_gmt":"2024-06-26T15:59:50","guid":{"rendered":"https:\/\/biancaview.com\/aram-clinic-tunisie.com?page_id=3226"},"modified":"2025-05-09T09:57:17","modified_gmt":"2025-05-09T07:57:17","slug":"buttock-lipofilling","status":"publish","type":"page","link":"https:\/\/www.aram-clinic-tunisie.com\/en\/buttock-lipofilling","title":{"rendered":"Buttock lipofilling Tunisia : buttocks enlargement with fat injection"},"content":{"rendered":"\t\t<div data-elementor-type=\"wp-page\" data-elementor-id=\"3226\" class=\"elementor elementor-3226\">\n\t\t\t\t<div class=\"elementor-element elementor-element-14cb122 e-con-full e-flex e-con e-parent\" data-id=\"14cb122\" data-element_type=\"container\">\n\t\t\t\t<div class=\"elementor-element elementor-element-80ce09d elementor-widget elementor-widget-html\" data-id=\"80ce09d\" data-element_type=\"widget\" data-widget_type=\"html.default\">\n\t\t\t\t<div class=\"elementor-widget-container\">\n\t\t\t<div class=\"swiper-intern\">\r\n    <div class=\"container-fluid intern-slider\">\r\n        <div class=\"bg-image-slider\"><\/div>\r\n        <div class=\"container dark swiper-intern-content\">\r\n            <div class=\"row no-padding\">\r\n                <div class=\"col-xl-8 intern-slider-content\">\r\n                    <p class=\"slider-title\">Aram Clinic: The leader in cosmetic surgery<\/p>\r\n                    \t\r\n<iframe src=\"https:\/\/app.metocrm.com\/web-forms\/e982d06f-6290-415f-bf56-b29f5e4295a1\"  height=\"800px\" width=\"100%\"  frameborder=\"0\" style=\"border-radius: 10px;\"><\/iframe>\r\n                <\/div>\r\n            <\/div>\r\n        <\/div>\r\n        <div class=\"container light\">\r\n            <div class=\"row no-padding  column-reverse\">\r\n                <div class=\"col-lg-8 no-padding\">\r\n                    <div>\r\n                        <h1>Buttock lipofilling Tunisia<\/h1>\r\n                        <p>Many people suffer from a lack of volume in their buttocks, so, they decide to opt for\r\n                            buttock augmentation with\r\n                            autologous fat which is called buttock lipofilling.<\/p>\r\n                        <p>For patients who have sufficiently excess fat on various parts of the body, buttock\r\n                            augmentation with autologous fat\r\n                            : buttock lipofilling is the best solution, this technique has become increasingly popular\r\n                            these recent years. It is\r\n                            advantageous because it is associated with liposuction (the surgery to remove excess fat\r\n                            from different areas of the\r\n                            silhouette) as it will allow you to remove excess fat from your silhouette but also increase\r\n                            the volume of your\r\n                            buttocks at the same time.\r\n                            <br \/> So, the results are natural.\r\n                        <\/p>\r\n                    <\/div>\r\n                <\/div>\r\n                <div class=\"col-lg-4 change-mobile-order\">\r\n                    <a href=\"https:\/\/www.aram-clinic-tunisie.com\/en\/quote\">\r\n                        <div class=\"btn-devis\">\r\n                            <div class=\"btn-devis-img\"><\/div>\r\n                            <div class=\"absolute-btn-content\">\r\n                                <p>Express Quote<\/p>\r\n                            <\/div>\r\n                        <\/div>\r\n                    <\/a>\r\n                <\/div>\r\n            <\/div>\r\n        <\/div>\r\n    <\/div>\r\n<\/div>\r\n\t\t<\/div>\n\t\t\t\t<\/div>\n\t\t\t\t<\/div>\n\t\t<div class=\"elementor-element elementor-element-1debce9 light e-flex e-con-boxed e-con e-parent\" data-id=\"1debce9\" data-element_type=\"container\">\n\t\t\t\t\t<div class=\"e-con-inner\">\n\t\t<div class=\"elementor-element elementor-element-a0eda94 e-con-full e-flex e-con e-child\" data-id=\"a0eda94\" data-element_type=\"container\">\n\t\t\t\t<div class=\"elementor-element elementor-element-e8e1fee elementor-widget elementor-widget-html\" data-id=\"e8e1fee\" data-element_type=\"widget\" data-widget_type=\"html.default\">\n\t\t\t\t<div class=\"elementor-widget-container\">\n\t\t\t<img decoding=\"async\" class=\"\" src=\"https:\/\/www.aram-clinic-tunisie.com\/wp-content\/uploads\/2024\/06\/augmentation-fesses-img1.webp\" alt=\"augmentation fesses tunisie prix\">\t\t<\/div>\n\t\t\t\t<\/div>\n\t\t\t\t<\/div>\n\t\t<div class=\"elementor-element elementor-element-0b763c8 e-con-full d-flex justify-content-center flex-column align-items-start e-flex e-con e-child\" data-id=\"0b763c8\" data-element_type=\"container\">\n\t\t\t\t<div class=\"elementor-element elementor-element-4315e14 elementor-widget elementor-widget-html\" data-id=\"4315e14\" data-element_type=\"widget\" data-widget_type=\"html.default\">\n\t\t\t\t<div class=\"elementor-widget-container\">\n\t\t\t<div>\r\n    <h2>Buttock lipofilling Tunisia : the cost<\/h2>\r\n    <p>The price of buttock lipofilling Tunisia is attractive, ask for a free quote or contact the phone\r\n        number you will find on our website for more information about the medical stay Tunisia and buttock\r\n        lipofilling cost Tunisia.<\/p>\r\n    <h2>For whom is buttock lipofilling indicated ? Who can benefit from it ?<\/h2>\r\n    <p>Buttock lipofilling gives excellent results for people who have flat or hollow buttocks (this\r\n        can happen due to severe weight loss or be a physical characteristic).<\/p>\r\n    <ul class=\"page-list\">\r\n        <li>give volume to flat buttocks<\/li>\r\n        <li>plump up shapeless buttocks<\/li>\r\n        <li>reshape shapeless, disharmonious buttocks or those with defects such as hollows.<\/li>\r\n    <\/ul>\r\n    <p>There are many cases that can be addressed with buttock lipofilling, however, it will be up\r\n        to the surgeon upon examination to decide if it is the appropriate technique according to\r\n        the patient\u2019s case. <\/p>\r\n    <p>In order to undergo buttock lipofilling, the patient must have sufficient excess fat for\r\n        harvesting, so thin people are unlikely to take advantage of the benefits of this type of\r\n        surgery. <\/p>\r\n    <p>This operation is for patients in a good health and with realistic expectations.<\/p>\r\n<\/div>\r\n\t\t<\/div>\n\t\t\t\t<\/div>\n\t\t\t\t<\/div>\n\t\t\t\t\t<\/div>\n\t\t\t\t<\/div>\n\t\t<div class=\"elementor-element elementor-element-b70076f e-con-full e-flex e-con e-parent\" data-id=\"b70076f\" data-element_type=\"container\">\n\t\t\t\t<div class=\"elementor-element elementor-element-c0817ff elementor-widget elementor-widget-html\" data-id=\"c0817ff\" data-element_type=\"widget\" data-widget_type=\"html.default\">\n\t\t\t\t<div class=\"elementor-widget-container\">\n\t\t\t<div class=\"bg-form4-1 no-padding\">\r\n    <div class=\"container dark\">\r\n        <div class=\"row no-padding\">\r\n            <div class=\"col-xl-7 d-flex justify-content-center flex-column align-items-start\">\r\n                <div>\r\n                    <h2>The preoperative consultation<\/h2>\r\n                    <p>The surgeon should diagnose the patient\u2019s silhouette before buttock lipofilling Tunisia\r\n                        and illustrate the modifications that the surgical technique allows on a case-by-case\r\n                        basis. Regarding the problem of \"flat buttocks,\" it is necessary to supplement and\r\n                        refine by grafting the missing volume. Buttock lipofilling involves taking fat tissue\r\n                        from other areas of the patient's body such as the thighs, hips, abdomen...and\r\n                        reinserting it into the part of the buttocks that is hollowed out. <\/p>\r\n                    <p>During this consultation, you must tell your surgeon whether you are suffering from\r\n                        diseases or allergies or if you are taking some medications, explain him\/her your\r\n                        desires and expectations, then, he\/she will explain you the whole procedure with its\r\n                        results, recovery period...<\/p>\r\n                    <p>At the end of the examination the surgeon will indicate you the most appropriate\r\n                        technique, illustrating the areas that aesthetically are most deserving of surgery.\r\n                        <br \/> Blood analysis must be done before your buttock lipofilling Tunisia.\r\n                    <\/p>\r\n                    <p>If the tests are found to be normal, the patient can be operated on. The plastic surgeon\r\n                        will, in addition, be made aware by the patient about any intolerances to antibiotics\r\n                        and medications and about the therapies he or she is taking. It is advisable not to take\r\n                        aspirin for about two weeks before surgery and two weeks after. Aspirin can cause\r\n                        bleeding and thus increase the risk of complications.<\/p>\r\n                    <p>Smoking should also be avoided before and after the intervention.<\/p>\r\n                <\/div>\r\n            <\/div>\r\n            <div class=\"col-xl-5 no-padding d-flex justify-content-center flex-column\">\r\n                <img decoding=\"async\" class=\"\" src=\"https:\/\/www.aram-clinic-tunisie.com\/wp-content\/uploads\/2024\/06\/augmentation-fesses-img2.webp\"\r\n                    alt=\"augmentation fesses prix tunisie\">\r\n            <\/div>\r\n        <\/div>\r\n    <\/div>\r\n<\/div>\r\n\t\t<\/div>\n\t\t\t\t<\/div>\n\t\t\t\t<\/div>\n\t\t<div class=\"elementor-element elementor-element-6e0f13e light e-flex e-con-boxed e-con e-parent\" data-id=\"6e0f13e\" data-element_type=\"container\">\n\t\t\t\t\t<div class=\"e-con-inner\">\n\t\t<div class=\"elementor-element elementor-element-ab25973 e-con-full e-flex e-con e-child\" data-id=\"ab25973\" data-element_type=\"container\">\n\t\t\t\t<div class=\"elementor-element elementor-element-5f4bb13 elementor-widget elementor-widget-html\" data-id=\"5f4bb13\" data-element_type=\"widget\" data-widget_type=\"html.default\">\n\t\t\t\t<div class=\"elementor-widget-container\">\n\t\t\t<img decoding=\"async\" class=\"\" src=\"https:\/\/www.aram-clinic-tunisie.com\/wp-content\/uploads\/2024\/06\/augmentation-fesses-img3.webp\" alt=\"implant fessier tunisie\">\t\t<\/div>\n\t\t\t\t<\/div>\n\t\t\t\t<\/div>\n\t\t<div class=\"elementor-element elementor-element-5944ed5 e-con-full d-flex justify-content-center flex-column align-items-start e-flex e-con e-child\" data-id=\"5944ed5\" data-element_type=\"container\">\n\t\t\t\t<div class=\"elementor-element elementor-element-9336bb2 elementor-widget elementor-widget-html\" data-id=\"9336bb2\" data-element_type=\"widget\" data-widget_type=\"html.default\">\n\t\t\t\t<div class=\"elementor-widget-container\">\n\t\t\t<div>\r\n<h2>How is it performed ?<\/h2>\r\n<p>The procedure is realized under general anaesthesia, it lasts from 2 to 3 hours.<\/p>\r\n<p>First, fat is suctioned from the pre-determined part of the body, for example the abdomen, thighs...\r\n    This is cleaned and then injected into the buttock muscle through small skin stitches. Since the\r\n    fatty tissue is located in an organ with a very good blood supply (muscle tissue), its degradation\r\n    rate is low. <\/p>\r\n<h2>Buttock lipofilling : after the procedure<\/h2>\r\n<p>After your buttock lipofilling Tunisia, a certain feeling of tightness may occur for a\r\n    few days and it may take a few weeks for the swelling to subside completely.\r\n    <br \/> Your surgeon may prescribe you painkillers to reduce the pain.\r\n<\/p>\r\n<p>After the procedure, compression garments are applied to the suctioned areas for 5 weeks.\r\n    During the first 14 days after the procedure, sitting and lying on the back is not\r\n    possible. Therefore, you should plan for 2 weeks of rest. Sports activities must be\r\n    stopped for 2 to 3 months according to your case, your surgeon will indicate you the\r\n    exact period.<\/p>\r\n<\/div>\r\n\t\t<\/div>\n\t\t\t\t<\/div>\n\t\t\t\t<\/div>\n\t\t\t\t\t<\/div>\n\t\t\t\t<\/div>\n\t\t<div class=\"elementor-element elementor-element-cf7a50f e-con-full e-flex e-con e-parent\" data-id=\"cf7a50f\" data-element_type=\"container\">\n\t\t\t\t<div class=\"elementor-element elementor-element-75cfd38 elementor-widget elementor-widget-html\" data-id=\"75cfd38\" data-element_type=\"widget\" data-widget_type=\"html.default\">\n\t\t\t\t<div class=\"elementor-widget-container\">\n\t\t\t<div class=\"bg-augmentation-fesses-form no-padding\">\r\n    <div class=\"container light\">\r\n        <div class=\"row no-padding\">\r\n            <div class=\"pt-4 col-xl-8\">\r\n\r\n                <h2>The result of buttock lipofilling Tunisia<\/h2>\r\n                <p>The result of buttock lipofilling Tunisia is excellent, the fatty tissue is well absorbed\r\n                    by the muscle tissue. The complete treatment result is visible after about 3 months, so\r\n                    the patient will obtain not only harmonious buttocks with natural results, but also a\r\n                    very well sculpted silhouette which will allow him\/her to regain self confidence and\r\n                    feel comfortable socially and personally speaking.<\/p>\r\n                <h2>What are the advantages of buttock lipofilling ?<\/h2>\r\n                <p>Compared to buttock augmentation with silicone implants (gluteal augmentation), the\r\n                    autologous fat variant has several advantages to offer that is why more and more patients\r\n                    are opting for this alternative.<\/p>\r\n                <p>The donor fat is removed by liposuction from one or more areas of the body with sufficient\r\n                    fat reserves, prepared and injected into the tissue of the pos without further incisions.\r\n                    There is no risk of rejection of the injected fat. Another \"bonus\" of the treatment :\r\n                    patients lose excess fat in other parts of the body at the same time.<\/p>\r\n                <p>Once the fat cells have grown together with the rest of the tissue, they are no longer\r\n                    distinguishable from other fat cells. There is therefore no risk of deformation or\r\n                    displacement.<\/p>\r\n\r\n            <\/div>\r\n            <div class=\"col-xl-4 d-flex justify-content-end align-items-start\">\r\n                <a href=\"https:\/\/www.aram-clinic-tunisie.com\/en\/quote\">\r\n                    <div class=\"btn-devis\">\r\n                        <div class=\"btn-devis-img\"><\/div>\r\n                        <div class=\"absolute-btn-content\">\r\n                            <p>Express Quote<\/p>\r\n                        <\/div>\r\n                    <\/div>\r\n                <\/a>\r\n            <\/div>\r\n        <\/div>\r\n    <\/div>\r\n    <img decoding=\"async\" class=\"display-on-mobile\" style=\"position:relative;z-index: -3;\"\r\n        src=\".\/wp-content\/uploads\/2024\/06\/augmentation-fesses-form.webp\" alt=\"\">\r\n<\/div>\r\n\t\t<\/div>\n\t\t\t\t<\/div>\n\t\t\t\t<\/div>\n\t\t\t\t<\/div>\n\t\t","protected":false},"excerpt":{"rendered":"<p>Aram Clinic: The leader in cosmetic surgery Buttock lipofilling Tunisia Many people suffer from a lack of volume in their buttocks, so, they decide to opt for buttock augmentation with autologous fat which is called buttock lipofilling. For patients who have sufficiently excess fat on various parts of the body, buttock augmentation with autologous fat [&hellip;]<\/p>\n","protected":false},"author":1,"featured_media":0,"parent":0,"menu_order":0,"comment_status":"closed","ping_status":"closed","template":"","meta":{"footnotes":""},"class_list":["post-3226","page","type-page","status-publish","hentry"],"yoast_head":"<!-- This site is optimized with the Yoast SEO plugin v27.3 - https:\/\/yoast.com\/product\/yoast-seo-wordpress\/ -->\n<title>Buttock lipofilling Tunisia : buttocks enlargement with fat injection<\/title>\n<meta name=\"description\" content=\"Buttock lipofilling in Tunisia, a plastic operation that aims at enlarging the volume of the buttocks through fat injection at an affordable price.\" \/>\n<meta name=\"robots\" content=\"index, follow, max-snippet:-1, max-image-preview:large, max-video-preview:-1\" \/>\n<link rel=\"canonical\" href=\"https:\/\/www.aram-clinic-tunisie.com\/en\/buttock-lipofilling\" \/>\n<meta property=\"og:locale\" content=\"en_US\" \/>\n<meta property=\"og:type\" content=\"article\" \/>\n<meta property=\"og:title\" content=\"Buttock lipofilling Tunisia : buttocks enlargement with fat injection\" \/>\n<meta property=\"og:description\" content=\"Buttock lipofilling in Tunisia, a plastic operation that aims at enlarging the volume of the buttocks through fat injection at an affordable price.\" \/>\n<meta property=\"og:url\" content=\"https:\/\/www.aram-clinic-tunisie.com\/en\/buttock-lipofilling\" \/>\n<meta property=\"og:site_name\" content=\"Agence tourisme m\u00e9dical Tunisie : S\u00e9jour m\u00e9dical - Aram Clinic\" \/>\n<meta property=\"article:modified_time\" content=\"2025-05-09T07:57:17+00:00\" \/>\n<meta property=\"og:image\" content=\"https:\/\/www.aram-clinic-tunisie.com\/wp-content\/uploads\/2024\/06\/augmentation-fesses-img1.webp\" \/>\n<meta name=\"twitter:card\" content=\"summary_large_image\" \/>\n<meta name=\"twitter:label1\" content=\"Est. reading time\" \/>\n\t<meta name=\"twitter:data1\" content=\"6 minutes\" \/>\n<script type=\"application\/ld+json\" class=\"yoast-schema-graph\">{\"@context\":\"https:\\\/\\\/schema.org\",\"@graph\":[{\"@type\":\"WebPage\",\"@id\":\"https:\\\/\\\/www.aram-clinic-tunisie.com\\\/en\\\/buttock-lipofilling\",\"url\":\"https:\\\/\\\/www.aram-clinic-tunisie.com\\\/en\\\/buttock-lipofilling\",\"name\":\"Buttock lipofilling Tunisia : buttocks enlargement with fat injection\",\"isPartOf\":{\"@id\":\"https:\\\/\\\/www.aram-clinic-tunisie.com\\\/en#website\"},\"primaryImageOfPage\":{\"@id\":\"https:\\\/\\\/www.aram-clinic-tunisie.com\\\/en\\\/buttock-lipofilling#primaryimage\"},\"image\":{\"@id\":\"https:\\\/\\\/www.aram-clinic-tunisie.com\\\/en\\\/buttock-lipofilling#primaryimage\"},\"thumbnailUrl\":\"https:\\\/\\\/www.aram-clinic-tunisie.com\\\/wp-content\\\/uploads\\\/2024\\\/06\\\/augmentation-fesses-img1.webp\",\"datePublished\":\"2024-06-26T15:59:50+00:00\",\"dateModified\":\"2025-05-09T07:57:17+00:00\",\"description\":\"Buttock lipofilling in Tunisia, a plastic operation that aims at enlarging the volume of the buttocks through fat injection at an affordable price.\",\"breadcrumb\":{\"@id\":\"https:\\\/\\\/www.aram-clinic-tunisie.com\\\/en\\\/buttock-lipofilling#breadcrumb\"},\"inLanguage\":\"en-US\",\"potentialAction\":[{\"@type\":\"ReadAction\",\"target\":[\"https:\\\/\\\/www.aram-clinic-tunisie.com\\\/en\\\/buttock-lipofilling\"]}]},{\"@type\":\"ImageObject\",\"inLanguage\":\"en-US\",\"@id\":\"https:\\\/\\\/www.aram-clinic-tunisie.com\\\/en\\\/buttock-lipofilling#primaryimage\",\"url\":\"https:\\\/\\\/www.aram-clinic-tunisie.com\\\/wp-content\\\/uploads\\\/2024\\\/06\\\/augmentation-fesses-img1.webp\",\"contentUrl\":\"https:\\\/\\\/www.aram-clinic-tunisie.com\\\/wp-content\\\/uploads\\\/2024\\\/06\\\/augmentation-fesses-img1.webp\"},{\"@type\":\"BreadcrumbList\",\"@id\":\"https:\\\/\\\/www.aram-clinic-tunisie.com\\\/en\\\/buttock-lipofilling#breadcrumb\",\"itemListElement\":[{\"@type\":\"ListItem\",\"position\":1,\"name\":\"Accueil\",\"item\":\"https:\\\/\\\/www.aram-clinic-tunisie.com\\\/en\"},{\"@type\":\"ListItem\",\"position\":2,\"name\":\"Buttock lipofilling Tunisia : buttocks enlargement with fat injection\"}]},{\"@type\":\"WebSite\",\"@id\":\"https:\\\/\\\/www.aram-clinic-tunisie.com\\\/en#website\",\"url\":\"https:\\\/\\\/www.aram-clinic-tunisie.com\\\/en\",\"name\":\"Agence tourisme m\u00e9dical Tunisie : S\u00e9jour m\u00e9dical - Aram Clinic\",\"description\":\"\",\"publisher\":{\"@id\":\"https:\\\/\\\/www.aram-clinic-tunisie.com\\\/en#organization\"},\"potentialAction\":[{\"@type\":\"SearchAction\",\"target\":{\"@type\":\"EntryPoint\",\"urlTemplate\":\"https:\\\/\\\/www.aram-clinic-tunisie.com\\\/en?s={search_term_string}\"},\"query-input\":{\"@type\":\"PropertyValueSpecification\",\"valueRequired\":true,\"valueName\":\"search_term_string\"}}],\"inLanguage\":\"en-US\"},{\"@type\":\"Organization\",\"@id\":\"https:\\\/\\\/www.aram-clinic-tunisie.com\\\/en#organization\",\"name\":\"Agence tourisme m\u00e9dical Tunisie : S\u00e9jour m\u00e9dical - Aram Clinic\",\"url\":\"https:\\\/\\\/www.aram-clinic-tunisie.com\\\/en\",\"logo\":{\"@type\":\"ImageObject\",\"inLanguage\":\"en-US\",\"@id\":\"https:\\\/\\\/www.aram-clinic-tunisie.com\\\/en#\\\/schema\\\/logo\\\/image\\\/\",\"url\":\"https:\\\/\\\/www.aram-clinic-tunisie.com\\\/wp-content\\\/uploads\\\/2024\\\/06\\\/logo.webp\",\"contentUrl\":\"https:\\\/\\\/www.aram-clinic-tunisie.com\\\/wp-content\\\/uploads\\\/2024\\\/06\\\/logo.webp\",\"width\":153,\"height\":60,\"caption\":\"Agence tourisme m\u00e9dical Tunisie : S\u00e9jour m\u00e9dical - Aram Clinic\"},\"image\":{\"@id\":\"https:\\\/\\\/www.aram-clinic-tunisie.com\\\/en#\\\/schema\\\/logo\\\/image\\\/\"}}]}<\/script>\n<!-- \/ Yoast SEO plugin. -->","yoast_head_json":{"title":"Buttock lipofilling Tunisia : buttocks enlargement with fat injection","description":"Buttock lipofilling in Tunisia, a plastic operation that aims at enlarging the volume of the buttocks through fat injection at an affordable price.","robots":{"index":"index","follow":"follow","max-snippet":"max-snippet:-1","max-image-preview":"max-image-preview:large","max-video-preview":"max-video-preview:-1"},"canonical":"https:\/\/www.aram-clinic-tunisie.com\/en\/buttock-lipofilling","og_locale":"en_US","og_type":"article","og_title":"Buttock lipofilling Tunisia : buttocks enlargement with fat injection","og_description":"Buttock lipofilling in Tunisia, a plastic operation that aims at enlarging the volume of the buttocks through fat injection at an affordable price.","og_url":"https:\/\/www.aram-clinic-tunisie.com\/en\/buttock-lipofilling","og_site_name":"Agence tourisme m\u00e9dical Tunisie : S\u00e9jour m\u00e9dical - Aram Clinic","article_modified_time":"2025-05-09T07:57:17+00:00","og_image":[{"url":"https:\/\/www.aram-clinic-tunisie.com\/wp-content\/uploads\/2024\/06\/augmentation-fesses-img1.webp","type":"","width":"","height":""}],"twitter_card":"summary_large_image","twitter_misc":{"Est. reading time":"6 minutes"},"schema":{"@context":"https:\/\/schema.org","@graph":[{"@type":"WebPage","@id":"https:\/\/www.aram-clinic-tunisie.com\/en\/buttock-lipofilling","url":"https:\/\/www.aram-clinic-tunisie.com\/en\/buttock-lipofilling","name":"Buttock lipofilling Tunisia : buttocks enlargement with fat injection","isPartOf":{"@id":"https:\/\/www.aram-clinic-tunisie.com\/en#website"},"primaryImageOfPage":{"@id":"https:\/\/www.aram-clinic-tunisie.com\/en\/buttock-lipofilling#primaryimage"},"image":{"@id":"https:\/\/www.aram-clinic-tunisie.com\/en\/buttock-lipofilling#primaryimage"},"thumbnailUrl":"https:\/\/www.aram-clinic-tunisie.com\/wp-content\/uploads\/2024\/06\/augmentation-fesses-img1.webp","datePublished":"2024-06-26T15:59:50+00:00","dateModified":"2025-05-09T07:57:17+00:00","description":"Buttock lipofilling in Tunisia, a plastic operation that aims at enlarging the volume of the buttocks through fat injection at an affordable price.","breadcrumb":{"@id":"https:\/\/www.aram-clinic-tunisie.com\/en\/buttock-lipofilling#breadcrumb"},"inLanguage":"en-US","potentialAction":[{"@type":"ReadAction","target":["https:\/\/www.aram-clinic-tunisie.com\/en\/buttock-lipofilling"]}]},{"@type":"ImageObject","inLanguage":"en-US","@id":"https:\/\/www.aram-clinic-tunisie.com\/en\/buttock-lipofilling#primaryimage","url":"https:\/\/www.aram-clinic-tunisie.com\/wp-content\/uploads\/2024\/06\/augmentation-fesses-img1.webp","contentUrl":"https:\/\/www.aram-clinic-tunisie.com\/wp-content\/uploads\/2024\/06\/augmentation-fesses-img1.webp"},{"@type":"BreadcrumbList","@id":"https:\/\/www.aram-clinic-tunisie.com\/en\/buttock-lipofilling#breadcrumb","itemListElement":[{"@type":"ListItem","position":1,"name":"Accueil","item":"https:\/\/www.aram-clinic-tunisie.com\/en"},{"@type":"ListItem","position":2,"name":"Buttock lipofilling Tunisia : buttocks enlargement with fat injection"}]},{"@type":"WebSite","@id":"https:\/\/www.aram-clinic-tunisie.com\/en#website","url":"https:\/\/www.aram-clinic-tunisie.com\/en","name":"Agence tourisme m\u00e9dical Tunisie : S\u00e9jour m\u00e9dical - Aram Clinic","description":"","publisher":{"@id":"https:\/\/www.aram-clinic-tunisie.com\/en#organization"},"potentialAction":[{"@type":"SearchAction","target":{"@type":"EntryPoint","urlTemplate":"https:\/\/www.aram-clinic-tunisie.com\/en?s={search_term_string}"},"query-input":{"@type":"PropertyValueSpecification","valueRequired":true,"valueName":"search_term_string"}}],"inLanguage":"en-US"},{"@type":"Organization","@id":"https:\/\/www.aram-clinic-tunisie.com\/en#organization","name":"Agence tourisme m\u00e9dical Tunisie : S\u00e9jour m\u00e9dical - Aram Clinic","url":"https:\/\/www.aram-clinic-tunisie.com\/en","logo":{"@type":"ImageObject","inLanguage":"en-US","@id":"https:\/\/www.aram-clinic-tunisie.com\/en#\/schema\/logo\/image\/","url":"https:\/\/www.aram-clinic-tunisie.com\/wp-content\/uploads\/2024\/06\/logo.webp","contentUrl":"https:\/\/www.aram-clinic-tunisie.com\/wp-content\/uploads\/2024\/06\/logo.webp","width":153,"height":60,"caption":"Agence tourisme m\u00e9dical Tunisie : S\u00e9jour m\u00e9dical - Aram Clinic"},"image":{"@id":"https:\/\/www.aram-clinic-tunisie.com\/en#\/schema\/logo\/image\/"}}]}},"_links":{"self":[{"href":"https:\/\/www.aram-clinic-tunisie.com\/en\/wp-json\/wp\/v2\/pages\/3226","targetHints":{"allow":["GET"]}}],"collection":[{"href":"https:\/\/www.aram-clinic-tunisie.com\/en\/wp-json\/wp\/v2\/pages"}],"about":[{"href":"https:\/\/www.aram-clinic-tunisie.com\/en\/wp-json\/wp\/v2\/types\/page"}],"author":[{"embeddable":true,"href":"https:\/\/www.aram-clinic-tunisie.com\/en\/wp-json\/wp\/v2\/users\/1"}],"replies":[{"embeddable":true,"href":"https:\/\/www.aram-clinic-tunisie.com\/en\/wp-json\/wp\/v2\/comments?post=3226"}],"version-history":[{"count":28,"href":"https:\/\/www.aram-clinic-tunisie.com\/en\/wp-json\/wp\/v2\/pages\/3226\/revisions"}],"predecessor-version":[{"id":6221,"href":"https:\/\/www.aram-clinic-tunisie.com\/en\/wp-json\/wp\/v2\/pages\/3226\/revisions\/6221"}],"wp:attachment":[{"href":"https:\/\/www.aram-clinic-tunisie.com\/en\/wp-json\/wp\/v2\/media?parent=3226"}],"curies":[{"name":"wp","href":"https:\/\/api.w.org\/{rel}","templated":true}]}}