{"id":3168,"date":"2024-06-19T12:20:36","date_gmt":"2024-06-19T10:20:36","guid":{"rendered":"https:\/\/biancaview.com\/aram-clinic-tunisie.com\/lifting-bras-tunisie-prix-reduit-lifting-face-interne-des-bras"},"modified":"2025-05-09T09:34:29","modified_gmt":"2025-05-09T07:34:29","slug":"arm-lift","status":"publish","type":"page","link":"https:\/\/www.aram-clinic-tunisie.com\/en\/arm-lift","title":{"rendered":"Arm lift Tunisia : to remove excess and sagging skin from the arms"},"content":{"rendered":"\t\t<div data-elementor-type=\"wp-page\" data-elementor-id=\"3168\" class=\"elementor elementor-3168\">\n\t\t\t\t<div class=\"elementor-element elementor-element-d0df833 e-con-full e-flex e-con e-parent\" data-id=\"d0df833\" data-element_type=\"container\">\n\t\t\t\t<div class=\"elementor-element elementor-element-53643db elementor-widget elementor-widget-html\" data-id=\"53643db\" data-element_type=\"widget\" data-widget_type=\"html.default\">\n\t\t\t\t<div class=\"elementor-widget-container\">\n\t\t\t<div class=\"swiper-intern\">\r\n    <div class=\"container-fluid intern-slider\">\r\n        <div class=\"bg-image-slider\"><\/div>\r\n        <div class=\"container dark swiper-intern-content\">\r\n            <div class=\"row no-padding\">\r\n                <div class=\"col-xl-8 intern-slider-content\">\r\n                    <p class=\"slider-title\">Aram Clinic: The leader in cosmetic surgery<\/p>\r\n                    \t\r\n<iframe src=\"https:\/\/app.metocrm.com\/web-forms\/e982d06f-6290-415f-bf56-b29f5e4295a1\"  height=\"800px\" width=\"100%\"  frameborder=\"0\" style=\"border-radius: 10px;\"><\/iframe>\r\n                <\/div>\r\n            <\/div>\r\n        <\/div>\r\n        <div class=\"container light\">\r\n            <div class=\"row no-padding  column-reverse\">\r\n                <div class=\"col-lg-8 no-padding\">\r\n                    <div>\r\n                        <h1>Arm lift Tunisia<\/h1>\r\n                        <p>Arm lift or brachioplasty is a surgical procedure to tighten and improve the contour in the\r\n                            area of the upper arms.\r\n                            It is a purely cosmetic procedure performed by an experienced plastic surgeon. The reasons\r\n                            for an upper arm lift are\r\n                            unsightly excess skin that appears saggy and wrinkled and shows up in the area of the inner\r\n                            sides of the upper arms,\r\n                            especially when the arms are raised at a 90\u00b0 angle. This blemish can be a psychological\r\n                            burden for patients and is\r\n                            caused by the following factors, among others :<\/p>\r\n                        <p>Natural aging process with sagging of the skin\r\n                            <br \/> Congenital weakness of the connective tissue\r\n                            <br \/> Obesity (adiposity)\r\n                            <br \/> Severe weight loss.\r\n                        <\/p>\r\n                        <p>So, this intervention improves the contours of the upper arms by :<\/p>\r\n                        <p>Removing excess skin\r\n                            <br \/> Tightening underlying tissues\r\n                            <br \/> Achieving better definition and shape.\r\n                        <\/p>\r\n                        <p>Moreover, this surgery allows the patient to regain self confidence and feel comfortable.<\/p>\r\n                    <\/div>\r\n                <\/div>\r\n                <div class=\"col-lg-4 change-mobile-order\">\r\n                    <a href=\"https:\/\/www.aram-clinic-tunisie.com\/en\/quote\">\r\n                        <div class=\"btn-devis\">\r\n                            <div class=\"btn-devis-img\"><\/div>\r\n                            <div class=\"absolute-btn-content\">\r\n                                <p>Express Quote<\/p>\r\n                            <\/div>\r\n                        <\/div>\r\n                    <\/a>\r\n                <\/div>\r\n            <\/div>\r\n        <\/div>\r\n    <\/div>\r\n<\/div>\r\n\t\t<\/div>\n\t\t\t\t<\/div>\n\t\t\t\t<\/div>\n\t\t<div class=\"elementor-element elementor-element-b996aa1 light e-flex e-con-boxed e-con e-parent\" data-id=\"b996aa1\" data-element_type=\"container\">\n\t\t\t\t\t<div class=\"e-con-inner\">\n\t\t<div class=\"elementor-element elementor-element-67d5d8d e-con-full e-flex e-con e-child\" data-id=\"67d5d8d\" data-element_type=\"container\">\n\t\t\t\t<div class=\"elementor-element elementor-element-ad794ee elementor-widget elementor-widget-html\" data-id=\"ad794ee\" data-element_type=\"widget\" data-widget_type=\"html.default\">\n\t\t\t\t<div class=\"elementor-widget-container\">\n\t\t\t<img decoding=\"async\" class=\"\" src=\"https:\/\/www.aram-clinic-tunisie.com\/wp-content\/uploads\/2024\/06\/lifting-bras-img1.webp\" alt=\"lifting bras tunisie\">\t\t<\/div>\n\t\t\t\t<\/div>\n\t\t\t\t<\/div>\n\t\t<div class=\"elementor-element elementor-element-1c4f27a e-con-full d-flex justify-content-center flex-column align-items-start e-flex e-con e-child\" data-id=\"1c4f27a\" data-element_type=\"container\">\n\t\t\t\t<div class=\"elementor-element elementor-element-2bbe273 elementor-widget elementor-widget-html\" data-id=\"2bbe273\" data-element_type=\"widget\" data-widget_type=\"html.default\">\n\t\t\t\t<div class=\"elementor-widget-container\">\n\t\t\t<div>\r\n    <h2>Arm lift Tunisia : the price<\/h2>\r\n    <p>The price arm lift Tunisia is affordable, ask for a free quote to get its cost.<\/p>\r\n    <p>Contact us by phone so as to have more details about this plastic intervention.<\/p>\r\n    <h2>The best candidates for this surgery<\/h2>\r\n    <p>Arm lift surgery can be performed on many types of patients. Both men and women of normal\r\n        weight with more excess skin than fat are very good candidates for brachioplasty.\r\n        <br \/>\r\n        It is ideal for people who have lost large amounts of weight, but whose skin has not adapted\r\n        to their new body shape. You might also consider an arm lift if :\r\n    <\/p>\r\n    <p>You have lost the desired weight, but have been left with redundant excess skin underneath\r\n        your arms.\r\n        <br \/> You have significant skin laxity in your upper arms due to age.\r\n    <\/p>\r\n    <p>You are a healthy person with no medical conditions that would prevent you from healing or\r\n        increase the risks if you undergo this surgery.\/p>\r\n    <p>You do not smoke.<\/p>\r\n    <p>You are committed to a healthy diet and lifestyle and have realistic expectations.<\/p>\r\n<\/div>\r\n\t\t<\/div>\n\t\t\t\t<\/div>\n\t\t\t\t<\/div>\n\t\t\t\t\t<\/div>\n\t\t\t\t<\/div>\n\t\t<div class=\"elementor-element elementor-element-dc219ea e-con-full e-flex e-con e-parent\" data-id=\"dc219ea\" data-element_type=\"container\">\n\t\t\t\t<div class=\"elementor-element elementor-element-2e7c00a elementor-widget elementor-widget-html\" data-id=\"2e7c00a\" data-element_type=\"widget\" data-widget_type=\"html.default\">\n\t\t\t\t<div class=\"elementor-widget-container\">\n\t\t\t<div class=\"bg-form4-1 no-padding\">\r\n    <div class=\"container dark\">\r\n        <div class=\"row no-padding\">\r\n            <div class=\"col-xl-7 d-flex justify-content-center flex-column align-items-start\">\r\n                <div>\r\n                    <h2>How to prepare for a brachioplasty ?<\/h2>\r\n                    <p>It is the surgeon who will determine if arm lift surgery is ideal for you. If you have\r\n                        certain health problems, the surgical risks may not be worth it. He will also ensure\r\n                        that you have realistic expectations for the outcome of brachioplasty. You will also\r\n                        need to commit to a healthy lifestyle to promote healthy healing afterwards.<\/p>\r\n                    <p>You are also not an ideal candidate if you are not at a stable weight. If you lose a lot\r\n                        of weight after your plastic surgery procedure, new areas of sagging skin may appear. If\r\n                        you gain a lot of weight, you can significantly damage your weakened skin which can\r\n                        cause stretch marks and wide scars.<\/p>\r\n                    <p>If you smoke, you will have to refrain from smoking at least a few weeks before\r\n                        undergoing your arm lift Tunisia. Smoking significantly increases the risks of\r\n                        complications and can delay the healing process. The plastic surgeon will ask you to\r\n                        stop taking any medications before undergoing the procedure. It is worth asking about\r\n                        over-the-counter medications such as aspirin. You should also avoid eating and drinking\r\n                        anything after midnight the night before the day of the intervention.<\/p>\r\n                <\/div>\r\n            <\/div>\r\n            <div class=\"col-xl-5 no-padding d-flex justify-content-center flex-column\">\r\n                <img decoding=\"async\" class=\"\" src=\"https:\/\/www.aram-clinic-tunisie.com\/wp-content\/uploads\/2024\/06\/lifting-bras-img2.webp\"\r\n                    alt=\"lifting bras tunisie\">\r\n            <\/div>\r\n        <\/div>\r\n    <\/div>\r\n<\/div>\r\n\t\t<\/div>\n\t\t\t\t<\/div>\n\t\t\t\t<\/div>\n\t\t<div class=\"elementor-element elementor-element-79b7458 light e-flex e-con-boxed e-con e-parent\" data-id=\"79b7458\" data-element_type=\"container\">\n\t\t\t\t\t<div class=\"e-con-inner\">\n\t\t<div class=\"elementor-element elementor-element-473a755 e-con-full e-flex e-con e-child\" data-id=\"473a755\" data-element_type=\"container\">\n\t\t\t\t<div class=\"elementor-element elementor-element-02f11e7 elementor-widget elementor-widget-html\" data-id=\"02f11e7\" data-element_type=\"widget\" data-widget_type=\"html.default\">\n\t\t\t\t<div class=\"elementor-widget-container\">\n\t\t\t<img decoding=\"async\" class=\"\" src=\"https:\/\/www.aram-clinic-tunisie.com\/wp-content\/uploads\/2024\/06\/lifting-bras-img3.webp\" alt=\"prix lifting bras tunisie\">\t\t<\/div>\n\t\t\t\t<\/div>\n\t\t\t\t<\/div>\n\t\t<div class=\"elementor-element elementor-element-ca071f1 e-con-full d-flex justify-content-center flex-column align-items-start e-flex e-con e-child\" data-id=\"ca071f1\" data-element_type=\"container\">\n\t\t\t\t<div class=\"elementor-element elementor-element-e1246a5 elementor-widget elementor-widget-html\" data-id=\"e1246a5\" data-element_type=\"widget\" data-widget_type=\"html.default\">\n\t\t\t\t<div class=\"elementor-widget-container\">\n\t\t\t<div>\r\n    <h2>How is it realized ?<\/h2>\r\n    <p>The procedure is performed under general anaesthesia. If liposuction is to be done as well, it\r\n        happens first. For a limited incision arm lift, it is made in the crease of the arm, near the\r\n        armpit. For a full arm lift, the incision extends from the elbow area to the armpit. This is\r\n        determined by the amount of excess skin you have.\r\n        <br \/> A compression bandage is then applied.\r\n    <\/p>\r\n<\/div>\r\n\t\t<\/div>\n\t\t\t\t<\/div>\n\t\t\t\t<\/div>\n\t\t\t\t\t<\/div>\n\t\t\t\t<\/div>\n\t\t<div class=\"elementor-element elementor-element-aacbf3b e-con-full e-flex e-con e-parent\" data-id=\"aacbf3b\" data-element_type=\"container\">\n\t\t\t\t<div class=\"elementor-element elementor-element-064e147 elementor-widget elementor-widget-html\" data-id=\"064e147\" data-element_type=\"widget\" data-widget_type=\"html.default\">\n\t\t\t\t<div class=\"elementor-widget-container\">\n\t\t\t<div class=\"bg-form4-1 no-padding\">\r\n    <div class=\"container dark\">\r\n        <div class=\"row no-padding\">\r\n            <div class=\"col-md-12 d-flex justify-content-center flex-column align-items-start\">\r\n                <div>\r\n                    <div>\r\n                        <h2>Arm lift Tunisia : the recovery period<\/h2>\r\n                        <p>Recovery time for arm lift Tunisia varies greatly from one patient to another.\r\n                            <br \/> The surgeon will prescribe you painkillers to alleviate the pain.\r\n                            <br \/> Bruising and swelling may appear which is normal, they will fade rapidly with time.\r\n                        <\/p>\r\n                        <p>The estimated recovery time is from 2 to 3 weeks. Patients may have restrictions in movement\r\n                            for the same period (2 to 3 weeks) because it may cause or provoke open wounds. The patients\r\n                            should avoid alcohol and cigarettes, sports activities must also be stopped and resumed\r\n                            after about 3 months with the consent of your surgeon, it depends on your case.\r\n                            <br \/> Most patients, depending on their jobs, can return to work after 10 days.\r\n                        <\/p>\r\n                        <p>The patient must follow all his\/her surgeon\u2019s recommendations for optimal results.<\/p>\r\n                        <h2>The results<\/h2>\r\n                        <p>Full results of arm lift Tunisia should be seen within 3 to 6 months after surgery. It is\r\n                            important\r\n                            to know that your body will change with age. The appearance of your arms will also change.\r\n                            Although\r\n                            the results of a brachioplasty are generally permanent, any significant weight gain or loss\r\n                            as well\r\n                            as the normal influences of aging can cause changes in your appearance. <\/p>\r\n                    <\/div>\r\n                <\/div>\r\n            <\/div>\r\n        <\/div>\r\n    <\/div>\r\n<\/div>\r\n\t\t<\/div>\n\t\t\t\t<\/div>\n\t\t\t\t<\/div>\n\t\t<div class=\"elementor-element elementor-element-9dcabdd e-con-full e-flex e-con e-parent\" data-id=\"9dcabdd\" data-element_type=\"container\">\n\t\t\t\t<div class=\"elementor-element elementor-element-f58a4c3 elementor-widget elementor-widget-html\" data-id=\"f58a4c3\" data-element_type=\"widget\" data-widget_type=\"html.default\">\n\t\t\t\t<div class=\"elementor-widget-container\">\n\t\t\t<div class=\"bg-lifting-bras-form no-padding\">\r\n    <div class=\"container light\">\r\n        <div class=\"row no-padding\">\r\n            <div class=\"pt-3 col-xl-8\">\r\n                <h2>Benefits of arm lift surgery<\/h2>\r\n                <p>Arm lift Tunisia had several benefits :<\/p>\r\n                <h3>To have a wider choice of clothing<\/h3>\r\n                <p>Patient who previously felt uncomfortable wearing clothes that showed their arms report\r\n                    that they love being able to wear sleeveless and short-sleeved tops without shame and\r\n                    worrying about the appearance of their arms.<\/p>\r\n                <h3>To regain self confidence<\/h3>\r\n                <p>After undergoing arm lift surgery, patients experience a great improvement in their self\r\n                    confidence and self-esteem knowing that their arms look slimmer, more toned and\r\n                    attractive.<\/p>\r\n                <h3>Long-lasting results<\/h3>\r\n                <p>As long as the patient maintains a healthy lifestyle, the results of an arm lift\r\n                    procedure are generally permanent. The arms will continue to age naturally over time\r\n                    which is a normal phenomenon.<\/p>\r\n\r\n            <\/div>\r\n            <div class=\"col-xl-4 d-flex justify-content-end align-items-start\">\r\n                <a href=\"https:\/\/www.aram-clinic-tunisie.com\/en\/quote\">\r\n                    <div class=\"btn-devis\">\r\n                        <div class=\"btn-devis-img\"><\/div>\r\n                        <div class=\"absolute-btn-content\">\r\n                            <p>Express Quote<\/p>\r\n                        <\/div>\r\n                    <\/div>\r\n                <\/a>\r\n            <\/div>\r\n        <\/div>\r\n    <\/div>\r\n    <img decoding=\"async\" class=\"display-on-mobile\" style=\"position:relative;z-index: -3;\"\r\n        src=\".\/wp-content\/uploads\/2024\/06\/lifting-bras-form.webp\" alt=\"lifting face interne bras\">\r\n<\/div>\r\n\t\t<\/div>\n\t\t\t\t<\/div>\n\t\t\t\t<\/div>\n\t\t\t\t<\/div>\n\t\t","protected":false},"excerpt":{"rendered":"<p>Aram Clinic: The leader in cosmetic surgery Arm lift Tunisia Arm lift or brachioplasty is a surgical procedure to tighten and improve the contour in the area of the upper arms. It is a purely cosmetic procedure performed by an experienced plastic surgeon. The reasons for an upper arm lift are unsightly excess skin that [&hellip;]<\/p>\n","protected":false},"author":1,"featured_media":0,"parent":0,"menu_order":0,"comment_status":"closed","ping_status":"closed","template":"","meta":{"footnotes":""},"class_list":["post-3168","page","type-page","status-publish","hentry"],"yoast_head":"<!-- This site is optimized with the Yoast SEO plugin v27.3 - https:\/\/yoast.com\/product\/yoast-seo-wordpress\/ -->\n<title>Arm lift Tunisia : to remove excess and sagging skin from the arms<\/title>\n<meta name=\"description\" content=\"Arm lift in Tunisia is a plastic intervention in which the surgeon removes excess and sagging skin from the arms for a firmer appearance.\" \/>\n<meta name=\"robots\" content=\"index, follow, max-snippet:-1, max-image-preview:large, max-video-preview:-1\" \/>\n<link rel=\"canonical\" href=\"https:\/\/www.aram-clinic-tunisie.com\/en\/arm-lift\" \/>\n<meta property=\"og:locale\" content=\"en_US\" \/>\n<meta property=\"og:type\" content=\"article\" \/>\n<meta property=\"og:title\" content=\"Arm lift Tunisia : to remove excess and sagging skin from the arms\" \/>\n<meta property=\"og:description\" content=\"Arm lift in Tunisia is a plastic intervention in which the surgeon removes excess and sagging skin from the arms for a firmer appearance.\" \/>\n<meta property=\"og:url\" content=\"https:\/\/www.aram-clinic-tunisie.com\/en\/arm-lift\" \/>\n<meta property=\"og:site_name\" content=\"Agence tourisme m\u00e9dical Tunisie : S\u00e9jour m\u00e9dical - Aram Clinic\" \/>\n<meta property=\"article:modified_time\" content=\"2025-05-09T07:34:29+00:00\" \/>\n<meta property=\"og:image\" content=\"https:\/\/www.aram-clinic-tunisie.com\/wp-content\/uploads\/2024\/06\/lifting-bras-img1.webp\" \/>\n<meta name=\"twitter:card\" content=\"summary_large_image\" \/>\n<meta name=\"twitter:label1\" content=\"Est. reading time\" \/>\n\t<meta name=\"twitter:data1\" content=\"6 minutes\" \/>\n<script type=\"application\/ld+json\" class=\"yoast-schema-graph\">{\"@context\":\"https:\\\/\\\/schema.org\",\"@graph\":[{\"@type\":\"WebPage\",\"@id\":\"https:\\\/\\\/www.aram-clinic-tunisie.com\\\/en\\\/arm-lift\",\"url\":\"https:\\\/\\\/www.aram-clinic-tunisie.com\\\/en\\\/arm-lift\",\"name\":\"Arm lift Tunisia : to remove excess and sagging skin from the arms\",\"isPartOf\":{\"@id\":\"https:\\\/\\\/www.aram-clinic-tunisie.com\\\/en#website\"},\"primaryImageOfPage\":{\"@id\":\"https:\\\/\\\/www.aram-clinic-tunisie.com\\\/en\\\/arm-lift#primaryimage\"},\"image\":{\"@id\":\"https:\\\/\\\/www.aram-clinic-tunisie.com\\\/en\\\/arm-lift#primaryimage\"},\"thumbnailUrl\":\"https:\\\/\\\/www.aram-clinic-tunisie.com\\\/wp-content\\\/uploads\\\/2024\\\/06\\\/lifting-bras-img1.webp\",\"datePublished\":\"2024-06-19T10:20:36+00:00\",\"dateModified\":\"2025-05-09T07:34:29+00:00\",\"description\":\"Arm lift in Tunisia is a plastic intervention in which the surgeon removes excess and sagging skin from the arms for a firmer appearance.\",\"breadcrumb\":{\"@id\":\"https:\\\/\\\/www.aram-clinic-tunisie.com\\\/en\\\/arm-lift#breadcrumb\"},\"inLanguage\":\"en-US\",\"potentialAction\":[{\"@type\":\"ReadAction\",\"target\":[\"https:\\\/\\\/www.aram-clinic-tunisie.com\\\/en\\\/arm-lift\"]}]},{\"@type\":\"ImageObject\",\"inLanguage\":\"en-US\",\"@id\":\"https:\\\/\\\/www.aram-clinic-tunisie.com\\\/en\\\/arm-lift#primaryimage\",\"url\":\"https:\\\/\\\/www.aram-clinic-tunisie.com\\\/wp-content\\\/uploads\\\/2024\\\/06\\\/lifting-bras-img1.webp\",\"contentUrl\":\"https:\\\/\\\/www.aram-clinic-tunisie.com\\\/wp-content\\\/uploads\\\/2024\\\/06\\\/lifting-bras-img1.webp\"},{\"@type\":\"BreadcrumbList\",\"@id\":\"https:\\\/\\\/www.aram-clinic-tunisie.com\\\/en\\\/arm-lift#breadcrumb\",\"itemListElement\":[{\"@type\":\"ListItem\",\"position\":1,\"name\":\"Accueil\",\"item\":\"https:\\\/\\\/www.aram-clinic-tunisie.com\\\/en\"},{\"@type\":\"ListItem\",\"position\":2,\"name\":\"Arm lift Tunisia : to remove excess and sagging skin from the arms\"}]},{\"@type\":\"WebSite\",\"@id\":\"https:\\\/\\\/www.aram-clinic-tunisie.com\\\/en#website\",\"url\":\"https:\\\/\\\/www.aram-clinic-tunisie.com\\\/en\",\"name\":\"Agence tourisme m\u00e9dical Tunisie : S\u00e9jour m\u00e9dical - Aram Clinic\",\"description\":\"\",\"publisher\":{\"@id\":\"https:\\\/\\\/www.aram-clinic-tunisie.com\\\/en#organization\"},\"potentialAction\":[{\"@type\":\"SearchAction\",\"target\":{\"@type\":\"EntryPoint\",\"urlTemplate\":\"https:\\\/\\\/www.aram-clinic-tunisie.com\\\/en?s={search_term_string}\"},\"query-input\":{\"@type\":\"PropertyValueSpecification\",\"valueRequired\":true,\"valueName\":\"search_term_string\"}}],\"inLanguage\":\"en-US\"},{\"@type\":\"Organization\",\"@id\":\"https:\\\/\\\/www.aram-clinic-tunisie.com\\\/en#organization\",\"name\":\"Agence tourisme m\u00e9dical Tunisie : S\u00e9jour m\u00e9dical - Aram Clinic\",\"url\":\"https:\\\/\\\/www.aram-clinic-tunisie.com\\\/en\",\"logo\":{\"@type\":\"ImageObject\",\"inLanguage\":\"en-US\",\"@id\":\"https:\\\/\\\/www.aram-clinic-tunisie.com\\\/en#\\\/schema\\\/logo\\\/image\\\/\",\"url\":\"https:\\\/\\\/www.aram-clinic-tunisie.com\\\/wp-content\\\/uploads\\\/2024\\\/06\\\/logo.webp\",\"contentUrl\":\"https:\\\/\\\/www.aram-clinic-tunisie.com\\\/wp-content\\\/uploads\\\/2024\\\/06\\\/logo.webp\",\"width\":153,\"height\":60,\"caption\":\"Agence tourisme m\u00e9dical Tunisie : S\u00e9jour m\u00e9dical - Aram Clinic\"},\"image\":{\"@id\":\"https:\\\/\\\/www.aram-clinic-tunisie.com\\\/en#\\\/schema\\\/logo\\\/image\\\/\"}}]}<\/script>\n<!-- \/ Yoast SEO plugin. -->","yoast_head_json":{"title":"Arm lift Tunisia : to remove excess and sagging skin from the arms","description":"Arm lift in Tunisia is a plastic intervention in which the surgeon removes excess and sagging skin from the arms for a firmer appearance.","robots":{"index":"index","follow":"follow","max-snippet":"max-snippet:-1","max-image-preview":"max-image-preview:large","max-video-preview":"max-video-preview:-1"},"canonical":"https:\/\/www.aram-clinic-tunisie.com\/en\/arm-lift","og_locale":"en_US","og_type":"article","og_title":"Arm lift Tunisia : to remove excess and sagging skin from the arms","og_description":"Arm lift in Tunisia is a plastic intervention in which the surgeon removes excess and sagging skin from the arms for a firmer appearance.","og_url":"https:\/\/www.aram-clinic-tunisie.com\/en\/arm-lift","og_site_name":"Agence tourisme m\u00e9dical Tunisie : S\u00e9jour m\u00e9dical - Aram Clinic","article_modified_time":"2025-05-09T07:34:29+00:00","og_image":[{"url":"https:\/\/www.aram-clinic-tunisie.com\/wp-content\/uploads\/2024\/06\/lifting-bras-img1.webp","type":"","width":"","height":""}],"twitter_card":"summary_large_image","twitter_misc":{"Est. reading time":"6 minutes"},"schema":{"@context":"https:\/\/schema.org","@graph":[{"@type":"WebPage","@id":"https:\/\/www.aram-clinic-tunisie.com\/en\/arm-lift","url":"https:\/\/www.aram-clinic-tunisie.com\/en\/arm-lift","name":"Arm lift Tunisia : to remove excess and sagging skin from the arms","isPartOf":{"@id":"https:\/\/www.aram-clinic-tunisie.com\/en#website"},"primaryImageOfPage":{"@id":"https:\/\/www.aram-clinic-tunisie.com\/en\/arm-lift#primaryimage"},"image":{"@id":"https:\/\/www.aram-clinic-tunisie.com\/en\/arm-lift#primaryimage"},"thumbnailUrl":"https:\/\/www.aram-clinic-tunisie.com\/wp-content\/uploads\/2024\/06\/lifting-bras-img1.webp","datePublished":"2024-06-19T10:20:36+00:00","dateModified":"2025-05-09T07:34:29+00:00","description":"Arm lift in Tunisia is a plastic intervention in which the surgeon removes excess and sagging skin from the arms for a firmer appearance.","breadcrumb":{"@id":"https:\/\/www.aram-clinic-tunisie.com\/en\/arm-lift#breadcrumb"},"inLanguage":"en-US","potentialAction":[{"@type":"ReadAction","target":["https:\/\/www.aram-clinic-tunisie.com\/en\/arm-lift"]}]},{"@type":"ImageObject","inLanguage":"en-US","@id":"https:\/\/www.aram-clinic-tunisie.com\/en\/arm-lift#primaryimage","url":"https:\/\/www.aram-clinic-tunisie.com\/wp-content\/uploads\/2024\/06\/lifting-bras-img1.webp","contentUrl":"https:\/\/www.aram-clinic-tunisie.com\/wp-content\/uploads\/2024\/06\/lifting-bras-img1.webp"},{"@type":"BreadcrumbList","@id":"https:\/\/www.aram-clinic-tunisie.com\/en\/arm-lift#breadcrumb","itemListElement":[{"@type":"ListItem","position":1,"name":"Accueil","item":"https:\/\/www.aram-clinic-tunisie.com\/en"},{"@type":"ListItem","position":2,"name":"Arm lift Tunisia : to remove excess and sagging skin from the arms"}]},{"@type":"WebSite","@id":"https:\/\/www.aram-clinic-tunisie.com\/en#website","url":"https:\/\/www.aram-clinic-tunisie.com\/en","name":"Agence tourisme m\u00e9dical Tunisie : S\u00e9jour m\u00e9dical - Aram Clinic","description":"","publisher":{"@id":"https:\/\/www.aram-clinic-tunisie.com\/en#organization"},"potentialAction":[{"@type":"SearchAction","target":{"@type":"EntryPoint","urlTemplate":"https:\/\/www.aram-clinic-tunisie.com\/en?s={search_term_string}"},"query-input":{"@type":"PropertyValueSpecification","valueRequired":true,"valueName":"search_term_string"}}],"inLanguage":"en-US"},{"@type":"Organization","@id":"https:\/\/www.aram-clinic-tunisie.com\/en#organization","name":"Agence tourisme m\u00e9dical Tunisie : S\u00e9jour m\u00e9dical - Aram Clinic","url":"https:\/\/www.aram-clinic-tunisie.com\/en","logo":{"@type":"ImageObject","inLanguage":"en-US","@id":"https:\/\/www.aram-clinic-tunisie.com\/en#\/schema\/logo\/image\/","url":"https:\/\/www.aram-clinic-tunisie.com\/wp-content\/uploads\/2024\/06\/logo.webp","contentUrl":"https:\/\/www.aram-clinic-tunisie.com\/wp-content\/uploads\/2024\/06\/logo.webp","width":153,"height":60,"caption":"Agence tourisme m\u00e9dical Tunisie : S\u00e9jour m\u00e9dical - Aram Clinic"},"image":{"@id":"https:\/\/www.aram-clinic-tunisie.com\/en#\/schema\/logo\/image\/"}}]}},"_links":{"self":[{"href":"https:\/\/www.aram-clinic-tunisie.com\/en\/wp-json\/wp\/v2\/pages\/3168","targetHints":{"allow":["GET"]}}],"collection":[{"href":"https:\/\/www.aram-clinic-tunisie.com\/en\/wp-json\/wp\/v2\/pages"}],"about":[{"href":"https:\/\/www.aram-clinic-tunisie.com\/en\/wp-json\/wp\/v2\/types\/page"}],"author":[{"embeddable":true,"href":"https:\/\/www.aram-clinic-tunisie.com\/en\/wp-json\/wp\/v2\/users\/1"}],"replies":[{"embeddable":true,"href":"https:\/\/www.aram-clinic-tunisie.com\/en\/wp-json\/wp\/v2\/comments?post=3168"}],"version-history":[{"count":25,"href":"https:\/\/www.aram-clinic-tunisie.com\/en\/wp-json\/wp\/v2\/pages\/3168\/revisions"}],"predecessor-version":[{"id":6159,"href":"https:\/\/www.aram-clinic-tunisie.com\/en\/wp-json\/wp\/v2\/pages\/3168\/revisions\/6159"}],"wp:attachment":[{"href":"https:\/\/www.aram-clinic-tunisie.com\/en\/wp-json\/wp\/v2\/media?parent=3168"}],"curies":[{"name":"wp","href":"https:\/\/api.w.org\/{rel}","templated":true}]}}