{"id":2988,"date":"2024-06-19T10:46:10","date_gmt":"2024-06-19T08:46:10","guid":{"rendered":"https:\/\/biancaview.com\/aram-clinic-tunisie.com\/augmentation-pommettes-tunisie-prix-implant-ou-injection"},"modified":"2025-05-09T09:57:34","modified_gmt":"2025-05-09T07:57:34","slug":"cheekbone-augmentation","status":"publish","type":"page","link":"https:\/\/www.aram-clinic-tunisie.com\/en\/cheekbone-augmentation","title":{"rendered":"Cheekbone augmentation Tunisia : increase the volume of cheekbones"},"content":{"rendered":"\t\t<div data-elementor-type=\"wp-page\" data-elementor-id=\"2988\" class=\"elementor elementor-2988\">\n\t\t\t\t<div class=\"elementor-element elementor-element-628ec94 e-con-full e-flex e-con e-parent\" data-id=\"628ec94\" data-element_type=\"container\">\n\t\t\t\t<div class=\"elementor-element elementor-element-205b0ed elementor-widget elementor-widget-html\" data-id=\"205b0ed\" data-element_type=\"widget\" data-widget_type=\"html.default\">\n\t\t\t\t<div class=\"elementor-widget-container\">\n\t\t\t<div class=\"swiper-intern\">\r\n    <div class=\"container-fluid intern-slider\">\r\n        <div class=\"bg-image-slider\"><\/div>\r\n        <div class=\"container dark swiper-intern-content\">\r\n            <div class=\"row no-padding\">\r\n                <div class=\"col-xl-8 intern-slider-content\">\r\n                    <p class=\"slider-title\">Aram Clinic: The leader in cosmetic surgery<\/p>\r\n                    \t\r\n<iframe src=\"https:\/\/app.metocrm.com\/web-forms\/e982d06f-6290-415f-bf56-b29f5e4295a1\"  height=\"800px\" width=\"100%\"  frameborder=\"0\" style=\"border-radius: 10px;\"><\/iframe>\r\n                <\/div>\r\n            <\/div>\r\n        <\/div>\r\n        <div class=\"container light\">\r\n            <div class=\"row no-padding  column-reverse\">\r\n                <div class=\"col-lg-8 no-padding\">\r\n                    <div>\r\n                        <h1>Cheekbone augmentation Tunisia<\/h1>\r\n                        <p>Cheekbone augmentation transforms the appearance of a face, leaving it with a fresher,\r\n                            rejuvenated and firmer image.\r\n                        <\/p>\r\n                        <p>Medically, the cheekbones are a small bone in our skull that is located parallel to the nose,\r\n                            just at the top of the\r\n                            cheeks.<\/p>\r\n                        <p>However, when we talk about cheekbones, we are referring to the entire section of the face\r\n                            including the musculature\r\n                            and skin that lies on top of the skull. <\/p>\r\n                        <p>So a cheekbone augmentation is a procedure that aims at raising the volume of the dermal\r\n                            surface in order to obtain a\r\n                            more stylized and attractive appearance. <\/p>\r\n                    <\/div>\r\n                <\/div>\r\n                <div class=\"col-lg-4 change-mobile-order\">\r\n                    <a href=\"https:\/\/www.aram-clinic-tunisie.com\/en\/quote\">\r\n                        <div class=\"btn-devis\">\r\n                            <div class=\"btn-devis-img\"><\/div>\r\n                            <div class=\"absolute-btn-content\">\r\n                                <p>Express Quote<\/p>\r\n                            <\/div>\r\n                        <\/div>\r\n                    <\/a>\r\n                <\/div>\r\n            <\/div>\r\n        <\/div>\r\n    <\/div>\r\n<\/div>\r\n\t\t<\/div>\n\t\t\t\t<\/div>\n\t\t\t\t<\/div>\n\t\t<div class=\"elementor-element elementor-element-52f645a light e-flex e-con-boxed e-con e-parent\" data-id=\"52f645a\" data-element_type=\"container\">\n\t\t\t\t\t<div class=\"e-con-inner\">\n\t\t<div class=\"elementor-element elementor-element-0202912 e-con-full e-flex e-con e-child\" data-id=\"0202912\" data-element_type=\"container\">\n\t\t\t\t<div class=\"elementor-element elementor-element-40550c2 elementor-widget elementor-widget-html\" data-id=\"40550c2\" data-element_type=\"widget\" data-widget_type=\"html.default\">\n\t\t\t\t<div class=\"elementor-widget-container\">\n\t\t\t<img decoding=\"async\" class=\"\" src=\"https:\/\/www.aram-clinic-tunisie.com\/wp-content\/uploads\/2024\/06\/augmentation-pommettes-img1.webp\" alt=\"augmentation pommettes tunisie\">\t\t<\/div>\n\t\t\t\t<\/div>\n\t\t\t\t<\/div>\n\t\t<div class=\"elementor-element elementor-element-9b9289b e-con-full d-flex justify-content-center flex-column align-items-start e-flex e-con e-child\" data-id=\"9b9289b\" data-element_type=\"container\">\n\t\t\t\t<div class=\"elementor-element elementor-element-3e17e9c elementor-widget elementor-widget-html\" data-id=\"3e17e9c\" data-element_type=\"widget\" data-widget_type=\"html.default\">\n\t\t\t\t<div class=\"elementor-widget-container\">\n\t\t\t<div>\r\n    <h2>Cheekbone augmentation Tunisia : how about the price ?<\/h2>\r\n    <p>To have the price cheekbone augmentation Tunisia, ask for a free quote or contact us on our phone\r\n        numbers that you will find on our website for more information, we will be pleased to answer all\r\n        your questions and guide you throughout your medical stay.<\/p>\r\n    <h2>Why is it performed ?<\/h2>\r\n    <p>The passage of time and gravity cause the aging of the face which among other signs leads to\r\n        sagging skin. These signs are especially visible on the face and can even change the facial\r\n        expressions, revealing a sadder and tired face. Specifically in the cheekbones, the\r\n        accumulated fat and skin precipitate, so that the cheeks look deflated and affect the\r\n        overall appearance of the face.<\/p>\r\n    <p>For this reason, many patients choose cheekbone augmentation Tunisia as a facial rejuvenation\r\n        treatment to improve the overall appearance of the face.<\/p>\r\n    <p>Moreover, This operation will allow them to feel in harmony with themselves by having a more\r\n        harmonious and youthful face.<\/p>\r\n    <p>It is for patients in a good health and with realistic expectations.<\/p>\r\n<\/div>\r\n\t\t<\/div>\n\t\t\t\t<\/div>\n\t\t\t\t<\/div>\n\t\t\t\t\t<\/div>\n\t\t\t\t<\/div>\n\t\t<div class=\"elementor-element elementor-element-f9626cd e-con-full e-flex e-con e-parent\" data-id=\"f9626cd\" data-element_type=\"container\">\n\t\t\t\t<div class=\"elementor-element elementor-element-fad1634 elementor-widget elementor-widget-html\" data-id=\"fad1634\" data-element_type=\"widget\" data-widget_type=\"html.default\">\n\t\t\t\t<div class=\"elementor-widget-container\">\n\t\t\t<div class=\"bg-form4-1 no-padding\">\r\n    <div class=\"container dark\">\r\n        <div class=\"row no-padding\">\r\n            <div class=\"col-xl-7 d-flex justify-content-center flex-column align-items-start\">\r\n                <div>\r\n                    <h2>Preoperative consultation<\/h2>\r\n                    <p>Before your cheekbone augmentation Tunisia and before any other intervention, the patient\r\n                        must meet the surgeon for a first consultation in order to diagnose him\/her and examine\r\n                        his\/her state of health.<\/p>\r\n                    <p>He\/she will ask him\/her questions about his\/her medical history (the surgeries he\/she has\r\n                        undergone before, the treatment he\/she is taking, whether he\/she suffers from certain\r\n                        diseases, he\/she will also give him\/her instructions that he\/she must follow before and\r\n                        after the procedure.<\/p>\r\n                    <p>Medications containing aspirin as well as smoking must be stopped before the\r\n                        intervention.<\/p>\r\n                    <p>The patient must do blood analysis before the operation.<\/p>\r\n                    <h2>The procedure<\/h2>\r\n                    <p>Cheekbone augmentation surgery is performed under general anaesthesia.<\/p>\r\n                    <p>The prosthesis is introduced through an incision placed inside the mouth or on the edge of the\r\n                        lower eyelid, blepharoplasty type. If a facelift or blepharoplasty is performed at the same\r\n                        time, the same access routes can be used. The implants must be placed precisely and\r\n                        symmetrically and, depending on the type, may be secured with stitches to prevent displacement.\r\n                    <\/p>\r\n                <\/div>\r\n            <\/div>\r\n            <div class=\"col-xl-5 no-padding d-flex justify-content-center flex-column\">\r\n                <img decoding=\"async\" class=\"\" src=\"https:\/\/www.aram-clinic-tunisie.com\/wp-content\/uploads\/2024\/06\/augmentation-pommettes-img2.webp\"\r\n                    alt=\"augmentation pommettes prix tunisie\">\r\n            <\/div>\r\n        <\/div>\r\n    <\/div>\r\n<\/div>\r\n\t\t<\/div>\n\t\t\t\t<\/div>\n\t\t\t\t<\/div>\n\t\t<div class=\"elementor-element elementor-element-e73e23f light e-flex e-con-boxed e-con e-parent\" data-id=\"e73e23f\" data-element_type=\"container\">\n\t\t\t\t\t<div class=\"e-con-inner\">\n\t\t<div class=\"elementor-element elementor-element-34151c6 e-con-full e-flex e-con e-child\" data-id=\"34151c6\" data-element_type=\"container\">\n\t\t\t\t<div class=\"elementor-element elementor-element-5c35451 elementor-widget elementor-widget-html\" data-id=\"5c35451\" data-element_type=\"widget\" data-widget_type=\"html.default\">\n\t\t\t\t<div class=\"elementor-widget-container\">\n\t\t\t<img decoding=\"async\" class=\"\" src=\"https:\/\/www.aram-clinic-tunisie.com\/wp-content\/uploads\/2024\/06\/augmentation-pommettes-img3.webp\" alt=\"implant pommette tunisie\">\t\t<\/div>\n\t\t\t\t<\/div>\n\t\t\t\t<\/div>\n\t\t<div class=\"elementor-element elementor-element-1fc874e e-con-full d-flex justify-content-center flex-column align-items-start e-flex e-con e-child\" data-id=\"1fc874e\" data-element_type=\"container\">\n\t\t\t\t<div class=\"elementor-element elementor-element-58a3563 elementor-widget elementor-widget-html\" data-id=\"58a3563\" data-element_type=\"widget\" data-widget_type=\"html.default\">\n\t\t\t\t<div class=\"elementor-widget-container\">\n\t\t\t<div>\r\n    <h2 style=\"text-align: center;\">After cheekbone augmentation Tunisia<\/h2>\r\n    <p>After cheekbone augmentation Tunisia, there is usually some edema of the region associated with\r\n        ecchymosis of the face for a few days, it is a normal phenomenon, they will diseappear rapidly with\r\n        time. <\/p>\r\n    <p>The surgeon will prescribe you painkillers in order to alleviate the postoperative pain and for more\r\n        comfort after the intervention.<\/p>\r\n    <p>It is therefore necessary to rest and plan for abstention from work and social life for about a week.\r\n    <\/p>\r\n    <p>Sports activities must also be stopped and resumed with the consent of your surgeon.<\/p>\r\n<\/div>\r\n\t\t<\/div>\n\t\t\t\t<\/div>\n\t\t\t\t<\/div>\n\t\t\t\t\t<\/div>\n\t\t\t\t<\/div>\n\t\t<div class=\"elementor-element elementor-element-53607a3 e-con-full e-flex e-con e-parent\" data-id=\"53607a3\" data-element_type=\"container\">\n\t\t\t\t<div class=\"elementor-element elementor-element-c7f9710 elementor-widget elementor-widget-html\" data-id=\"c7f9710\" data-element_type=\"widget\" data-widget_type=\"html.default\">\n\t\t\t\t<div class=\"elementor-widget-container\">\n\t\t\t<div class=\"bg-augmentation-pommettes-form no-padding\">\r\n    <div class=\"container light\">\r\n        <div class=\"row no-padding\">\r\n            <div class=\"col-xl-4 d-flex justify-content-end align-items-start\">\r\n                <a href=\"https:\/\/www.aram-clinic-tunisie.com\/en\/quote\">\r\n                    <div class=\"btn-devis\">\r\n                        <div class=\"btn-devis-img\"><\/div>\r\n                        <div class=\"absolute-btn-content\">\r\n                            <p>Express Quote<\/p>\r\n                        <\/div>\r\n                    <\/div>\r\n                <\/a>\r\n            <\/div>\r\n            <div class=\"col-xl-8 change-mobile-order\">\r\n                <h2>The result<\/h2>\r\n                <p>The result can be fully evaluated not earlier than one to two months, but the final one will be\r\n                    appreciated after about nine months.<\/p>\r\n                <p>The patient will have well-defined cheekbones in harmony with the rest of the face which will allow\r\n                    him\/her to regain confidence by having a more beautiful facial appearance.<\/p>\r\n                <h2>Its effects<\/h2>\r\n                <p>When you undergo a cheekbone augmentation you get a very significant rejuvenation of your\r\n                    face. You recover a lot of firmness by tightening the skin that has lost elasticity and\r\n                    volume over the years.\r\n                    <br \/>\r\n                    This is a muscular section that also loses resistance and mobility. So an aesthetic change\r\n                    makes your facial expressions look like those you had in your past.\r\n                <\/p>\r\n                <p>On the other hand, if aging is not a problem for you because you are going through your\r\n                    younger years, you can be sure that many benefits abound for your face if you have a\r\n                    cheekbone augmentation since this is a change that gives a lot of fullness to your\r\n                    cheekbones, correcting several facial asymmetries and harmonizing the features of your daily\r\n                    gestures.<\/p>\r\n            <\/div>\r\n        <\/div>\r\n    <\/div>\r\n    <img decoding=\"async\" class=\"display-on-mobile\" style=\"position:relative;z-index: -3;\"\r\n        src=\".\/wp-content\/uploads\/2024\/06\/augmentation-pommettes-form.webp\" alt=\"se faire refaire le nez en tunisie\">\r\n<\/div>\r\n\t\t<\/div>\n\t\t\t\t<\/div>\n\t\t\t\t<\/div>\n\t\t<div class=\"elementor-element elementor-element-280cae7 e-grid e-con-boxed e-con e-parent\" data-id=\"280cae7\" data-element_type=\"container\">\n\t\t\t\t\t<div class=\"e-con-inner\">\n\t\t\t\t\t<\/div>\n\t\t\t\t<\/div>\n\t\t\t\t<\/div>\n\t\t","protected":false},"excerpt":{"rendered":"<p>Aram Clinic: The leader in cosmetic surgery Cheekbone augmentation Tunisia Cheekbone augmentation transforms the appearance of a face, leaving it with a fresher, rejuvenated and firmer image. Medically, the cheekbones are a small bone in our skull that is located parallel to the nose, just at the top of the cheeks. However, when we talk [&hellip;]<\/p>\n","protected":false},"author":1,"featured_media":0,"parent":0,"menu_order":0,"comment_status":"closed","ping_status":"closed","template":"","meta":{"footnotes":""},"class_list":["post-2988","page","type-page","status-publish","hentry"],"yoast_head":"<!-- This site is optimized with the Yoast SEO plugin v27.3 - https:\/\/yoast.com\/product\/yoast-seo-wordpress\/ -->\n<title>Cheekbone augmentation Tunisia : increase the volume of cheekbones<\/title>\n<meta name=\"description\" content=\"Cheekbone augmentation in Tunisia is a cosmetic intervention to increase the volume of the cheekbones at an interesting price for a youtfhum face.\" \/>\n<meta name=\"robots\" content=\"index, follow, max-snippet:-1, max-image-preview:large, max-video-preview:-1\" \/>\n<link rel=\"canonical\" href=\"https:\/\/www.aram-clinic-tunisie.com\/en\/cheekbone-augmentation\" \/>\n<meta property=\"og:locale\" content=\"en_US\" \/>\n<meta property=\"og:type\" content=\"article\" \/>\n<meta property=\"og:title\" content=\"Cheekbone augmentation Tunisia : increase the volume of cheekbones\" \/>\n<meta property=\"og:description\" content=\"Cheekbone augmentation in Tunisia is a cosmetic intervention to increase the volume of the cheekbones at an interesting price for a youtfhum face.\" \/>\n<meta property=\"og:url\" content=\"https:\/\/www.aram-clinic-tunisie.com\/en\/cheekbone-augmentation\" \/>\n<meta property=\"og:site_name\" content=\"Agence tourisme m\u00e9dical Tunisie : S\u00e9jour m\u00e9dical - Aram Clinic\" \/>\n<meta property=\"article:modified_time\" content=\"2025-05-09T07:57:34+00:00\" \/>\n<meta property=\"og:image\" content=\"https:\/\/www.aram-clinic-tunisie.com\/wp-content\/uploads\/2024\/06\/augmentation-pommettes-img1.webp\" \/>\n<meta name=\"twitter:card\" content=\"summary_large_image\" \/>\n<meta name=\"twitter:label1\" content=\"Est. reading time\" \/>\n\t<meta name=\"twitter:data1\" content=\"5 minutes\" \/>\n<script type=\"application\/ld+json\" class=\"yoast-schema-graph\">{\"@context\":\"https:\\\/\\\/schema.org\",\"@graph\":[{\"@type\":\"WebPage\",\"@id\":\"https:\\\/\\\/www.aram-clinic-tunisie.com\\\/en\\\/cheekbone-augmentation\",\"url\":\"https:\\\/\\\/www.aram-clinic-tunisie.com\\\/en\\\/cheekbone-augmentation\",\"name\":\"Cheekbone augmentation Tunisia : increase the volume of cheekbones\",\"isPartOf\":{\"@id\":\"https:\\\/\\\/www.aram-clinic-tunisie.com\\\/en#website\"},\"primaryImageOfPage\":{\"@id\":\"https:\\\/\\\/www.aram-clinic-tunisie.com\\\/en\\\/cheekbone-augmentation#primaryimage\"},\"image\":{\"@id\":\"https:\\\/\\\/www.aram-clinic-tunisie.com\\\/en\\\/cheekbone-augmentation#primaryimage\"},\"thumbnailUrl\":\"https:\\\/\\\/www.aram-clinic-tunisie.com\\\/wp-content\\\/uploads\\\/2024\\\/06\\\/augmentation-pommettes-img1.webp\",\"datePublished\":\"2024-06-19T08:46:10+00:00\",\"dateModified\":\"2025-05-09T07:57:34+00:00\",\"description\":\"Cheekbone augmentation in Tunisia is a cosmetic intervention to increase the volume of the cheekbones at an interesting price for a youtfhum face.\",\"breadcrumb\":{\"@id\":\"https:\\\/\\\/www.aram-clinic-tunisie.com\\\/en\\\/cheekbone-augmentation#breadcrumb\"},\"inLanguage\":\"en-US\",\"potentialAction\":[{\"@type\":\"ReadAction\",\"target\":[\"https:\\\/\\\/www.aram-clinic-tunisie.com\\\/en\\\/cheekbone-augmentation\"]}]},{\"@type\":\"ImageObject\",\"inLanguage\":\"en-US\",\"@id\":\"https:\\\/\\\/www.aram-clinic-tunisie.com\\\/en\\\/cheekbone-augmentation#primaryimage\",\"url\":\"https:\\\/\\\/www.aram-clinic-tunisie.com\\\/wp-content\\\/uploads\\\/2024\\\/06\\\/augmentation-pommettes-img1.webp\",\"contentUrl\":\"https:\\\/\\\/www.aram-clinic-tunisie.com\\\/wp-content\\\/uploads\\\/2024\\\/06\\\/augmentation-pommettes-img1.webp\"},{\"@type\":\"BreadcrumbList\",\"@id\":\"https:\\\/\\\/www.aram-clinic-tunisie.com\\\/en\\\/cheekbone-augmentation#breadcrumb\",\"itemListElement\":[{\"@type\":\"ListItem\",\"position\":1,\"name\":\"Accueil\",\"item\":\"https:\\\/\\\/www.aram-clinic-tunisie.com\\\/en\"},{\"@type\":\"ListItem\",\"position\":2,\"name\":\"Cheekbone augmentation Tunisia : increase the volume of cheekbones\"}]},{\"@type\":\"WebSite\",\"@id\":\"https:\\\/\\\/www.aram-clinic-tunisie.com\\\/en#website\",\"url\":\"https:\\\/\\\/www.aram-clinic-tunisie.com\\\/en\",\"name\":\"Agence tourisme m\u00e9dical Tunisie : S\u00e9jour m\u00e9dical - Aram Clinic\",\"description\":\"\",\"publisher\":{\"@id\":\"https:\\\/\\\/www.aram-clinic-tunisie.com\\\/en#organization\"},\"potentialAction\":[{\"@type\":\"SearchAction\",\"target\":{\"@type\":\"EntryPoint\",\"urlTemplate\":\"https:\\\/\\\/www.aram-clinic-tunisie.com\\\/en?s={search_term_string}\"},\"query-input\":{\"@type\":\"PropertyValueSpecification\",\"valueRequired\":true,\"valueName\":\"search_term_string\"}}],\"inLanguage\":\"en-US\"},{\"@type\":\"Organization\",\"@id\":\"https:\\\/\\\/www.aram-clinic-tunisie.com\\\/en#organization\",\"name\":\"Agence tourisme m\u00e9dical Tunisie : S\u00e9jour m\u00e9dical - Aram Clinic\",\"url\":\"https:\\\/\\\/www.aram-clinic-tunisie.com\\\/en\",\"logo\":{\"@type\":\"ImageObject\",\"inLanguage\":\"en-US\",\"@id\":\"https:\\\/\\\/www.aram-clinic-tunisie.com\\\/en#\\\/schema\\\/logo\\\/image\\\/\",\"url\":\"https:\\\/\\\/www.aram-clinic-tunisie.com\\\/wp-content\\\/uploads\\\/2024\\\/06\\\/logo.webp\",\"contentUrl\":\"https:\\\/\\\/www.aram-clinic-tunisie.com\\\/wp-content\\\/uploads\\\/2024\\\/06\\\/logo.webp\",\"width\":153,\"height\":60,\"caption\":\"Agence tourisme m\u00e9dical Tunisie : S\u00e9jour m\u00e9dical - Aram Clinic\"},\"image\":{\"@id\":\"https:\\\/\\\/www.aram-clinic-tunisie.com\\\/en#\\\/schema\\\/logo\\\/image\\\/\"}}]}<\/script>\n<!-- \/ Yoast SEO plugin. -->","yoast_head_json":{"title":"Cheekbone augmentation Tunisia : increase the volume of cheekbones","description":"Cheekbone augmentation in Tunisia is a cosmetic intervention to increase the volume of the cheekbones at an interesting price for a youtfhum face.","robots":{"index":"index","follow":"follow","max-snippet":"max-snippet:-1","max-image-preview":"max-image-preview:large","max-video-preview":"max-video-preview:-1"},"canonical":"https:\/\/www.aram-clinic-tunisie.com\/en\/cheekbone-augmentation","og_locale":"en_US","og_type":"article","og_title":"Cheekbone augmentation Tunisia : increase the volume of cheekbones","og_description":"Cheekbone augmentation in Tunisia is a cosmetic intervention to increase the volume of the cheekbones at an interesting price for a youtfhum face.","og_url":"https:\/\/www.aram-clinic-tunisie.com\/en\/cheekbone-augmentation","og_site_name":"Agence tourisme m\u00e9dical Tunisie : S\u00e9jour m\u00e9dical - Aram Clinic","article_modified_time":"2025-05-09T07:57:34+00:00","og_image":[{"url":"https:\/\/www.aram-clinic-tunisie.com\/wp-content\/uploads\/2024\/06\/augmentation-pommettes-img1.webp","type":"","width":"","height":""}],"twitter_card":"summary_large_image","twitter_misc":{"Est. reading time":"5 minutes"},"schema":{"@context":"https:\/\/schema.org","@graph":[{"@type":"WebPage","@id":"https:\/\/www.aram-clinic-tunisie.com\/en\/cheekbone-augmentation","url":"https:\/\/www.aram-clinic-tunisie.com\/en\/cheekbone-augmentation","name":"Cheekbone augmentation Tunisia : increase the volume of cheekbones","isPartOf":{"@id":"https:\/\/www.aram-clinic-tunisie.com\/en#website"},"primaryImageOfPage":{"@id":"https:\/\/www.aram-clinic-tunisie.com\/en\/cheekbone-augmentation#primaryimage"},"image":{"@id":"https:\/\/www.aram-clinic-tunisie.com\/en\/cheekbone-augmentation#primaryimage"},"thumbnailUrl":"https:\/\/www.aram-clinic-tunisie.com\/wp-content\/uploads\/2024\/06\/augmentation-pommettes-img1.webp","datePublished":"2024-06-19T08:46:10+00:00","dateModified":"2025-05-09T07:57:34+00:00","description":"Cheekbone augmentation in Tunisia is a cosmetic intervention to increase the volume of the cheekbones at an interesting price for a youtfhum face.","breadcrumb":{"@id":"https:\/\/www.aram-clinic-tunisie.com\/en\/cheekbone-augmentation#breadcrumb"},"inLanguage":"en-US","potentialAction":[{"@type":"ReadAction","target":["https:\/\/www.aram-clinic-tunisie.com\/en\/cheekbone-augmentation"]}]},{"@type":"ImageObject","inLanguage":"en-US","@id":"https:\/\/www.aram-clinic-tunisie.com\/en\/cheekbone-augmentation#primaryimage","url":"https:\/\/www.aram-clinic-tunisie.com\/wp-content\/uploads\/2024\/06\/augmentation-pommettes-img1.webp","contentUrl":"https:\/\/www.aram-clinic-tunisie.com\/wp-content\/uploads\/2024\/06\/augmentation-pommettes-img1.webp"},{"@type":"BreadcrumbList","@id":"https:\/\/www.aram-clinic-tunisie.com\/en\/cheekbone-augmentation#breadcrumb","itemListElement":[{"@type":"ListItem","position":1,"name":"Accueil","item":"https:\/\/www.aram-clinic-tunisie.com\/en"},{"@type":"ListItem","position":2,"name":"Cheekbone augmentation Tunisia : increase the volume of cheekbones"}]},{"@type":"WebSite","@id":"https:\/\/www.aram-clinic-tunisie.com\/en#website","url":"https:\/\/www.aram-clinic-tunisie.com\/en","name":"Agence tourisme m\u00e9dical Tunisie : S\u00e9jour m\u00e9dical - Aram Clinic","description":"","publisher":{"@id":"https:\/\/www.aram-clinic-tunisie.com\/en#organization"},"potentialAction":[{"@type":"SearchAction","target":{"@type":"EntryPoint","urlTemplate":"https:\/\/www.aram-clinic-tunisie.com\/en?s={search_term_string}"},"query-input":{"@type":"PropertyValueSpecification","valueRequired":true,"valueName":"search_term_string"}}],"inLanguage":"en-US"},{"@type":"Organization","@id":"https:\/\/www.aram-clinic-tunisie.com\/en#organization","name":"Agence tourisme m\u00e9dical Tunisie : S\u00e9jour m\u00e9dical - Aram Clinic","url":"https:\/\/www.aram-clinic-tunisie.com\/en","logo":{"@type":"ImageObject","inLanguage":"en-US","@id":"https:\/\/www.aram-clinic-tunisie.com\/en#\/schema\/logo\/image\/","url":"https:\/\/www.aram-clinic-tunisie.com\/wp-content\/uploads\/2024\/06\/logo.webp","contentUrl":"https:\/\/www.aram-clinic-tunisie.com\/wp-content\/uploads\/2024\/06\/logo.webp","width":153,"height":60,"caption":"Agence tourisme m\u00e9dical Tunisie : S\u00e9jour m\u00e9dical - Aram Clinic"},"image":{"@id":"https:\/\/www.aram-clinic-tunisie.com\/en#\/schema\/logo\/image\/"}}]}},"_links":{"self":[{"href":"https:\/\/www.aram-clinic-tunisie.com\/en\/wp-json\/wp\/v2\/pages\/2988","targetHints":{"allow":["GET"]}}],"collection":[{"href":"https:\/\/www.aram-clinic-tunisie.com\/en\/wp-json\/wp\/v2\/pages"}],"about":[{"href":"https:\/\/www.aram-clinic-tunisie.com\/en\/wp-json\/wp\/v2\/types\/page"}],"author":[{"embeddable":true,"href":"https:\/\/www.aram-clinic-tunisie.com\/en\/wp-json\/wp\/v2\/users\/1"}],"replies":[{"embeddable":true,"href":"https:\/\/www.aram-clinic-tunisie.com\/en\/wp-json\/wp\/v2\/comments?post=2988"}],"version-history":[{"count":13,"href":"https:\/\/www.aram-clinic-tunisie.com\/en\/wp-json\/wp\/v2\/pages\/2988\/revisions"}],"predecessor-version":[{"id":6233,"href":"https:\/\/www.aram-clinic-tunisie.com\/en\/wp-json\/wp\/v2\/pages\/2988\/revisions\/6233"}],"wp:attachment":[{"href":"https:\/\/www.aram-clinic-tunisie.com\/en\/wp-json\/wp\/v2\/media?parent=2988"}],"curies":[{"name":"wp","href":"https:\/\/api.w.org\/{rel}","templated":true}]}}