{"id":2985,"date":"2024-06-19T10:44:46","date_gmt":"2024-06-19T08:44:46","guid":{"rendered":"https:\/\/biancaview.com\/aram-clinic-tunisie.com\/liposuccion-double-menton-tunisie-prix-chirurgie-graisse-cou"},"modified":"2025-05-09T09:57:39","modified_gmt":"2025-05-09T07:57:39","slug":"chin-liposuction","status":"publish","type":"page","link":"https:\/\/www.aram-clinic-tunisie.com\/en\/chin-liposuction","title":{"rendered":"Chin liposuction Tunisia : a harmonious chin Tunisia price, quote"},"content":{"rendered":"\t\t<div data-elementor-type=\"wp-page\" data-elementor-id=\"2985\" class=\"elementor elementor-2985\">\n\t\t\t\t<div class=\"elementor-element elementor-element-2be41ab e-con-full e-flex e-con e-parent\" data-id=\"2be41ab\" data-element_type=\"container\">\n\t\t\t\t<div class=\"elementor-element elementor-element-76cf8d9 elementor-widget elementor-widget-html\" data-id=\"76cf8d9\" data-element_type=\"widget\" data-widget_type=\"html.default\">\n\t\t\t\t<div class=\"elementor-widget-container\">\n\t\t\t<div class=\"swiper-intern\">\r\n    <div class=\"container-fluid intern-slider\">\r\n        <div class=\"bg-image-slider\"><\/div>\r\n        <div class=\"container dark swiper-intern-content\">\r\n            <div class=\"row no-padding\">\r\n                <div class=\"col-xl-8 intern-slider-content\">\r\n                    <p class=\"slider-title\">Aram Clinic: The leader in cosmetic surgery<\/p>\r\n                    \t\r\n<iframe src=\"https:\/\/app.metocrm.com\/web-forms\/e982d06f-6290-415f-bf56-b29f5e4295a1\"  height=\"800px\" width=\"100%\"  frameborder=\"0\" style=\"border-radius: 10px;\"><\/iframe>\r\n                <\/div>\r\n            <\/div>\r\n        <\/div>\r\n        <div class=\"container light\">\r\n            <div class=\"row no-padding  column-reverse\">\r\n                <div class=\"col-lg-8 no-padding\">\r\n                    <div>\r\n                        <h1>Chin liposuction Tunisia<\/h1>\r\n                        <p>The liposuction method which is a plastic surgery is also suitable for patients who suffer\r\n                            from an unsightly double\r\n                            chin. <\/p>\r\n                        <p>Chin liposuction is only a minor procedure in which the surgeon will remove the annoying\r\n                            hanging fat pads on your\r\n                            chin and make you look fresh again.<\/p>\r\n                    <\/div>\r\n                <\/div>\r\n                <div class=\"col-lg-4 change-mobile-order\">\r\n                    <a href=\"https:\/\/www.aram-clinic-tunisie.com\/en\/quote\">\r\n                        <div class=\"btn-devis\">\r\n                            <div class=\"btn-devis-img\"><\/div>\r\n                            <div class=\"absolute-btn-content\">\r\n                                <p>Express Quote<\/p>\r\n                            <\/div>\r\n                        <\/div>\r\n                    <\/a>\r\n                <\/div>\r\n            <\/div>\r\n        <\/div>\r\n    <\/div>\r\n<\/div>\r\n\t\t<\/div>\n\t\t\t\t<\/div>\n\t\t\t\t<\/div>\n\t\t<div class=\"elementor-element elementor-element-3017385 light e-flex e-con-boxed e-con e-parent\" data-id=\"3017385\" data-element_type=\"container\">\n\t\t\t\t\t<div class=\"e-con-inner\">\n\t\t<div class=\"elementor-element elementor-element-6c49cd1 e-con-full e-flex e-con e-child\" data-id=\"6c49cd1\" data-element_type=\"container\">\n\t\t\t\t<div class=\"elementor-element elementor-element-fc070f4 elementor-widget elementor-widget-html\" data-id=\"fc070f4\" data-element_type=\"widget\" data-widget_type=\"html.default\">\n\t\t\t\t<div class=\"elementor-widget-container\">\n\t\t\t<img decoding=\"async\" class=\"\" src=\"https:\/\/www.aram-clinic-tunisie.com\/wp-content\/uploads\/2024\/06\/lipoaspiration-cervicale-img1.webp\" alt=\"liposuccion menton tunisie\">\t\t<\/div>\n\t\t\t\t<\/div>\n\t\t\t\t<\/div>\n\t\t<div class=\"elementor-element elementor-element-9951681 e-con-full d-flex justify-content-center flex-column align-items-start e-flex e-con e-child\" data-id=\"9951681\" data-element_type=\"container\">\n\t\t\t\t<div class=\"elementor-element elementor-element-c5f0394 elementor-widget elementor-widget-html\" data-id=\"c5f0394\" data-element_type=\"widget\" data-widget_type=\"html.default\">\n\t\t\t\t<div class=\"elementor-widget-container\">\n\t\t\t<div>\r\n    <h2>Chin liposuction Tunisia : the cost<\/h2>\r\n    <p>The price <b>chin liposuction Tunisia<\/b> is affordable, ask for a free quote to get its cost, you\r\n        have also the possibility to contact us by phone, our counselors will be pleased to guide you and\r\n        answer all your questions about the procedure.<\/p>\r\n    <h2>Who can opt for chin liposuction ?<\/h2>\r\n    <p>Chin Liposuction is for people who are bothered by the appearance of their chin and feel\r\n        embarrassed when looking at themselves in the mirror. It is also ideal for those who want a\r\n        more toned jawline to balance their chiseled cheekbones and jawline.<\/p>\r\n    <p>Many patients who undergo chin liposuction want to get rid of extra fat in the chin, but are\r\n        also interested in reshaping the jawline and neck.<\/p>\r\n    <p>This intervention is for patients in a good health and with realistic expectations.<\/p>\r\n<\/div>\r\n\t\t<\/div>\n\t\t\t\t<\/div>\n\t\t\t\t<\/div>\n\t\t\t\t\t<\/div>\n\t\t\t\t<\/div>\n\t\t<div class=\"elementor-element elementor-element-b193722 e-con-full e-flex e-con e-parent\" data-id=\"b193722\" data-element_type=\"container\">\n\t\t\t\t<div class=\"elementor-element elementor-element-d2bdee0 elementor-widget elementor-widget-html\" data-id=\"d2bdee0\" data-element_type=\"widget\" data-widget_type=\"html.default\">\n\t\t\t\t<div class=\"elementor-widget-container\">\n\t\t\t<div class=\"bg-form4-1 no-padding\">\r\n    <div class=\"container dark\">\r\n        <div class=\"row no-padding\">\r\n            <div class=\"col-xl-7 d-flex justify-content-center flex-column align-items-start\">\r\n                <div>\r\n                    <h2>How to prepare for this procedure ?<\/h2>\r\n                    <p>If you are planning to undergo chin liposuction, keep the following tips in mind :\r\n                        <br \/>\r\n                        Talk to your plastic surgeon about the whole procedure from the beginning to the end :\r\n                        the incisions, the scars, the recovery period, the results, the advantages...\r\n                    <\/p>\r\n                    <p>Talk him\/her about what type of anaesthesia is right for you.<\/p>\r\n                    <p>Find out if there are any activities or foods you should avoid before and after the\r\n                        procedure.<\/p>\r\n                    <p>You may need to change your daily routine for a few weeks after chin liposuction. Many\r\n                        patients avoid lifting or straining for a few weeks to give the healing incisions time\r\n                        to recover.<\/p>\r\n\r\n                    <h2>Before the operation<\/h2>\r\n                    <p>Before <b>chin liposuction Tunisia<\/b>, the patient meets the plastic surgeon for a\r\n                        preoperative consultation during which he\/she will examine him\/her and ask him\/her\r\n                        questions about his\/her medical history : if he\/she is suffering from certain diseases,\r\n                        allergies, whether he\/she is taking medications...<\/p>\r\n                    <p>Then, he\/she undergoes the medical examination which is performed according to the\r\n                        following practice :<\/p>\r\n                    <p>He or she is measured in weight and height for assessment of BMI (Body Mass Index).<\/p>\r\n                    <p>He\/she is examined in a standing position to highlight the effect of gravity.<\/p>\r\n                <\/div>\r\n            <\/div>\r\n            <div class=\"col-xl-5 no-padding d-flex justify-content-center flex-column\">\r\n                <img decoding=\"async\" class=\"\"\r\n                    src=\"https:\/\/www.aram-clinic-tunisie.com\/wp-content\/uploads\/2024\/06\/lipoaspiration-cervicale-img2.webp\"\r\n                    alt=\"liposuccion menton prix tunisie\">\r\n            <\/div>\r\n        <\/div>\r\n    <\/div>\r\n<\/div>\r\n\t\t<\/div>\n\t\t\t\t<\/div>\n\t\t\t\t<\/div>\n\t\t<div class=\"elementor-element elementor-element-6932e5e light e-flex e-con-boxed e-con e-parent\" data-id=\"6932e5e\" data-element_type=\"container\">\n\t\t\t\t\t<div class=\"e-con-inner\">\n\t\t<div class=\"elementor-element elementor-element-9219e16 e-con-full e-flex e-con e-child\" data-id=\"9219e16\" data-element_type=\"container\">\n\t\t\t\t<div class=\"elementor-element elementor-element-2c199ba elementor-widget elementor-widget-html\" data-id=\"2c199ba\" data-element_type=\"widget\" data-widget_type=\"html.default\">\n\t\t\t\t<div class=\"elementor-widget-container\">\n\t\t\t<img decoding=\"async\" class=\"\" src=\"https:\/\/www.aram-clinic-tunisie.com\/wp-content\/uploads\/2024\/06\/lipoaspiration-cervicale-img3.webp\" alt=\"liposuccion double menton tunisie prix\">\t\t<\/div>\n\t\t\t\t<\/div>\n\t\t\t\t<\/div>\n\t\t<div class=\"elementor-element elementor-element-e482ceb e-con-full d-flex justify-content-center flex-column align-items-start e-flex e-con e-child\" data-id=\"e482ceb\" data-element_type=\"container\">\n\t\t\t\t<div class=\"elementor-element elementor-element-98b5baa elementor-widget elementor-widget-html\" data-id=\"98b5baa\" data-element_type=\"widget\" data-widget_type=\"html.default\">\n\t\t\t\t<div class=\"elementor-widget-container\">\n\t\t\t<div>\r\n    <p>Assessment of the degree of sagging of the areas to be treated : that of the chin is an\r\n        area very prone to skin laxity.<\/p>\r\n    <p>He\/she is informed about the degree of skin retraction that can be aspirated with\r\n        liposuction method.<\/p>\r\n    <p>Blood analysis must be done before the procedure.<\/p>\r\n    <h2>How is it performed ?<\/h2>\r\n    <p>Chin liposuction is a procedure in which fat is removed from under the chin and in the neck to reduce\r\n        the size of this area. This procedure can help those suffering from the effects of aging or obesity\r\n        by adding definition to the face and chin. <\/p>\r\n    <p>Chin liposuction is realized under general anaesthesia and can be performed through a small cut\r\n        inside the mouth, so there is no scarring, or through a small external cut. The basic idea, however,\r\n        is to get in there and remove pockets of fatty material that no amount of exercise will touch. A\r\n        defined chin does a lot to make a person look younger than they really are.<\/p>\r\n<\/div>\r\n\t\t<\/div>\n\t\t\t\t<\/div>\n\t\t\t\t<\/div>\n\t\t\t\t\t<\/div>\n\t\t\t\t<\/div>\n\t\t<div class=\"elementor-element elementor-element-d632079 e-con-full e-flex e-con e-parent\" data-id=\"d632079\" data-element_type=\"container\">\n\t\t\t\t<div class=\"elementor-element elementor-element-4e91b03 elementor-widget elementor-widget-html\" data-id=\"4e91b03\" data-element_type=\"widget\" data-widget_type=\"html.default\">\n\t\t\t\t<div class=\"elementor-widget-container\">\n\t\t\t<div class=\"bg-lipoaspiration-cervicale-form no-padding\">\r\n    <div class=\"container light\">\r\n        <div class=\"row no-padding\">\r\n            <div class=\"col-xl-8\">\r\n                <h2>After chin liposuction Tunisia<\/h2>\r\n                <p>After your <b>chin liposuction Tunisia<\/b>, the surgeon will prescribe you painkillers in\r\n                    order to alleviate pain and for more comfort.<\/p>\r\n                <p>Bruising and swelling can appear which is normal, they will fade rapidly.<\/p>\r\n                <p>Application of a pressure bandage to be kept on for 3 days, the surgeon will tell you\r\n                    more about it.\r\n                    <br \/> You will be able to resume your professional activities after about one week.\r\n                <\/p>\r\n                <p>You must follow all the recommendations and instructions of your surgeon for optimal\r\n                    results.<\/p>\r\n                <h2>The result<\/h2>\r\n                <p>After his\/her <b>chin liposuction Tunisia<\/b>, the patient will start appreciating the\r\n                    result one week later, but the final one will be visible from the 3rd postoperative\r\n                    month.<\/p>\r\n                <p>The result are definitive if the patient maintains a stable weight by adopting a healthy\r\n                    lifestyle (the practice of regular sports activities and the consumption of healthy\r\n                    meals at fixed times of the day).<\/p>\r\n                <p>This intervention is beneficial as it allows the patient to regain self-confidence.<\/p>\r\n            <\/div>\r\n            <div class=\"col-xl-4 d-flex justify-content-end align-items-start\">\r\n                <a href=\"https:\/\/www.aram-clinic-tunisie.com\/en\/quote\">\r\n                    <div class=\"btn-devis\">\r\n                        <div class=\"btn-devis-img\"><\/div>\r\n                        <div class=\"absolute-btn-content\">\r\n                            <p>Express Quote<\/p>\r\n                        <\/div>\r\n                    <\/div>\r\n                <\/a>\r\n            <\/div>\r\n        <\/div>\r\n    <\/div>\r\n    <img decoding=\"async\" class=\"display-on-mobile\" style=\"position:relative;z-index: -3;\"\r\n        src=\".\/wp-content\/uploads\/2024\/06\/lipoaspiration-cervicale-form.webp\" alt=\"liposuccion cou\">\r\n<\/div>\r\n\t\t<\/div>\n\t\t\t\t<\/div>\n\t\t\t\t<\/div>\n\t\t\t\t<\/div>\n\t\t","protected":false},"excerpt":{"rendered":"<p>Aram Clinic: The leader in cosmetic surgery Chin liposuction Tunisia The liposuction method which is a plastic surgery is also suitable for patients who suffer from an unsightly double chin. Chin liposuction is only a minor procedure in which the surgeon will remove the annoying hanging fat pads on your chin and make you look [&hellip;]<\/p>\n","protected":false},"author":1,"featured_media":0,"parent":0,"menu_order":0,"comment_status":"closed","ping_status":"closed","template":"","meta":{"footnotes":""},"class_list":["post-2985","page","type-page","status-publish","hentry"],"yoast_head":"<!-- This site is optimized with the Yoast SEO plugin v27.3 - https:\/\/yoast.com\/product\/yoast-seo-wordpress\/ -->\n<title>Chin liposuction Tunisia : a harmonious chin Tunisia price, quote<\/title>\n<meta name=\"description\" content=\"Chin liposuction in Tunisia is a cosmetic intervention for a more harmonious chin and facial appearance at an affordable price.\" \/>\n<meta name=\"robots\" content=\"index, follow, max-snippet:-1, max-image-preview:large, max-video-preview:-1\" \/>\n<link rel=\"canonical\" href=\"https:\/\/www.aram-clinic-tunisie.com\/en\/chin-liposuction\" \/>\n<meta property=\"og:locale\" content=\"en_US\" \/>\n<meta property=\"og:type\" content=\"article\" \/>\n<meta property=\"og:title\" content=\"Chin liposuction Tunisia : a harmonious chin Tunisia price, quote\" \/>\n<meta property=\"og:description\" content=\"Chin liposuction in Tunisia is a cosmetic intervention for a more harmonious chin and facial appearance at an affordable price.\" \/>\n<meta property=\"og:url\" content=\"https:\/\/www.aram-clinic-tunisie.com\/en\/chin-liposuction\" \/>\n<meta property=\"og:site_name\" content=\"Agence tourisme m\u00e9dical Tunisie : S\u00e9jour m\u00e9dical - Aram Clinic\" \/>\n<meta property=\"article:modified_time\" content=\"2025-05-09T07:57:39+00:00\" \/>\n<meta property=\"og:image\" content=\"https:\/\/www.aram-clinic-tunisie.com\/wp-content\/uploads\/2024\/06\/lipoaspiration-cervicale-img1.webp\" \/>\n<meta name=\"twitter:card\" content=\"summary_large_image\" \/>\n<meta name=\"twitter:label1\" content=\"Est. reading time\" \/>\n\t<meta name=\"twitter:data1\" content=\"5 minutes\" \/>\n<script type=\"application\/ld+json\" class=\"yoast-schema-graph\">{\"@context\":\"https:\\\/\\\/schema.org\",\"@graph\":[{\"@type\":\"WebPage\",\"@id\":\"https:\\\/\\\/www.aram-clinic-tunisie.com\\\/en\\\/chin-liposuction\",\"url\":\"https:\\\/\\\/www.aram-clinic-tunisie.com\\\/en\\\/chin-liposuction\",\"name\":\"Chin liposuction Tunisia : a harmonious chin Tunisia price, quote\",\"isPartOf\":{\"@id\":\"https:\\\/\\\/www.aram-clinic-tunisie.com\\\/en#website\"},\"primaryImageOfPage\":{\"@id\":\"https:\\\/\\\/www.aram-clinic-tunisie.com\\\/en\\\/chin-liposuction#primaryimage\"},\"image\":{\"@id\":\"https:\\\/\\\/www.aram-clinic-tunisie.com\\\/en\\\/chin-liposuction#primaryimage\"},\"thumbnailUrl\":\"https:\\\/\\\/www.aram-clinic-tunisie.com\\\/wp-content\\\/uploads\\\/2024\\\/06\\\/lipoaspiration-cervicale-img1.webp\",\"datePublished\":\"2024-06-19T08:44:46+00:00\",\"dateModified\":\"2025-05-09T07:57:39+00:00\",\"description\":\"Chin liposuction in Tunisia is a cosmetic intervention for a more harmonious chin and facial appearance at an affordable price.\",\"breadcrumb\":{\"@id\":\"https:\\\/\\\/www.aram-clinic-tunisie.com\\\/en\\\/chin-liposuction#breadcrumb\"},\"inLanguage\":\"en-US\",\"potentialAction\":[{\"@type\":\"ReadAction\",\"target\":[\"https:\\\/\\\/www.aram-clinic-tunisie.com\\\/en\\\/chin-liposuction\"]}]},{\"@type\":\"ImageObject\",\"inLanguage\":\"en-US\",\"@id\":\"https:\\\/\\\/www.aram-clinic-tunisie.com\\\/en\\\/chin-liposuction#primaryimage\",\"url\":\"https:\\\/\\\/www.aram-clinic-tunisie.com\\\/wp-content\\\/uploads\\\/2024\\\/06\\\/lipoaspiration-cervicale-img1.webp\",\"contentUrl\":\"https:\\\/\\\/www.aram-clinic-tunisie.com\\\/wp-content\\\/uploads\\\/2024\\\/06\\\/lipoaspiration-cervicale-img1.webp\"},{\"@type\":\"BreadcrumbList\",\"@id\":\"https:\\\/\\\/www.aram-clinic-tunisie.com\\\/en\\\/chin-liposuction#breadcrumb\",\"itemListElement\":[{\"@type\":\"ListItem\",\"position\":1,\"name\":\"Accueil\",\"item\":\"https:\\\/\\\/www.aram-clinic-tunisie.com\\\/en\"},{\"@type\":\"ListItem\",\"position\":2,\"name\":\"Chin liposuction Tunisia : a harmonious chin Tunisia price, quote\"}]},{\"@type\":\"WebSite\",\"@id\":\"https:\\\/\\\/www.aram-clinic-tunisie.com\\\/en#website\",\"url\":\"https:\\\/\\\/www.aram-clinic-tunisie.com\\\/en\",\"name\":\"Agence tourisme m\u00e9dical Tunisie : S\u00e9jour m\u00e9dical - Aram Clinic\",\"description\":\"\",\"publisher\":{\"@id\":\"https:\\\/\\\/www.aram-clinic-tunisie.com\\\/en#organization\"},\"potentialAction\":[{\"@type\":\"SearchAction\",\"target\":{\"@type\":\"EntryPoint\",\"urlTemplate\":\"https:\\\/\\\/www.aram-clinic-tunisie.com\\\/en?s={search_term_string}\"},\"query-input\":{\"@type\":\"PropertyValueSpecification\",\"valueRequired\":true,\"valueName\":\"search_term_string\"}}],\"inLanguage\":\"en-US\"},{\"@type\":\"Organization\",\"@id\":\"https:\\\/\\\/www.aram-clinic-tunisie.com\\\/en#organization\",\"name\":\"Agence tourisme m\u00e9dical Tunisie : S\u00e9jour m\u00e9dical - Aram Clinic\",\"url\":\"https:\\\/\\\/www.aram-clinic-tunisie.com\\\/en\",\"logo\":{\"@type\":\"ImageObject\",\"inLanguage\":\"en-US\",\"@id\":\"https:\\\/\\\/www.aram-clinic-tunisie.com\\\/en#\\\/schema\\\/logo\\\/image\\\/\",\"url\":\"https:\\\/\\\/www.aram-clinic-tunisie.com\\\/wp-content\\\/uploads\\\/2024\\\/06\\\/logo.webp\",\"contentUrl\":\"https:\\\/\\\/www.aram-clinic-tunisie.com\\\/wp-content\\\/uploads\\\/2024\\\/06\\\/logo.webp\",\"width\":153,\"height\":60,\"caption\":\"Agence tourisme m\u00e9dical Tunisie : S\u00e9jour m\u00e9dical - Aram Clinic\"},\"image\":{\"@id\":\"https:\\\/\\\/www.aram-clinic-tunisie.com\\\/en#\\\/schema\\\/logo\\\/image\\\/\"}}]}<\/script>\n<!-- \/ Yoast SEO plugin. -->","yoast_head_json":{"title":"Chin liposuction Tunisia : a harmonious chin Tunisia price, quote","description":"Chin liposuction in Tunisia is a cosmetic intervention for a more harmonious chin and facial appearance at an affordable price.","robots":{"index":"index","follow":"follow","max-snippet":"max-snippet:-1","max-image-preview":"max-image-preview:large","max-video-preview":"max-video-preview:-1"},"canonical":"https:\/\/www.aram-clinic-tunisie.com\/en\/chin-liposuction","og_locale":"en_US","og_type":"article","og_title":"Chin liposuction Tunisia : a harmonious chin Tunisia price, quote","og_description":"Chin liposuction in Tunisia is a cosmetic intervention for a more harmonious chin and facial appearance at an affordable price.","og_url":"https:\/\/www.aram-clinic-tunisie.com\/en\/chin-liposuction","og_site_name":"Agence tourisme m\u00e9dical Tunisie : S\u00e9jour m\u00e9dical - Aram Clinic","article_modified_time":"2025-05-09T07:57:39+00:00","og_image":[{"url":"https:\/\/www.aram-clinic-tunisie.com\/wp-content\/uploads\/2024\/06\/lipoaspiration-cervicale-img1.webp","type":"","width":"","height":""}],"twitter_card":"summary_large_image","twitter_misc":{"Est. reading time":"5 minutes"},"schema":{"@context":"https:\/\/schema.org","@graph":[{"@type":"WebPage","@id":"https:\/\/www.aram-clinic-tunisie.com\/en\/chin-liposuction","url":"https:\/\/www.aram-clinic-tunisie.com\/en\/chin-liposuction","name":"Chin liposuction Tunisia : a harmonious chin Tunisia price, quote","isPartOf":{"@id":"https:\/\/www.aram-clinic-tunisie.com\/en#website"},"primaryImageOfPage":{"@id":"https:\/\/www.aram-clinic-tunisie.com\/en\/chin-liposuction#primaryimage"},"image":{"@id":"https:\/\/www.aram-clinic-tunisie.com\/en\/chin-liposuction#primaryimage"},"thumbnailUrl":"https:\/\/www.aram-clinic-tunisie.com\/wp-content\/uploads\/2024\/06\/lipoaspiration-cervicale-img1.webp","datePublished":"2024-06-19T08:44:46+00:00","dateModified":"2025-05-09T07:57:39+00:00","description":"Chin liposuction in Tunisia is a cosmetic intervention for a more harmonious chin and facial appearance at an affordable price.","breadcrumb":{"@id":"https:\/\/www.aram-clinic-tunisie.com\/en\/chin-liposuction#breadcrumb"},"inLanguage":"en-US","potentialAction":[{"@type":"ReadAction","target":["https:\/\/www.aram-clinic-tunisie.com\/en\/chin-liposuction"]}]},{"@type":"ImageObject","inLanguage":"en-US","@id":"https:\/\/www.aram-clinic-tunisie.com\/en\/chin-liposuction#primaryimage","url":"https:\/\/www.aram-clinic-tunisie.com\/wp-content\/uploads\/2024\/06\/lipoaspiration-cervicale-img1.webp","contentUrl":"https:\/\/www.aram-clinic-tunisie.com\/wp-content\/uploads\/2024\/06\/lipoaspiration-cervicale-img1.webp"},{"@type":"BreadcrumbList","@id":"https:\/\/www.aram-clinic-tunisie.com\/en\/chin-liposuction#breadcrumb","itemListElement":[{"@type":"ListItem","position":1,"name":"Accueil","item":"https:\/\/www.aram-clinic-tunisie.com\/en"},{"@type":"ListItem","position":2,"name":"Chin liposuction Tunisia : a harmonious chin Tunisia price, quote"}]},{"@type":"WebSite","@id":"https:\/\/www.aram-clinic-tunisie.com\/en#website","url":"https:\/\/www.aram-clinic-tunisie.com\/en","name":"Agence tourisme m\u00e9dical Tunisie : S\u00e9jour m\u00e9dical - Aram Clinic","description":"","publisher":{"@id":"https:\/\/www.aram-clinic-tunisie.com\/en#organization"},"potentialAction":[{"@type":"SearchAction","target":{"@type":"EntryPoint","urlTemplate":"https:\/\/www.aram-clinic-tunisie.com\/en?s={search_term_string}"},"query-input":{"@type":"PropertyValueSpecification","valueRequired":true,"valueName":"search_term_string"}}],"inLanguage":"en-US"},{"@type":"Organization","@id":"https:\/\/www.aram-clinic-tunisie.com\/en#organization","name":"Agence tourisme m\u00e9dical Tunisie : S\u00e9jour m\u00e9dical - Aram Clinic","url":"https:\/\/www.aram-clinic-tunisie.com\/en","logo":{"@type":"ImageObject","inLanguage":"en-US","@id":"https:\/\/www.aram-clinic-tunisie.com\/en#\/schema\/logo\/image\/","url":"https:\/\/www.aram-clinic-tunisie.com\/wp-content\/uploads\/2024\/06\/logo.webp","contentUrl":"https:\/\/www.aram-clinic-tunisie.com\/wp-content\/uploads\/2024\/06\/logo.webp","width":153,"height":60,"caption":"Agence tourisme m\u00e9dical Tunisie : S\u00e9jour m\u00e9dical - Aram Clinic"},"image":{"@id":"https:\/\/www.aram-clinic-tunisie.com\/en#\/schema\/logo\/image\/"}}]}},"_links":{"self":[{"href":"https:\/\/www.aram-clinic-tunisie.com\/en\/wp-json\/wp\/v2\/pages\/2985","targetHints":{"allow":["GET"]}}],"collection":[{"href":"https:\/\/www.aram-clinic-tunisie.com\/en\/wp-json\/wp\/v2\/pages"}],"about":[{"href":"https:\/\/www.aram-clinic-tunisie.com\/en\/wp-json\/wp\/v2\/types\/page"}],"author":[{"embeddable":true,"href":"https:\/\/www.aram-clinic-tunisie.com\/en\/wp-json\/wp\/v2\/users\/1"}],"replies":[{"embeddable":true,"href":"https:\/\/www.aram-clinic-tunisie.com\/en\/wp-json\/wp\/v2\/comments?post=2985"}],"version-history":[{"count":13,"href":"https:\/\/www.aram-clinic-tunisie.com\/en\/wp-json\/wp\/v2\/pages\/2985\/revisions"}],"predecessor-version":[{"id":6236,"href":"https:\/\/www.aram-clinic-tunisie.com\/en\/wp-json\/wp\/v2\/pages\/2985\/revisions\/6236"}],"wp:attachment":[{"href":"https:\/\/www.aram-clinic-tunisie.com\/en\/wp-json\/wp\/v2\/media?parent=2985"}],"curies":[{"name":"wp","href":"https:\/\/api.w.org\/{rel}","templated":true}]}}