{"id":2984,"date":"2024-06-19T10:44:20","date_gmt":"2024-06-19T08:44:20","guid":{"rendered":"https:\/\/biancaview.com\/aram-clinic-tunisie.com\/lipofilling-visage-tunisie-prix-reduit-injection-graisse-visage"},"modified":"2025-05-09T09:57:59","modified_gmt":"2025-05-09T07:57:59","slug":"facial-lipofilling","status":"publish","type":"page","link":"https:\/\/www.aram-clinic-tunisie.com\/en\/facial-lipofilling","title":{"rendered":"Facial lipofilling Tunisia : facial fat transfer price, youthful face"},"content":{"rendered":"\t\t<div data-elementor-type=\"wp-page\" data-elementor-id=\"2984\" class=\"elementor elementor-2984\">\n\t\t\t\t<div class=\"elementor-element elementor-element-17baf93 e-con-full e-flex e-con e-parent\" data-id=\"17baf93\" data-element_type=\"container\">\n\t\t\t\t<div class=\"elementor-element elementor-element-3832e74 elementor-widget elementor-widget-html\" data-id=\"3832e74\" data-element_type=\"widget\" data-widget_type=\"html.default\">\n\t\t\t\t<div class=\"elementor-widget-container\">\n\t\t\t<div class=\"swiper-intern\">\r\n    <div class=\"container-fluid intern-slider\">\r\n        <div class=\"bg-image-slider\"><\/div>\r\n        <div class=\"container dark swiper-intern-content\">\r\n            <div class=\"row no-padding\">\r\n                <div class=\"col-xl-8 intern-slider-content\">\r\n                    <p class=\"slider-title\">Aram Clinic: The leader in cosmetic surgery<\/p>\r\n                   \t\r\n<iframe src=\"https:\/\/app.metocrm.com\/web-forms\/e982d06f-6290-415f-bf56-b29f5e4295a1\"  height=\"800px\" width=\"100%\"  frameborder=\"0\" style=\"border-radius: 10px;\"><\/iframe>\r\n                <\/div>\r\n            <\/div>\r\n        <\/div>\r\n        <div class=\"container light\">\r\n            <div class=\"row no-padding  column-reverse\">\r\n                <div class=\"col-lg-8 no-padding\">\r\n                    <div>\r\n                        <h1>Facial lipofilling Tunisia<\/h1>\r\n                        <p>Aging results in a natural alteration of facial and neck tissues due to dislocation and\r\n                            thinning of muscle masses,\r\n                            atrophy of adipose tissue and reduced skin elasticity, so facial lipofilling makes it\r\n                            possible to alleviate these\r\n                            imperfections by filling in the furrows and wrinkles, correcting and reshaping their\r\n                            volumes.<\/p>\r\n                        <p>Lipofilling is a surgical method of removing fat from certain body areas where it is\r\n                            naturally present in greater\r\n                            amounts such as the abdomen, hips, thighs, and transfer it, after appropriate treatment,\r\n                            frequently to the face.<\/p>\r\n                        <p>The transferred fat makes it possible to restore volume to areas of the face where it has\r\n                            been lost through aging,\r\n                            and in addition, the large content of stem cells in the fat tissue has a tissue regeneration\r\n                            effect, and this gives\r\n                            new life and luster to the skin and subcutaneous tissue of the face.<\/p>\r\n                    <\/div>\r\n                <\/div>\r\n                <div class=\"col-lg-4 change-mobile-order\">\r\n                    <a href=\"https:\/\/www.aram-clinic-tunisie.com\/en\/quote\">\r\n                        <div class=\"btn-devis\">\r\n                            <div class=\"btn-devis-img\"><\/div>\r\n                            <div class=\"absolute-btn-content\">\r\n                                <p>Express Quote<\/p>\r\n                            <\/div>\r\n                        <\/div>\r\n                    <\/a>\r\n                <\/div>\r\n            <\/div>\r\n        <\/div>\r\n    <\/div>\r\n<\/div>\r\n\t\t<\/div>\n\t\t\t\t<\/div>\n\t\t\t\t<\/div>\n\t\t<div class=\"elementor-element elementor-element-b1eef14 light e-flex e-con-boxed e-con e-parent\" data-id=\"b1eef14\" data-element_type=\"container\">\n\t\t\t\t\t<div class=\"e-con-inner\">\n\t\t<div class=\"elementor-element elementor-element-85121ac e-con-full e-flex e-con e-child\" data-id=\"85121ac\" data-element_type=\"container\">\n\t\t\t\t<div class=\"elementor-element elementor-element-59f67ad elementor-widget elementor-widget-html\" data-id=\"59f67ad\" data-element_type=\"widget\" data-widget_type=\"html.default\">\n\t\t\t\t<div class=\"elementor-widget-container\">\n\t\t\t<img decoding=\"async\" class=\"\" src=\"https:\/\/www.aram-clinic-tunisie.com\/wp-content\/uploads\/2024\/06\/lipofilling-visage-img1.webp\" alt=\"lipofilling visage tunisie\">\t\t<\/div>\n\t\t\t\t<\/div>\n\t\t\t\t<\/div>\n\t\t<div class=\"elementor-element elementor-element-a9ff84e e-con-full d-flex justify-content-center flex-column align-items-start e-flex e-con e-child\" data-id=\"a9ff84e\" data-element_type=\"container\">\n\t\t\t\t<div class=\"elementor-element elementor-element-ab1b30b elementor-widget elementor-widget-html\" data-id=\"ab1b30b\" data-element_type=\"widget\" data-widget_type=\"html.default\">\n\t\t\t\t<div class=\"elementor-widget-container\">\n\t\t\t<div>\r\n    <h2>Facial lipofilling Tunisia : how much does it cost ?<\/h2>\r\n    <p>The price facial lipofilling Tunisia is very attractive, you will benefit from a high\r\n        quality medical stay and be operated on by the best plastic surgeons, so, ask for a free\r\n        online quote to get the cost of facial fat transfer Tunisia or contact us by phone.<\/p>\r\n    <h2>Facial fat transfer : for whom is it suitable ?<\/h2>\r\n    <p>The most suitable patients for facial lipofilling surgery are men and women who have\r\n        imperfections related to deepening of furrows and wrinkles, volume deficits,\r\n        particularly in the periorbital region and cheeks, reduced definition of the mandibular\r\n        profile or mental region. At the level of the lips and zygomatic region, volumetric\r\n        augmentation performed by this method is a viable alternative to fillers with resorbable\r\n        materials, obtaining a more stable and natural result.<\/p>\r\n    <p>It is also for people in a good health with realistic expectations and who have excess\r\n        fat in their silhouettes.<\/p>\r\n<\/div>\r\n\t\t<\/div>\n\t\t\t\t<\/div>\n\t\t\t\t<\/div>\n\t\t\t\t\t<\/div>\n\t\t\t\t<\/div>\n\t\t<div class=\"elementor-element elementor-element-379c3b3 e-con-full e-flex e-con e-parent\" data-id=\"379c3b3\" data-element_type=\"container\">\n\t\t\t\t<div class=\"elementor-element elementor-element-4844a2f elementor-widget elementor-widget-html\" data-id=\"4844a2f\" data-element_type=\"widget\" data-widget_type=\"html.default\">\n\t\t\t\t<div class=\"elementor-widget-container\">\n\t\t\t<div class=\"bg-form4-1 no-padding\">\r\n    <div class=\"container dark\">\r\n        <div class=\"row no-padding\">\r\n            <div class=\"col-xl-7 d-flex justify-content-center flex-column align-items-start\">\r\n                <div>\r\n                    <h2>How is it realized ?<\/h2>\r\n                    <p>The procedure is performed under general anaesthesia and involves harvesting excess fat\r\n                        from different areas of the body such as the thighs, abdomen, buttocks, hips... with a\r\n                        syringe. This fat is processed in the laboratory and then transferred with mini syringes\r\n                        to specific areas of the face that need filling.<\/p>\r\n                    <p>The areas that are generally treated with lipofilling are the malar-zygomatic area,\r\n                        periocular area and nasolabial folds where those typical aging-related furrows form and\r\n                        where the greatest volume loss occurs.<\/p>\r\n                    <p>This intervention helps to :<\/p>\r\n                    <ul class=\"page-list-white\">\r\n                        <li>smooth out some deep wrinkles<\/li>\r\n                        <li>increase the volume of thinned lips or soft tissue of the cheek and chin <\/li>\r\n                        <li>intervene in the appearance of sunken eyelids.<\/li>\r\n                    <\/ul>\r\n                    <p>The main advantage of facial lipofilling is that it is a 100% natural filler.<\/p>\r\n                <\/div>\r\n            <\/div>\r\n            <div class=\"col-xl-5 no-padding d-flex justify-content-center flex-column\">\r\n                <img decoding=\"async\" class=\"\" src=\"https:\/\/www.aram-clinic-tunisie.com\/wp-content\/uploads\/2024\/06\/lipofilling-visage-img2.webp\"\r\n                    alt=\"lipofilling visage en tunisie prix\">\r\n            <\/div>\r\n        <\/div>\r\n    <\/div>\r\n<\/div>\r\n\t\t<\/div>\n\t\t\t\t<\/div>\n\t\t\t\t<\/div>\n\t\t<div class=\"elementor-element elementor-element-138fd21 light e-flex e-con-boxed e-con e-parent\" data-id=\"138fd21\" data-element_type=\"container\">\n\t\t\t\t\t<div class=\"e-con-inner\">\n\t\t<div class=\"elementor-element elementor-element-204c6ec e-con-full e-flex e-con e-child\" data-id=\"204c6ec\" data-element_type=\"container\">\n\t\t\t\t<div class=\"elementor-element elementor-element-9fe2c75 elementor-widget elementor-widget-html\" data-id=\"9fe2c75\" data-element_type=\"widget\" data-widget_type=\"html.default\">\n\t\t\t\t<div class=\"elementor-widget-container\">\n\t\t\t<img decoding=\"async\" class=\"\" src=\"https:\/\/www.aram-clinic-tunisie.com\/wp-content\/uploads\/2024\/06\/lipofilling-visage-img3.webp\" alt=\"lipofilling visage prix tunisie\">\t\t<\/div>\n\t\t\t\t<\/div>\n\t\t\t\t<\/div>\n\t\t<div class=\"elementor-element elementor-element-83d26a7 e-con-full d-flex justify-content-center flex-column align-items-start e-flex e-con e-child\" data-id=\"83d26a7\" data-element_type=\"container\">\n\t\t\t\t<div class=\"elementor-element elementor-element-0a82962 elementor-widget elementor-widget-html\" data-id=\"0a82962\" data-element_type=\"widget\" data-widget_type=\"html.default\">\n\t\t\t\t<div class=\"elementor-widget-container\">\n\t\t\t<div>\r\n    <h2>Facial lipofilling Tunisia : after the intervention<\/h2>\r\n    <p>Following your facial lipofilling Tunisia, some swelling may affect the treated areas,\r\n        but it resolves spontaneously within 3-5 days.\r\n        <br \/>\r\n        Slight bruising is also superficial and transient.\r\n    <\/p>\r\n    <p>Rest for at least one week after surgery is recommended. The surgeon will prescribe the\r\n        necessary medications to reduce the risk of complications or infection and keep any pain\r\n        under control.<\/p>\r\n    <p>Areas of the face that have been treated with lipofilling regain a normal, rejuvenated\r\n        appearance after 7 to 10 days, the skin is smoother, and wrinkles smooth out until they\r\n        disappear.<\/p>\r\n    <p>There are no stitches to remove.<\/p>\r\n    <p>Resumption of work is expected in 2 weeks depending on your case : swelling and bruising\r\n        may last longer in some people.<\/p>\r\n\r\n<\/div>\r\n\t\t<\/div>\n\t\t\t\t<\/div>\n\t\t\t\t<\/div>\n\t\t\t\t\t<\/div>\n\t\t\t\t<\/div>\n\t\t<div class=\"elementor-element elementor-element-1de90bf e-con-full e-flex e-con e-parent\" data-id=\"1de90bf\" data-element_type=\"container\">\n\t\t\t\t<div class=\"elementor-element elementor-element-bb6b189 elementor-widget elementor-widget-html\" data-id=\"bb6b189\" data-element_type=\"widget\" data-widget_type=\"html.default\">\n\t\t\t\t<div class=\"elementor-widget-container\">\n\t\t\t<div class=\"bg-lipofilling-visage-form no-padding\">\r\n    <div class=\"container light\">\r\n        <div class=\"row no-padding\">\r\n            <div class=\"col-xl-8\">\r\n                <h2>The results<\/h2>\r\n                <p>The result of facial lipofilling Tunisia is natural, excellent and very satisfactory, the\r\n                    face and facial proportions will appear noticeably more harmonious. The jawline will be\r\n                    toned and rejuvenated as will the cheekbones and cheeks.<\/p>\r\n                <p>The effectiveness of facial fat transfer depends mainly on the amount of adipocytes that\r\n                    are able to take root in the inoculation areas : in fact, it is natural that a\r\n                    percentage of fat cells will be reabsorbed by the body.<\/p>\r\n                <p>This intervention will allow the patient to have a youthful facial appearance which will\r\n                    make him\/her feel comfortable and regain self-confidence for a better quality of life\r\n                    either socially or personally speaking.<\/p>\r\n                <h2>The benefits of facial lipofilling<\/h2>\r\n                <p>Facial lipofilling Tunisia has many advantages, among them :<\/p>\r\n                <ul class=\"page-list\">\r\n                    <li>Improvement of volume<\/li>\r\n                    <li>Improvement of skin trophism (skin rejuvenation)<\/li>\r\n                    <li>Natural results<\/li>\r\n                    <li>Totally biocompatible material<\/li>\r\n                    <li>No risk of rejection<\/li>\r\n                    <li>Painless<\/li>\r\n                    <li>Fast recovery<\/li>\r\n                    <li>Improvement of one\u2019s self esteem.<\/li>\r\n                <\/ul>\r\n\r\n            <\/div>\r\n            <div class=\"col-xl-4 d-flex justify-content-end align-items-start\">\r\n                <a href=\"https:\/\/www.aram-clinic-tunisie.com\/en\/quote\">\r\n                    <div class=\"btn-devis\">\r\n                        <div class=\"btn-devis-img\"><\/div>\r\n                        <div class=\"absolute-btn-content\">\r\n                            <p>Express Quote<\/p>\r\n                        <\/div>\r\n                    <\/div>\r\n                <\/a>\r\n            <\/div>\r\n        <\/div>\r\n    <\/div>\r\n    <img decoding=\"async\" class=\"display-on-mobile\" style=\"position:relative;z-index: -3;\"\r\n        src=\".\/wp-content\/uploads\/2024\/06\/lipofilling-visage-form.webp\" alt=\"se faire refaire le nez en tunisie\">\r\n<\/div>\r\n\t\t<\/div>\n\t\t\t\t<\/div>\n\t\t\t\t<\/div>\n\t\t\t\t<\/div>\n\t\t","protected":false},"excerpt":{"rendered":"<p>Aram Clinic: The leader in cosmetic surgery Facial lipofilling Tunisia Aging results in a natural alteration of facial and neck tissues due to dislocation and thinning of muscle masses, atrophy of adipose tissue and reduced skin elasticity, so facial lipofilling makes it possible to alleviate these imperfections by filling in the furrows and wrinkles, correcting [&hellip;]<\/p>\n","protected":false},"author":1,"featured_media":0,"parent":0,"menu_order":0,"comment_status":"closed","ping_status":"closed","template":"","meta":{"footnotes":""},"class_list":["post-2984","page","type-page","status-publish","hentry"],"yoast_head":"<!-- This site is optimized with the Yoast SEO plugin v27.3 - https:\/\/yoast.com\/product\/yoast-seo-wordpress\/ -->\n<title>Facial lipofilling Tunisia : facial fat transfer price, youthful face<\/title>\n<meta name=\"description\" content=\"Facial lipofilling in Tunisia is a plastic operation which is also known as facial fat transfer, it aims at rejuvenating the patient\u2019s face through autologous fat transfer.\" \/>\n<meta name=\"robots\" content=\"index, follow, max-snippet:-1, max-image-preview:large, max-video-preview:-1\" \/>\n<link rel=\"canonical\" href=\"https:\/\/www.aram-clinic-tunisie.com\/en\/facial-lipofilling\" \/>\n<meta property=\"og:locale\" content=\"en_US\" \/>\n<meta property=\"og:type\" content=\"article\" \/>\n<meta property=\"og:title\" content=\"Facial lipofilling Tunisia : facial fat transfer price, youthful face\" \/>\n<meta property=\"og:description\" content=\"Facial lipofilling in Tunisia is a plastic operation which is also known as facial fat transfer, it aims at rejuvenating the patient\u2019s face through autologous fat transfer.\" \/>\n<meta property=\"og:url\" content=\"https:\/\/www.aram-clinic-tunisie.com\/en\/facial-lipofilling\" \/>\n<meta property=\"og:site_name\" content=\"Agence tourisme m\u00e9dical Tunisie : S\u00e9jour m\u00e9dical - Aram Clinic\" \/>\n<meta property=\"article:modified_time\" content=\"2025-05-09T07:57:59+00:00\" \/>\n<meta property=\"og:image\" content=\"https:\/\/www.aram-clinic-tunisie.com\/wp-content\/uploads\/2024\/06\/lipofilling-visage-img1.webp\" \/>\n<meta name=\"twitter:card\" content=\"summary_large_image\" \/>\n<meta name=\"twitter:label1\" content=\"Est. reading time\" \/>\n\t<meta name=\"twitter:data1\" content=\"5 minutes\" \/>\n<script type=\"application\/ld+json\" class=\"yoast-schema-graph\">{\"@context\":\"https:\\\/\\\/schema.org\",\"@graph\":[{\"@type\":\"WebPage\",\"@id\":\"https:\\\/\\\/www.aram-clinic-tunisie.com\\\/en\\\/facial-lipofilling\",\"url\":\"https:\\\/\\\/www.aram-clinic-tunisie.com\\\/en\\\/facial-lipofilling\",\"name\":\"Facial lipofilling Tunisia : facial fat transfer price, youthful face\",\"isPartOf\":{\"@id\":\"https:\\\/\\\/www.aram-clinic-tunisie.com\\\/en#website\"},\"primaryImageOfPage\":{\"@id\":\"https:\\\/\\\/www.aram-clinic-tunisie.com\\\/en\\\/facial-lipofilling#primaryimage\"},\"image\":{\"@id\":\"https:\\\/\\\/www.aram-clinic-tunisie.com\\\/en\\\/facial-lipofilling#primaryimage\"},\"thumbnailUrl\":\"https:\\\/\\\/www.aram-clinic-tunisie.com\\\/wp-content\\\/uploads\\\/2024\\\/06\\\/lipofilling-visage-img1.webp\",\"datePublished\":\"2024-06-19T08:44:20+00:00\",\"dateModified\":\"2025-05-09T07:57:59+00:00\",\"description\":\"Facial lipofilling in Tunisia is a plastic operation which is also known as facial fat transfer, it aims at rejuvenating the patient\u2019s face through autologous fat transfer.\",\"breadcrumb\":{\"@id\":\"https:\\\/\\\/www.aram-clinic-tunisie.com\\\/en\\\/facial-lipofilling#breadcrumb\"},\"inLanguage\":\"en-US\",\"potentialAction\":[{\"@type\":\"ReadAction\",\"target\":[\"https:\\\/\\\/www.aram-clinic-tunisie.com\\\/en\\\/facial-lipofilling\"]}]},{\"@type\":\"ImageObject\",\"inLanguage\":\"en-US\",\"@id\":\"https:\\\/\\\/www.aram-clinic-tunisie.com\\\/en\\\/facial-lipofilling#primaryimage\",\"url\":\"https:\\\/\\\/www.aram-clinic-tunisie.com\\\/wp-content\\\/uploads\\\/2024\\\/06\\\/lipofilling-visage-img1.webp\",\"contentUrl\":\"https:\\\/\\\/www.aram-clinic-tunisie.com\\\/wp-content\\\/uploads\\\/2024\\\/06\\\/lipofilling-visage-img1.webp\"},{\"@type\":\"BreadcrumbList\",\"@id\":\"https:\\\/\\\/www.aram-clinic-tunisie.com\\\/en\\\/facial-lipofilling#breadcrumb\",\"itemListElement\":[{\"@type\":\"ListItem\",\"position\":1,\"name\":\"Accueil\",\"item\":\"https:\\\/\\\/www.aram-clinic-tunisie.com\\\/en\"},{\"@type\":\"ListItem\",\"position\":2,\"name\":\"Facial lipofilling Tunisia : facial fat transfer price, youthful face\"}]},{\"@type\":\"WebSite\",\"@id\":\"https:\\\/\\\/www.aram-clinic-tunisie.com\\\/en#website\",\"url\":\"https:\\\/\\\/www.aram-clinic-tunisie.com\\\/en\",\"name\":\"Agence tourisme m\u00e9dical Tunisie : S\u00e9jour m\u00e9dical - Aram Clinic\",\"description\":\"\",\"publisher\":{\"@id\":\"https:\\\/\\\/www.aram-clinic-tunisie.com\\\/en#organization\"},\"potentialAction\":[{\"@type\":\"SearchAction\",\"target\":{\"@type\":\"EntryPoint\",\"urlTemplate\":\"https:\\\/\\\/www.aram-clinic-tunisie.com\\\/en?s={search_term_string}\"},\"query-input\":{\"@type\":\"PropertyValueSpecification\",\"valueRequired\":true,\"valueName\":\"search_term_string\"}}],\"inLanguage\":\"en-US\"},{\"@type\":\"Organization\",\"@id\":\"https:\\\/\\\/www.aram-clinic-tunisie.com\\\/en#organization\",\"name\":\"Agence tourisme m\u00e9dical Tunisie : S\u00e9jour m\u00e9dical - Aram Clinic\",\"url\":\"https:\\\/\\\/www.aram-clinic-tunisie.com\\\/en\",\"logo\":{\"@type\":\"ImageObject\",\"inLanguage\":\"en-US\",\"@id\":\"https:\\\/\\\/www.aram-clinic-tunisie.com\\\/en#\\\/schema\\\/logo\\\/image\\\/\",\"url\":\"https:\\\/\\\/www.aram-clinic-tunisie.com\\\/wp-content\\\/uploads\\\/2024\\\/06\\\/logo.webp\",\"contentUrl\":\"https:\\\/\\\/www.aram-clinic-tunisie.com\\\/wp-content\\\/uploads\\\/2024\\\/06\\\/logo.webp\",\"width\":153,\"height\":60,\"caption\":\"Agence tourisme m\u00e9dical Tunisie : S\u00e9jour m\u00e9dical - Aram Clinic\"},\"image\":{\"@id\":\"https:\\\/\\\/www.aram-clinic-tunisie.com\\\/en#\\\/schema\\\/logo\\\/image\\\/\"}}]}<\/script>\n<!-- \/ Yoast SEO plugin. -->","yoast_head_json":{"title":"Facial lipofilling Tunisia : facial fat transfer price, youthful face","description":"Facial lipofilling in Tunisia is a plastic operation which is also known as facial fat transfer, it aims at rejuvenating the patient\u2019s face through autologous fat transfer.","robots":{"index":"index","follow":"follow","max-snippet":"max-snippet:-1","max-image-preview":"max-image-preview:large","max-video-preview":"max-video-preview:-1"},"canonical":"https:\/\/www.aram-clinic-tunisie.com\/en\/facial-lipofilling","og_locale":"en_US","og_type":"article","og_title":"Facial lipofilling Tunisia : facial fat transfer price, youthful face","og_description":"Facial lipofilling in Tunisia is a plastic operation which is also known as facial fat transfer, it aims at rejuvenating the patient\u2019s face through autologous fat transfer.","og_url":"https:\/\/www.aram-clinic-tunisie.com\/en\/facial-lipofilling","og_site_name":"Agence tourisme m\u00e9dical Tunisie : S\u00e9jour m\u00e9dical - Aram Clinic","article_modified_time":"2025-05-09T07:57:59+00:00","og_image":[{"url":"https:\/\/www.aram-clinic-tunisie.com\/wp-content\/uploads\/2024\/06\/lipofilling-visage-img1.webp","type":"","width":"","height":""}],"twitter_card":"summary_large_image","twitter_misc":{"Est. reading time":"5 minutes"},"schema":{"@context":"https:\/\/schema.org","@graph":[{"@type":"WebPage","@id":"https:\/\/www.aram-clinic-tunisie.com\/en\/facial-lipofilling","url":"https:\/\/www.aram-clinic-tunisie.com\/en\/facial-lipofilling","name":"Facial lipofilling Tunisia : facial fat transfer price, youthful face","isPartOf":{"@id":"https:\/\/www.aram-clinic-tunisie.com\/en#website"},"primaryImageOfPage":{"@id":"https:\/\/www.aram-clinic-tunisie.com\/en\/facial-lipofilling#primaryimage"},"image":{"@id":"https:\/\/www.aram-clinic-tunisie.com\/en\/facial-lipofilling#primaryimage"},"thumbnailUrl":"https:\/\/www.aram-clinic-tunisie.com\/wp-content\/uploads\/2024\/06\/lipofilling-visage-img1.webp","datePublished":"2024-06-19T08:44:20+00:00","dateModified":"2025-05-09T07:57:59+00:00","description":"Facial lipofilling in Tunisia is a plastic operation which is also known as facial fat transfer, it aims at rejuvenating the patient\u2019s face through autologous fat transfer.","breadcrumb":{"@id":"https:\/\/www.aram-clinic-tunisie.com\/en\/facial-lipofilling#breadcrumb"},"inLanguage":"en-US","potentialAction":[{"@type":"ReadAction","target":["https:\/\/www.aram-clinic-tunisie.com\/en\/facial-lipofilling"]}]},{"@type":"ImageObject","inLanguage":"en-US","@id":"https:\/\/www.aram-clinic-tunisie.com\/en\/facial-lipofilling#primaryimage","url":"https:\/\/www.aram-clinic-tunisie.com\/wp-content\/uploads\/2024\/06\/lipofilling-visage-img1.webp","contentUrl":"https:\/\/www.aram-clinic-tunisie.com\/wp-content\/uploads\/2024\/06\/lipofilling-visage-img1.webp"},{"@type":"BreadcrumbList","@id":"https:\/\/www.aram-clinic-tunisie.com\/en\/facial-lipofilling#breadcrumb","itemListElement":[{"@type":"ListItem","position":1,"name":"Accueil","item":"https:\/\/www.aram-clinic-tunisie.com\/en"},{"@type":"ListItem","position":2,"name":"Facial lipofilling Tunisia : facial fat transfer price, youthful face"}]},{"@type":"WebSite","@id":"https:\/\/www.aram-clinic-tunisie.com\/en#website","url":"https:\/\/www.aram-clinic-tunisie.com\/en","name":"Agence tourisme m\u00e9dical Tunisie : S\u00e9jour m\u00e9dical - Aram Clinic","description":"","publisher":{"@id":"https:\/\/www.aram-clinic-tunisie.com\/en#organization"},"potentialAction":[{"@type":"SearchAction","target":{"@type":"EntryPoint","urlTemplate":"https:\/\/www.aram-clinic-tunisie.com\/en?s={search_term_string}"},"query-input":{"@type":"PropertyValueSpecification","valueRequired":true,"valueName":"search_term_string"}}],"inLanguage":"en-US"},{"@type":"Organization","@id":"https:\/\/www.aram-clinic-tunisie.com\/en#organization","name":"Agence tourisme m\u00e9dical Tunisie : S\u00e9jour m\u00e9dical - Aram Clinic","url":"https:\/\/www.aram-clinic-tunisie.com\/en","logo":{"@type":"ImageObject","inLanguage":"en-US","@id":"https:\/\/www.aram-clinic-tunisie.com\/en#\/schema\/logo\/image\/","url":"https:\/\/www.aram-clinic-tunisie.com\/wp-content\/uploads\/2024\/06\/logo.webp","contentUrl":"https:\/\/www.aram-clinic-tunisie.com\/wp-content\/uploads\/2024\/06\/logo.webp","width":153,"height":60,"caption":"Agence tourisme m\u00e9dical Tunisie : S\u00e9jour m\u00e9dical - Aram Clinic"},"image":{"@id":"https:\/\/www.aram-clinic-tunisie.com\/en#\/schema\/logo\/image\/"}}]}},"_links":{"self":[{"href":"https:\/\/www.aram-clinic-tunisie.com\/en\/wp-json\/wp\/v2\/pages\/2984","targetHints":{"allow":["GET"]}}],"collection":[{"href":"https:\/\/www.aram-clinic-tunisie.com\/en\/wp-json\/wp\/v2\/pages"}],"about":[{"href":"https:\/\/www.aram-clinic-tunisie.com\/en\/wp-json\/wp\/v2\/types\/page"}],"author":[{"embeddable":true,"href":"https:\/\/www.aram-clinic-tunisie.com\/en\/wp-json\/wp\/v2\/users\/1"}],"replies":[{"embeddable":true,"href":"https:\/\/www.aram-clinic-tunisie.com\/en\/wp-json\/wp\/v2\/comments?post=2984"}],"version-history":[{"count":16,"href":"https:\/\/www.aram-clinic-tunisie.com\/en\/wp-json\/wp\/v2\/pages\/2984\/revisions"}],"predecessor-version":[{"id":6251,"href":"https:\/\/www.aram-clinic-tunisie.com\/en\/wp-json\/wp\/v2\/pages\/2984\/revisions\/6251"}],"wp:attachment":[{"href":"https:\/\/www.aram-clinic-tunisie.com\/en\/wp-json\/wp\/v2\/media?parent=2984"}],"curies":[{"name":"wp","href":"https:\/\/api.w.org\/{rel}","templated":true}]}}