{"id":2981,"date":"2024-06-19T10:42:58","date_gmt":"2024-06-19T08:42:58","guid":{"rendered":"https:\/\/biancaview.com\/aram-clinic-tunisie.com\/fils-tenseurs-tunisie-prix-reduit-lifting-visage-sans-chirurgie"},"modified":"2025-05-09T10:06:12","modified_gmt":"2025-05-09T08:06:12","slug":"tensor-threads","status":"publish","type":"page","link":"https:\/\/www.aram-clinic-tunisie.com\/en\/tensor-threads","title":{"rendered":"Tensor threads Tunisia : Facelift without surgery attractive price"},"content":{"rendered":"\t\t<div data-elementor-type=\"wp-page\" data-elementor-id=\"2981\" class=\"elementor elementor-2981\">\n\t\t\t\t<div class=\"elementor-element elementor-element-db475a9 e-con-full e-flex e-con e-parent\" data-id=\"db475a9\" data-element_type=\"container\">\n\t\t\t\t<div class=\"elementor-element elementor-element-13296d6 elementor-widget elementor-widget-html\" data-id=\"13296d6\" data-element_type=\"widget\" data-widget_type=\"html.default\">\n\t\t\t\t<div class=\"elementor-widget-container\">\n\t\t\t<div class=\"swiper-intern\">\r\n    <div class=\"container-fluid intern-slider\">\r\n        <div class=\"bg-image-slider\"><\/div>\r\n        <div class=\"container dark swiper-intern-content\">\r\n            <div class=\"row no-padding\">\r\n                <div class=\"col-xl-8 intern-slider-content\">\r\n                    <p class=\"slider-title\">Aram Clinic: The leader in cosmetic surgery<\/p>\r\n                    \t\r\n<iframe src=\"https:\/\/app.metocrm.com\/web-forms\/e982d06f-6290-415f-bf56-b29f5e4295a1\"  height=\"800px\" width=\"100%\"  frameborder=\"0\" style=\"border-radius: 10px;\"><\/iframe>\r\n                <\/div>\r\n            <\/div>\r\n        <\/div>\r\n        <div class=\"container light\">\r\n            <div class=\"row no-padding  column-reverse\">\r\n                <div class=\"col-lg-8 no-padding\">\r\n                    <div>\r\n                        <h1>Tensor threads Tunisia<\/h1>\r\n                        <p>Tensor threads are made of Polypropylene (they are not reabsorbed and are permanent),\r\n                            Polydioxanone (reabsorbable for\r\n                            the organism and temporary) or mixed threads that are introduced under the skin with a fine\r\n                            needle producing a\r\n                            tensor effect. The treatment does not require surgery or incisions, nor does it leave scars\r\n                            or stitches.\r\n                            <br \/> The most common is that this treatment is performed in facial and neck areas that are\r\n                            more prone to wrinkles\r\n                            or sagging that brings the passage of time, the threads can refine the appearance of the\r\n                            area, eliminate different\r\n                            types of wrinkles and restore the natural appearance to the skin without generating forced\r\n                            expressions or\r\n                            inexpressiveness.\r\n                        <\/p>\r\n                    <\/div>\r\n                <\/div>\r\n                <div class=\"col-lg-4 change-mobile-order\">\r\n                    <a href=\"https:\/\/www.aram-clinic-tunisie.com\/en\/quote\">\r\n                        <div class=\"btn-devis\">\r\n                            <div class=\"btn-devis-img\"><\/div>\r\n                            <div class=\"absolute-btn-content\">\r\n                                <p>Express Quote<\/p>\r\n                            <\/div>\r\n                        <\/div>\r\n                    <\/a>\r\n                <\/div>\r\n            <\/div>\r\n        <\/div>\r\n    <\/div>\r\n<\/div>\r\n\t\t<\/div>\n\t\t\t\t<\/div>\n\t\t\t\t<\/div>\n\t\t<div class=\"elementor-element elementor-element-cb13b0f light e-flex e-con-boxed e-con e-parent\" data-id=\"cb13b0f\" data-element_type=\"container\">\n\t\t\t\t\t<div class=\"e-con-inner\">\n\t\t<div class=\"elementor-element elementor-element-27dd8c0 e-con-full e-flex e-con e-child\" data-id=\"27dd8c0\" data-element_type=\"container\">\n\t\t\t\t<div class=\"elementor-element elementor-element-70cfaf3 elementor-widget elementor-widget-html\" data-id=\"70cfaf3\" data-element_type=\"widget\" data-widget_type=\"html.default\">\n\t\t\t\t<div class=\"elementor-widget-container\">\n\t\t\t<img decoding=\"async\" class=\"\" src=\"https:\/\/www.aram-clinic-tunisie.com\/wp-content\/uploads\/2024\/06\/fils-tenseurs-img1.webp\" alt=\"fils tenseurs tunisie\">\t\t<\/div>\n\t\t\t\t<\/div>\n\t\t\t\t<\/div>\n\t\t<div class=\"elementor-element elementor-element-4b5aba3 e-con-full d-flex justify-content-center flex-column align-items-start e-flex e-con e-child\" data-id=\"4b5aba3\" data-element_type=\"container\">\n\t\t\t\t<div class=\"elementor-element elementor-element-72a47e9 elementor-widget elementor-widget-html\" data-id=\"72a47e9\" data-element_type=\"widget\" data-widget_type=\"html.default\">\n\t\t\t\t<div class=\"elementor-widget-container\">\n\t\t\t<div>\r\n    <h2>Tensor threads Tunisia : how much does it cost ?<\/h2>\r\n    <p>The price <b>tensor threads Tunisia<\/b> is very advantageous and attractive, so ask for a free quote\r\n        to get its cost, contact us by phone for more information, we will be pleased to answer all your\r\n        questions.<\/p>\r\n    <h2>Types of tensor threads<\/h2>\r\n    <p>Some of the most common tensor threads are :<\/p>\r\n    <ul class=\"page-list\">\r\n        <li><b>Monofilament tensor threads :<\/b> They are usually used in facial treatments especially in\r\n            the areas of the jaw and jowls.<\/li>\r\n        <li><b>Multifilament tensor threads :<\/b> These thicker threads are composed of numerous threads and\r\n            when applied they provide a \"filling\" effect on the skin.<\/li>\r\n        <li><b>Spiculated tensor threads :<\/b> These serrated threads are thicker than monofilaments and\r\n            have small spicules, so they have a greater grip on the skin and offer greater tension to the\r\n            area where they are applied.<\/li>\r\n    <\/ul>\r\n    <p>They are usually used to give a \"lifting\" and smoothing effect to large areas such as the cheeks or\r\n        neck where flaccidity is usually more pronounced.<\/p>\r\n<\/div>\r\n\t\t<\/div>\n\t\t\t\t<\/div>\n\t\t\t\t<\/div>\n\t\t\t\t\t<\/div>\n\t\t\t\t<\/div>\n\t\t<div class=\"elementor-element elementor-element-f2050c7 e-con-full e-flex e-con e-parent\" data-id=\"f2050c7\" data-element_type=\"container\">\n\t\t\t\t<div class=\"elementor-element elementor-element-bd1207e elementor-widget elementor-widget-html\" data-id=\"bd1207e\" data-element_type=\"widget\" data-widget_type=\"html.default\">\n\t\t\t\t<div class=\"elementor-widget-container\">\n\t\t\t<div class=\"bg-form4-1 no-padding\">\r\n    <div class=\"container dark\">\r\n        <div class=\"row no-padding\">\r\n            <div class=\"col-xl-7 d-flex justify-content-center flex-column align-items-start\">\r\n                <div>\r\n                    <h2>Tensor threads : for whom ?<\/h2>\r\n                    <p>This is an alternative for patients who do not wish to undergo cosmetic surgery such as a\r\n                        facelift or who have contraindicated it, especially if there is not too much flaccidity\r\n                        at the skin level.<\/p>\r\n                    <p>The ideal candidates are men and women between 35 and 65 years old who wish to rejuvenate\r\n                        their appearance, it also applies to younger patients who have sagging cheeks and\r\n                        forehead due to muscle weakening. It is advisable to start the treatment as soon as the\r\n                        first signs of aging such as flaccidity or wrinkles appear as this facilitates their\r\n                        correction and prevention in the future. In cases of advanced age, the procedure may be\r\n                        ineffective.<\/p>\r\n                    <p>However, it is not recommended for patients with skin problems or with a very weakened\r\n                        skin (thin and fragile) due to aging. <\/p>\r\n                    <p>Patients with strong jaws and sagging in the facial area, pregnant or breastfeeding women\r\n                        are not eligible for this treatment.<\/p>\r\n                    <p>It is your doctor who will tell you whether you can opt for it or not depending on your\r\n                        case.<\/p>\r\n                <\/div>\r\n            <\/div>\r\n            <div class=\"col-xl-5 no-padding d-flex justify-content-center flex-column\">\r\n                <img decoding=\"async\" class=\"\" src=\"https:\/\/www.aram-clinic-tunisie.com\/wp-content\/uploads\/2024\/06\/fils-tenseurs-img2.webp\"\r\n                    alt=\"fils tenseurs prix tunisie\">\r\n            <\/div>\r\n        <\/div>\r\n    <\/div>\r\n<\/div>\r\n\t\t<\/div>\n\t\t\t\t<\/div>\n\t\t\t\t<\/div>\n\t\t<div class=\"elementor-element elementor-element-17e5d2d light e-flex e-con-boxed e-con e-parent\" data-id=\"17e5d2d\" data-element_type=\"container\">\n\t\t\t\t\t<div class=\"e-con-inner\">\n\t\t<div class=\"elementor-element elementor-element-1df0599 e-con-full e-flex e-con e-child\" data-id=\"1df0599\" data-element_type=\"container\">\n\t\t\t\t<div class=\"elementor-element elementor-element-a44f1d5 elementor-widget elementor-widget-html\" data-id=\"a44f1d5\" data-element_type=\"widget\" data-widget_type=\"html.default\">\n\t\t\t\t<div class=\"elementor-widget-container\">\n\t\t\t<img decoding=\"async\" class=\"\" src=\"https:\/\/www.aram-clinic-tunisie.com\/wp-content\/uploads\/2024\/06\/fils-tenseurs-img3.webp\" alt=\"fils tenseurs tunisie\">\t\t<\/div>\n\t\t\t\t<\/div>\n\t\t\t\t<\/div>\n\t\t<div class=\"elementor-element elementor-element-ef515ca e-con-full d-flex justify-content-center flex-column align-items-start e-flex e-con e-child\" data-id=\"ef515ca\" data-element_type=\"container\">\n\t\t\t\t<div class=\"elementor-element elementor-element-d73f493 elementor-widget elementor-widget-html\" data-id=\"d73f493\" data-element_type=\"widget\" data-widget_type=\"html.default\">\n\t\t\t\t<div class=\"elementor-widget-container\">\n\t\t\t<div>\r\n    <h2>How is it performed ?<\/h2>\r\n    <p>This is a simple treatment in which first vectors are drawn on the area to be applied.\r\n        Then, local anaesthesia is applied in the points where the threads will be introduced,\r\n        the exit points and the crossing points of these. The threads are introduced one at a\r\n        time with a fine needle after a small puncture. The number of threads depends on the\r\n        area to be treated, the conditions of this and the effect to be achieved but never less\r\n        than 6.<\/p>\r\n    <p>When the threads are placed, the effect is immediate : a better volume and tension can be\r\n        appreciated. Later, by stimulating the production of collagen in the skin, the natural\r\n        lifting effect will be seen as the thread becomes a \"real\" ligament giving the patient a\r\n        better appearance over time.<\/p>\r\n<\/div>\r\n\t\t<\/div>\n\t\t\t\t<\/div>\n\t\t\t\t<\/div>\n\t\t\t\t\t<\/div>\n\t\t\t\t<\/div>\n\t\t<div class=\"elementor-element elementor-element-c21446d e-con-full e-flex e-con e-parent\" data-id=\"c21446d\" data-element_type=\"container\">\n\t\t\t\t<div class=\"elementor-element elementor-element-3f5ac10 elementor-widget elementor-widget-html\" data-id=\"3f5ac10\" data-element_type=\"widget\" data-widget_type=\"html.default\">\n\t\t\t\t<div class=\"elementor-widget-container\">\n\t\t\t<div class=\"bg-fils-tenseurs-form no-padding\">\r\n    <div class=\"container light\">\r\n        <div class=\"row no-padding\">\r\n            <div class=\"col-xl-8 d-flex justify-content-center flex-column\">\r\n                <div>\r\n                    <h2>The recovery period<\/h2>\r\n                    <p>The recovery of the <b>tensor threads Tunisia<\/b> lasts about 48 hours, during this\r\n                        period it is advisable not to use creams or makeup, nor wash the treated area in the 12\r\n                        hours after. <\/p>\r\n                    <p>In the 24 hours following the procedure, no physical activity or sun exposure is\r\n                        recommended. <\/p>\r\n                    <p>Your surgeon wil prescribe you painkillers to alleviate pain, he\/she will also give you\r\n                        instructions that you must follow.<\/p>\r\n                    <h2>The results of tensor threads Tunisia<\/h2>\r\n                    <p><b>The tensor threads Tunisia<\/b> provide a rejuvenated and natural look with immediate\r\n                        effect, they produce a tightening effect and stimulate the secretion of collagen, so the\r\n                        face will look smoother, less flaccid with a stronger skin.<\/p>\r\n                    <p>The duration of the results will vary according to the composition of the threads : they\r\n                        can be absorbable or non-absorbable and in the case of the latter they must be removed\r\n                        before performing the procedure again. The treatment can last from one and a half to two\r\n                        years after which touch-ups can be performed.<\/p>\r\n\r\n                <\/div>\r\n            <\/div>\r\n            <div class=\"col-xl-4 d-flex justify-content-end align-items-start\">\r\n                <a href=\"https:\/\/www.aram-clinic-tunisie.com\/en\/quote\">\r\n                    <div class=\"btn-devis\">\r\n                        <div class=\"btn-devis-img\"><\/div>\r\n                        <div class=\"absolute-btn-content\">\r\n                            <p>Express Quote<\/p>\r\n                        <\/div>\r\n                    <\/div>\r\n                <\/a>\r\n            <\/div>\r\n        <\/div>\r\n    <\/div>\r\n    <img decoding=\"async\" class=\"display-on-mobile\" style=\"position:relative;z-index: -3;\"\r\n        src=\".\/wp-content\/uploads\/2024\/06\/fils-tenseurs-form.webp\" alt=\"fils tenseurs\">\r\n<\/div>\r\n\t\t<\/div>\n\t\t\t\t<\/div>\n\t\t\t\t<\/div>\n\t\t\t\t<\/div>\n\t\t","protected":false},"excerpt":{"rendered":"<p>Aram Clinic: The leader in cosmetic surgery Tensor threads Tunisia Tensor threads are made of Polypropylene (they are not reabsorbed and are permanent), Polydioxanone (reabsorbable for the organism and temporary) or mixed threads that are introduced under the skin with a fine needle producing a tensor effect. The treatment does not require surgery or incisions, [&hellip;]<\/p>\n","protected":false},"author":1,"featured_media":0,"parent":0,"menu_order":0,"comment_status":"closed","ping_status":"closed","template":"","meta":{"footnotes":""},"class_list":["post-2981","page","type-page","status-publish","hentry"],"yoast_head":"<!-- This site is optimized with the Yoast SEO plugin v27.3 - https:\/\/yoast.com\/product\/yoast-seo-wordpress\/ -->\n<title>Tensor threads Tunisia : Facelift without surgery attractive price<\/title>\n<meta name=\"description\" content=\"Tensor threads in Tunisia is a technique to rejuvenate the face without surgery and this for a young and a smooth facial skin at an atractive price.\" \/>\n<meta name=\"robots\" content=\"index, follow, max-snippet:-1, max-image-preview:large, max-video-preview:-1\" \/>\n<link rel=\"canonical\" href=\"https:\/\/www.aram-clinic-tunisie.com\/en\/tensor-threads\" \/>\n<meta property=\"og:locale\" content=\"en_US\" \/>\n<meta property=\"og:type\" content=\"article\" \/>\n<meta property=\"og:title\" content=\"Tensor threads Tunisia : Facelift without surgery attractive price\" \/>\n<meta property=\"og:description\" content=\"Tensor threads in Tunisia is a technique to rejuvenate the face without surgery and this for a young and a smooth facial skin at an atractive price.\" \/>\n<meta property=\"og:url\" content=\"https:\/\/www.aram-clinic-tunisie.com\/en\/tensor-threads\" \/>\n<meta property=\"og:site_name\" content=\"Agence tourisme m\u00e9dical Tunisie : S\u00e9jour m\u00e9dical - Aram Clinic\" \/>\n<meta property=\"article:modified_time\" content=\"2025-05-09T08:06:12+00:00\" \/>\n<meta property=\"og:image\" content=\"https:\/\/www.aram-clinic-tunisie.com\/wp-content\/uploads\/2024\/06\/fils-tenseurs-img1.webp\" \/>\n<meta name=\"twitter:card\" content=\"summary_large_image\" \/>\n<meta name=\"twitter:label1\" content=\"Est. reading time\" \/>\n\t<meta name=\"twitter:data1\" content=\"5 minutes\" \/>\n<script type=\"application\/ld+json\" class=\"yoast-schema-graph\">{\"@context\":\"https:\\\/\\\/schema.org\",\"@graph\":[{\"@type\":\"WebPage\",\"@id\":\"https:\\\/\\\/www.aram-clinic-tunisie.com\\\/en\\\/tensor-threads\",\"url\":\"https:\\\/\\\/www.aram-clinic-tunisie.com\\\/en\\\/tensor-threads\",\"name\":\"Tensor threads Tunisia : Facelift without surgery attractive price\",\"isPartOf\":{\"@id\":\"https:\\\/\\\/www.aram-clinic-tunisie.com\\\/en#website\"},\"primaryImageOfPage\":{\"@id\":\"https:\\\/\\\/www.aram-clinic-tunisie.com\\\/en\\\/tensor-threads#primaryimage\"},\"image\":{\"@id\":\"https:\\\/\\\/www.aram-clinic-tunisie.com\\\/en\\\/tensor-threads#primaryimage\"},\"thumbnailUrl\":\"https:\\\/\\\/www.aram-clinic-tunisie.com\\\/wp-content\\\/uploads\\\/2024\\\/06\\\/fils-tenseurs-img1.webp\",\"datePublished\":\"2024-06-19T08:42:58+00:00\",\"dateModified\":\"2025-05-09T08:06:12+00:00\",\"description\":\"Tensor threads in Tunisia is a technique to rejuvenate the face without surgery and this for a young and a smooth facial skin at an atractive price.\",\"breadcrumb\":{\"@id\":\"https:\\\/\\\/www.aram-clinic-tunisie.com\\\/en\\\/tensor-threads#breadcrumb\"},\"inLanguage\":\"en-US\",\"potentialAction\":[{\"@type\":\"ReadAction\",\"target\":[\"https:\\\/\\\/www.aram-clinic-tunisie.com\\\/en\\\/tensor-threads\"]}]},{\"@type\":\"ImageObject\",\"inLanguage\":\"en-US\",\"@id\":\"https:\\\/\\\/www.aram-clinic-tunisie.com\\\/en\\\/tensor-threads#primaryimage\",\"url\":\"https:\\\/\\\/www.aram-clinic-tunisie.com\\\/wp-content\\\/uploads\\\/2024\\\/06\\\/fils-tenseurs-img1.webp\",\"contentUrl\":\"https:\\\/\\\/www.aram-clinic-tunisie.com\\\/wp-content\\\/uploads\\\/2024\\\/06\\\/fils-tenseurs-img1.webp\"},{\"@type\":\"BreadcrumbList\",\"@id\":\"https:\\\/\\\/www.aram-clinic-tunisie.com\\\/en\\\/tensor-threads#breadcrumb\",\"itemListElement\":[{\"@type\":\"ListItem\",\"position\":1,\"name\":\"Accueil\",\"item\":\"https:\\\/\\\/www.aram-clinic-tunisie.com\\\/en\"},{\"@type\":\"ListItem\",\"position\":2,\"name\":\"Tensor threads Tunisia : Facelift without surgery attractive price\"}]},{\"@type\":\"WebSite\",\"@id\":\"https:\\\/\\\/www.aram-clinic-tunisie.com\\\/en#website\",\"url\":\"https:\\\/\\\/www.aram-clinic-tunisie.com\\\/en\",\"name\":\"Agence tourisme m\u00e9dical Tunisie : S\u00e9jour m\u00e9dical - Aram Clinic\",\"description\":\"\",\"publisher\":{\"@id\":\"https:\\\/\\\/www.aram-clinic-tunisie.com\\\/en#organization\"},\"potentialAction\":[{\"@type\":\"SearchAction\",\"target\":{\"@type\":\"EntryPoint\",\"urlTemplate\":\"https:\\\/\\\/www.aram-clinic-tunisie.com\\\/en?s={search_term_string}\"},\"query-input\":{\"@type\":\"PropertyValueSpecification\",\"valueRequired\":true,\"valueName\":\"search_term_string\"}}],\"inLanguage\":\"en-US\"},{\"@type\":\"Organization\",\"@id\":\"https:\\\/\\\/www.aram-clinic-tunisie.com\\\/en#organization\",\"name\":\"Agence tourisme m\u00e9dical Tunisie : S\u00e9jour m\u00e9dical - Aram Clinic\",\"url\":\"https:\\\/\\\/www.aram-clinic-tunisie.com\\\/en\",\"logo\":{\"@type\":\"ImageObject\",\"inLanguage\":\"en-US\",\"@id\":\"https:\\\/\\\/www.aram-clinic-tunisie.com\\\/en#\\\/schema\\\/logo\\\/image\\\/\",\"url\":\"https:\\\/\\\/www.aram-clinic-tunisie.com\\\/wp-content\\\/uploads\\\/2024\\\/06\\\/logo.webp\",\"contentUrl\":\"https:\\\/\\\/www.aram-clinic-tunisie.com\\\/wp-content\\\/uploads\\\/2024\\\/06\\\/logo.webp\",\"width\":153,\"height\":60,\"caption\":\"Agence tourisme m\u00e9dical Tunisie : S\u00e9jour m\u00e9dical - Aram Clinic\"},\"image\":{\"@id\":\"https:\\\/\\\/www.aram-clinic-tunisie.com\\\/en#\\\/schema\\\/logo\\\/image\\\/\"}}]}<\/script>\n<!-- \/ Yoast SEO plugin. -->","yoast_head_json":{"title":"Tensor threads Tunisia : Facelift without surgery attractive price","description":"Tensor threads in Tunisia is a technique to rejuvenate the face without surgery and this for a young and a smooth facial skin at an atractive price.","robots":{"index":"index","follow":"follow","max-snippet":"max-snippet:-1","max-image-preview":"max-image-preview:large","max-video-preview":"max-video-preview:-1"},"canonical":"https:\/\/www.aram-clinic-tunisie.com\/en\/tensor-threads","og_locale":"en_US","og_type":"article","og_title":"Tensor threads Tunisia : Facelift without surgery attractive price","og_description":"Tensor threads in Tunisia is a technique to rejuvenate the face without surgery and this for a young and a smooth facial skin at an atractive price.","og_url":"https:\/\/www.aram-clinic-tunisie.com\/en\/tensor-threads","og_site_name":"Agence tourisme m\u00e9dical Tunisie : S\u00e9jour m\u00e9dical - Aram Clinic","article_modified_time":"2025-05-09T08:06:12+00:00","og_image":[{"url":"https:\/\/www.aram-clinic-tunisie.com\/wp-content\/uploads\/2024\/06\/fils-tenseurs-img1.webp","type":"","width":"","height":""}],"twitter_card":"summary_large_image","twitter_misc":{"Est. reading time":"5 minutes"},"schema":{"@context":"https:\/\/schema.org","@graph":[{"@type":"WebPage","@id":"https:\/\/www.aram-clinic-tunisie.com\/en\/tensor-threads","url":"https:\/\/www.aram-clinic-tunisie.com\/en\/tensor-threads","name":"Tensor threads Tunisia : Facelift without surgery attractive price","isPartOf":{"@id":"https:\/\/www.aram-clinic-tunisie.com\/en#website"},"primaryImageOfPage":{"@id":"https:\/\/www.aram-clinic-tunisie.com\/en\/tensor-threads#primaryimage"},"image":{"@id":"https:\/\/www.aram-clinic-tunisie.com\/en\/tensor-threads#primaryimage"},"thumbnailUrl":"https:\/\/www.aram-clinic-tunisie.com\/wp-content\/uploads\/2024\/06\/fils-tenseurs-img1.webp","datePublished":"2024-06-19T08:42:58+00:00","dateModified":"2025-05-09T08:06:12+00:00","description":"Tensor threads in Tunisia is a technique to rejuvenate the face without surgery and this for a young and a smooth facial skin at an atractive price.","breadcrumb":{"@id":"https:\/\/www.aram-clinic-tunisie.com\/en\/tensor-threads#breadcrumb"},"inLanguage":"en-US","potentialAction":[{"@type":"ReadAction","target":["https:\/\/www.aram-clinic-tunisie.com\/en\/tensor-threads"]}]},{"@type":"ImageObject","inLanguage":"en-US","@id":"https:\/\/www.aram-clinic-tunisie.com\/en\/tensor-threads#primaryimage","url":"https:\/\/www.aram-clinic-tunisie.com\/wp-content\/uploads\/2024\/06\/fils-tenseurs-img1.webp","contentUrl":"https:\/\/www.aram-clinic-tunisie.com\/wp-content\/uploads\/2024\/06\/fils-tenseurs-img1.webp"},{"@type":"BreadcrumbList","@id":"https:\/\/www.aram-clinic-tunisie.com\/en\/tensor-threads#breadcrumb","itemListElement":[{"@type":"ListItem","position":1,"name":"Accueil","item":"https:\/\/www.aram-clinic-tunisie.com\/en"},{"@type":"ListItem","position":2,"name":"Tensor threads Tunisia : Facelift without surgery attractive price"}]},{"@type":"WebSite","@id":"https:\/\/www.aram-clinic-tunisie.com\/en#website","url":"https:\/\/www.aram-clinic-tunisie.com\/en","name":"Agence tourisme m\u00e9dical Tunisie : S\u00e9jour m\u00e9dical - Aram Clinic","description":"","publisher":{"@id":"https:\/\/www.aram-clinic-tunisie.com\/en#organization"},"potentialAction":[{"@type":"SearchAction","target":{"@type":"EntryPoint","urlTemplate":"https:\/\/www.aram-clinic-tunisie.com\/en?s={search_term_string}"},"query-input":{"@type":"PropertyValueSpecification","valueRequired":true,"valueName":"search_term_string"}}],"inLanguage":"en-US"},{"@type":"Organization","@id":"https:\/\/www.aram-clinic-tunisie.com\/en#organization","name":"Agence tourisme m\u00e9dical Tunisie : S\u00e9jour m\u00e9dical - Aram Clinic","url":"https:\/\/www.aram-clinic-tunisie.com\/en","logo":{"@type":"ImageObject","inLanguage":"en-US","@id":"https:\/\/www.aram-clinic-tunisie.com\/en#\/schema\/logo\/image\/","url":"https:\/\/www.aram-clinic-tunisie.com\/wp-content\/uploads\/2024\/06\/logo.webp","contentUrl":"https:\/\/www.aram-clinic-tunisie.com\/wp-content\/uploads\/2024\/06\/logo.webp","width":153,"height":60,"caption":"Agence tourisme m\u00e9dical Tunisie : S\u00e9jour m\u00e9dical - Aram Clinic"},"image":{"@id":"https:\/\/www.aram-clinic-tunisie.com\/en#\/schema\/logo\/image\/"}}]}},"_links":{"self":[{"href":"https:\/\/www.aram-clinic-tunisie.com\/en\/wp-json\/wp\/v2\/pages\/2981","targetHints":{"allow":["GET"]}}],"collection":[{"href":"https:\/\/www.aram-clinic-tunisie.com\/en\/wp-json\/wp\/v2\/pages"}],"about":[{"href":"https:\/\/www.aram-clinic-tunisie.com\/en\/wp-json\/wp\/v2\/types\/page"}],"author":[{"embeddable":true,"href":"https:\/\/www.aram-clinic-tunisie.com\/en\/wp-json\/wp\/v2\/users\/1"}],"replies":[{"embeddable":true,"href":"https:\/\/www.aram-clinic-tunisie.com\/en\/wp-json\/wp\/v2\/comments?post=2981"}],"version-history":[{"count":16,"href":"https:\/\/www.aram-clinic-tunisie.com\/en\/wp-json\/wp\/v2\/pages\/2981\/revisions"}],"predecessor-version":[{"id":6325,"href":"https:\/\/www.aram-clinic-tunisie.com\/en\/wp-json\/wp\/v2\/pages\/2981\/revisions\/6325"}],"wp:attachment":[{"href":"https:\/\/www.aram-clinic-tunisie.com\/en\/wp-json\/wp\/v2\/media?parent=2981"}],"curies":[{"name":"wp","href":"https:\/\/api.w.org\/{rel}","templated":true}]}}