{"id":2941,"date":"2024-06-18T18:06:02","date_gmt":"2024-06-18T16:06:02","guid":{"rendered":"https:\/\/biancaview.com\/aram-clinic-tunisie.com\/chirurgiens-esthetiques-tunisie-decouvrez-nos-specialistes"},"modified":"2025-05-09T10:05:42","modified_gmt":"2025-05-09T08:05:42","slug":"surgeons","status":"publish","type":"page","link":"https:\/\/www.aram-clinic-tunisie.com\/en\/surgeons","title":{"rendered":"Surgeons at Aram Clinic"},"content":{"rendered":"\t\t<div data-elementor-type=\"wp-page\" data-elementor-id=\"2941\" class=\"elementor elementor-2941\">\n\t\t\t\t<div class=\"elementor-element elementor-element-da9a624 e-con-full e-flex e-con e-parent\" data-id=\"da9a624\" data-element_type=\"container\">\n\t\t\t\t<div class=\"elementor-element elementor-element-fb4200a elementor-widget elementor-widget-html\" data-id=\"fb4200a\" data-element_type=\"widget\" data-widget_type=\"html.default\">\n\t\t\t\t<div class=\"elementor-widget-container\">\n\t\t\t<div class=\"swiper-intern\">\r\n    <div class=\"container-fluid intern-slider\">\r\n        <div class=\"bg-image-slider\"><\/div>\r\n        <div class=\"container dark swiper-intern-content\">\r\n            <div class=\"row no-padding\">\r\n                <div class=\"col-xl-8 intern-slider-content\">\r\n                    <p class=\"slider-title\">Aram Clinic: The leader in cosmetic surgery<\/p>\r\n                    \t\r\n<iframe src=\"https:\/\/app.metocrm.com\/web-forms\/e982d06f-6290-415f-bf56-b29f5e4295a1\"  height=\"800px\" width=\"100%\"  frameborder=\"0\" style=\"border-radius: 10px;\"><\/iframe>\r\n                <\/div>\r\n            <\/div>\r\n        <\/div>\r\n        <div class=\"container light\">\r\n            <div class=\"row no-padding  column-reverse\">\r\n                <div class=\"col-lg-8 no-padding\">\r\n                    <div>\r\n                        <h1>Surgeons at Aram Clinic<\/h1>\r\n                        <p>When deciding to have a surgery with Aram Clinic or it's partners you will be having one of\r\n                            the most relaxing and\r\n                            stress free medical experiences.\r\n                            <br \/>\r\n                            At Aram Clinic our medical staff takes great satisfaction in providing patients with all the\r\n                            optimal conditions.\r\n                        <\/p>\r\n                    <\/div>\r\n                <\/div>\r\n                <div class=\"col-lg-4 change-mobile-order\">\r\n                    <a href=\"https:\/\/www.aram-clinic-tunisie.com\/en\/quote\">\r\n                        <div class=\"btn-devis\">\r\n                            <div class=\"btn-devis-img\"><\/div>\r\n                            <div class=\"absolute-btn-content\">\r\n                                <p>Express Quote<\/p>\r\n                            <\/div>\r\n                        <\/div>\r\n                    <\/a>\r\n                <\/div>\r\n            <\/div>\r\n            <div class=\"row no-padding\">\r\n                <div class=\"col-12 no-padding\">\r\n                    <div>\r\n                        <h2>Choosing the best surgeons for a successful cosmetic surgery<\/h2>\r\n                        <p>Aram Clinic and its partners have some of the best medical facilities in all of Tunisia,\r\n                            provided with state of the\r\n                            art medical technology.\r\n                            <br \/> However Aram Clinic's biggest pride is our medical staff that is composed of some of\r\n                            the most efficient\r\n                            doctors, serious and nurses to provide you with all the necessary care to have a relaxing\r\n                            experience.\r\n                        <\/p>\r\n                        <p>Our surgeons are some of the most known and highly professional medical practicians in\r\n                            Tunisia.\r\n                            <br \/> With a rich educational background coming from the top medical schools in Tunisia and\r\n                            abroad, They are\r\n                            seasoned surgeons whose vocation, in addition to their training in cosmetic surgery, is to\r\n                            be interested in progress\r\n                            and scientific research.\r\n                        <\/p>\r\n                    <\/div>\r\n                <\/div>\r\n            <\/div>\r\n        <\/div>\r\n    <\/div>\r\n<\/div>\r\n\t\t<\/div>\n\t\t\t\t<\/div>\n\t\t\t\t<\/div>\n\t\t<div class=\"elementor-element elementor-element-a17a388 e-con-full pt-5 e-flex e-con e-parent\" data-id=\"a17a388\" data-element_type=\"container\">\n\t\t\t\t<div class=\"elementor-element elementor-element-fd37567 elementor-widget elementor-widget-html\" data-id=\"fd37567\" data-element_type=\"widget\" data-widget_type=\"html.default\">\n\t\t\t\t<div class=\"elementor-widget-container\">\n\t\t\t<div class=\"bg-chirurgiens-form no-padding\">\r\n    <div class=\"container light\">\r\n        <div class=\"row no-padding\">\r\n            <div class=\"col-md-5 d-flex justify-content-end align-items-start\">\r\n                <a href=\"https:\/\/www.aram-clinic-tunisie.com\/en\/quote\">\r\n                    <div class=\"btn-devis\">\r\n                        <div class=\"btn-devis-img\"><\/div>\r\n                        <div class=\"absolute-btn-content\">\r\n                            <p>Express Quote<\/p>\r\n                        <\/div>\r\n                    <\/div>\r\n                <\/a>\r\n            <\/div>\r\n            <div class=\"col-md-7 pt-5 change-mobile-order\">\r\n                <h2>Internationally renowned surgeons<\/h2>\r\n                <p>To ensure that our patients are confident in their choice of surgeons, we ensure that we work with\r\n                    surgeons that are virtuous and highly experienced in the practice of plastic surgery.<\/p>\r\n                <p>They are excellent specialists in the field cosmetic surgery, and each deals with their own area of\r\n                    specialty.<\/p>\r\n                <h2>What makes the surgeons at Aram Clinic special is not only their high level of efficiency<\/h2>\r\n                <p>professionalism and high success rate, it's also the ability to create a personal bond with the\r\n                    patient.<\/p>\r\n                <p>When choosing a surgeon, it's not only their achievements; you must also feel comfortable enough to\r\n                    discuss your procedures, and you will need to trust your doctors completely.<\/p>\r\n                <p>Luckily at Aram Clinic and all of our partners, we have a medical staff that is equipped with a keen\r\n                    ear and a discerning eye to better detect problems, understand expectations and choose the right\r\n                    solution for them.<\/p>\r\n                <p>Our doctors have very well people's relations and communications skills; they will reassure you a\r\n                    well spent experience and above all to explain the procedure in great detail and in a smooth and\r\n                    simple manner.<\/p>\r\n            <\/div>\r\n        <\/div>\r\n    <\/div>\r\n    <img decoding=\"async\" class=\"display-on-mobile\" style=\"position:relative;z-index: -3;\"\r\n        src=\".\/wp-content\/uploads\/2024\/06\/chirurgiens-form.webp\" alt=\"aram clinic\">\r\n<\/div>\r\n\t\t<\/div>\n\t\t\t\t<\/div>\n\t\t\t\t<\/div>\n\t\t\t\t<\/div>\n\t\t","protected":false},"excerpt":{"rendered":"<p>Aram Clinic: The leader in cosmetic surgery Surgeons at Aram Clinic When deciding to have a surgery with Aram Clinic or it&#8217;s partners you will be having one of the most relaxing and stress free medical experiences. At Aram Clinic our medical staff takes great satisfaction in providing patients with all the optimal conditions. Express [&hellip;]<\/p>\n","protected":false},"author":1,"featured_media":0,"parent":0,"menu_order":0,"comment_status":"closed","ping_status":"closed","template":"","meta":{"footnotes":""},"class_list":["post-2941","page","type-page","status-publish","hentry"],"yoast_head":"<!-- This site is optimized with the Yoast SEO plugin v27.3 - https:\/\/yoast.com\/product\/yoast-seo-wordpress\/ -->\n<title>Aram Clinic : The leader in cosmetic surgery<\/title>\n<meta name=\"robots\" content=\"index, follow, max-snippet:-1, max-image-preview:large, max-video-preview:-1\" \/>\n<link rel=\"canonical\" href=\"https:\/\/www.aram-clinic-tunisie.com\/en\/surgeons\" \/>\n<meta property=\"og:locale\" content=\"en_US\" \/>\n<meta property=\"og:type\" content=\"article\" \/>\n<meta property=\"og:title\" content=\"Aram Clinic : The leader in cosmetic surgery\" \/>\n<meta property=\"og:description\" content=\"Aram Clinic: The leader in cosmetic surgery Surgeons at Aram Clinic When deciding to have a surgery with Aram Clinic or it&#8217;s partners you will be having one of the most relaxing and stress free medical experiences. At Aram Clinic our medical staff takes great satisfaction in providing patients with all the optimal conditions. Express [&hellip;]\" \/>\n<meta property=\"og:url\" content=\"https:\/\/www.aram-clinic-tunisie.com\/en\/surgeons\" \/>\n<meta property=\"og:site_name\" content=\"Agence tourisme m\u00e9dical Tunisie : S\u00e9jour m\u00e9dical - Aram Clinic\" \/>\n<meta property=\"article:modified_time\" content=\"2025-05-09T08:05:42+00:00\" \/>\n<meta name=\"twitter:card\" content=\"summary_large_image\" \/>\n<meta name=\"twitter:label1\" content=\"Est. reading time\" \/>\n\t<meta name=\"twitter:data1\" content=\"3 minutes\" \/>\n<script type=\"application\/ld+json\" class=\"yoast-schema-graph\">{\"@context\":\"https:\\\/\\\/schema.org\",\"@graph\":[{\"@type\":\"WebPage\",\"@id\":\"https:\\\/\\\/www.aram-clinic-tunisie.com\\\/en\\\/surgeons\",\"url\":\"https:\\\/\\\/www.aram-clinic-tunisie.com\\\/en\\\/surgeons\",\"name\":\"Aram Clinic : The leader in cosmetic surgery\",\"isPartOf\":{\"@id\":\"https:\\\/\\\/www.aram-clinic-tunisie.com\\\/en#website\"},\"datePublished\":\"2024-06-18T16:06:02+00:00\",\"dateModified\":\"2025-05-09T08:05:42+00:00\",\"breadcrumb\":{\"@id\":\"https:\\\/\\\/www.aram-clinic-tunisie.com\\\/en\\\/surgeons#breadcrumb\"},\"inLanguage\":\"en-US\",\"potentialAction\":[{\"@type\":\"ReadAction\",\"target\":[\"https:\\\/\\\/www.aram-clinic-tunisie.com\\\/en\\\/surgeons\"]}]},{\"@type\":\"BreadcrumbList\",\"@id\":\"https:\\\/\\\/www.aram-clinic-tunisie.com\\\/en\\\/surgeons#breadcrumb\",\"itemListElement\":[{\"@type\":\"ListItem\",\"position\":1,\"name\":\"Accueil\",\"item\":\"https:\\\/\\\/www.aram-clinic-tunisie.com\\\/en\"},{\"@type\":\"ListItem\",\"position\":2,\"name\":\"Surgeons at Aram Clinic\"}]},{\"@type\":\"WebSite\",\"@id\":\"https:\\\/\\\/www.aram-clinic-tunisie.com\\\/en#website\",\"url\":\"https:\\\/\\\/www.aram-clinic-tunisie.com\\\/en\",\"name\":\"Agence tourisme m\u00e9dical Tunisie : S\u00e9jour m\u00e9dical - Aram Clinic\",\"description\":\"\",\"publisher\":{\"@id\":\"https:\\\/\\\/www.aram-clinic-tunisie.com\\\/en#organization\"},\"potentialAction\":[{\"@type\":\"SearchAction\",\"target\":{\"@type\":\"EntryPoint\",\"urlTemplate\":\"https:\\\/\\\/www.aram-clinic-tunisie.com\\\/en?s={search_term_string}\"},\"query-input\":{\"@type\":\"PropertyValueSpecification\",\"valueRequired\":true,\"valueName\":\"search_term_string\"}}],\"inLanguage\":\"en-US\"},{\"@type\":\"Organization\",\"@id\":\"https:\\\/\\\/www.aram-clinic-tunisie.com\\\/en#organization\",\"name\":\"Agence tourisme m\u00e9dical Tunisie : S\u00e9jour m\u00e9dical - Aram Clinic\",\"url\":\"https:\\\/\\\/www.aram-clinic-tunisie.com\\\/en\",\"logo\":{\"@type\":\"ImageObject\",\"inLanguage\":\"en-US\",\"@id\":\"https:\\\/\\\/www.aram-clinic-tunisie.com\\\/en#\\\/schema\\\/logo\\\/image\\\/\",\"url\":\"https:\\\/\\\/www.aram-clinic-tunisie.com\\\/wp-content\\\/uploads\\\/2024\\\/06\\\/logo.webp\",\"contentUrl\":\"https:\\\/\\\/www.aram-clinic-tunisie.com\\\/wp-content\\\/uploads\\\/2024\\\/06\\\/logo.webp\",\"width\":153,\"height\":60,\"caption\":\"Agence tourisme m\u00e9dical Tunisie : S\u00e9jour m\u00e9dical - Aram Clinic\"},\"image\":{\"@id\":\"https:\\\/\\\/www.aram-clinic-tunisie.com\\\/en#\\\/schema\\\/logo\\\/image\\\/\"}}]}<\/script>\n<!-- \/ Yoast SEO plugin. -->","yoast_head_json":{"title":"Aram Clinic : The leader in cosmetic surgery","robots":{"index":"index","follow":"follow","max-snippet":"max-snippet:-1","max-image-preview":"max-image-preview:large","max-video-preview":"max-video-preview:-1"},"canonical":"https:\/\/www.aram-clinic-tunisie.com\/en\/surgeons","og_locale":"en_US","og_type":"article","og_title":"Aram Clinic : The leader in cosmetic surgery","og_description":"Aram Clinic: The leader in cosmetic surgery Surgeons at Aram Clinic When deciding to have a surgery with Aram Clinic or it&#8217;s partners you will be having one of the most relaxing and stress free medical experiences. At Aram Clinic our medical staff takes great satisfaction in providing patients with all the optimal conditions. Express [&hellip;]","og_url":"https:\/\/www.aram-clinic-tunisie.com\/en\/surgeons","og_site_name":"Agence tourisme m\u00e9dical Tunisie : S\u00e9jour m\u00e9dical - Aram Clinic","article_modified_time":"2025-05-09T08:05:42+00:00","twitter_card":"summary_large_image","twitter_misc":{"Est. reading time":"3 minutes"},"schema":{"@context":"https:\/\/schema.org","@graph":[{"@type":"WebPage","@id":"https:\/\/www.aram-clinic-tunisie.com\/en\/surgeons","url":"https:\/\/www.aram-clinic-tunisie.com\/en\/surgeons","name":"Aram Clinic : The leader in cosmetic surgery","isPartOf":{"@id":"https:\/\/www.aram-clinic-tunisie.com\/en#website"},"datePublished":"2024-06-18T16:06:02+00:00","dateModified":"2025-05-09T08:05:42+00:00","breadcrumb":{"@id":"https:\/\/www.aram-clinic-tunisie.com\/en\/surgeons#breadcrumb"},"inLanguage":"en-US","potentialAction":[{"@type":"ReadAction","target":["https:\/\/www.aram-clinic-tunisie.com\/en\/surgeons"]}]},{"@type":"BreadcrumbList","@id":"https:\/\/www.aram-clinic-tunisie.com\/en\/surgeons#breadcrumb","itemListElement":[{"@type":"ListItem","position":1,"name":"Accueil","item":"https:\/\/www.aram-clinic-tunisie.com\/en"},{"@type":"ListItem","position":2,"name":"Surgeons at Aram Clinic"}]},{"@type":"WebSite","@id":"https:\/\/www.aram-clinic-tunisie.com\/en#website","url":"https:\/\/www.aram-clinic-tunisie.com\/en","name":"Agence tourisme m\u00e9dical Tunisie : S\u00e9jour m\u00e9dical - Aram Clinic","description":"","publisher":{"@id":"https:\/\/www.aram-clinic-tunisie.com\/en#organization"},"potentialAction":[{"@type":"SearchAction","target":{"@type":"EntryPoint","urlTemplate":"https:\/\/www.aram-clinic-tunisie.com\/en?s={search_term_string}"},"query-input":{"@type":"PropertyValueSpecification","valueRequired":true,"valueName":"search_term_string"}}],"inLanguage":"en-US"},{"@type":"Organization","@id":"https:\/\/www.aram-clinic-tunisie.com\/en#organization","name":"Agence tourisme m\u00e9dical Tunisie : S\u00e9jour m\u00e9dical - Aram Clinic","url":"https:\/\/www.aram-clinic-tunisie.com\/en","logo":{"@type":"ImageObject","inLanguage":"en-US","@id":"https:\/\/www.aram-clinic-tunisie.com\/en#\/schema\/logo\/image\/","url":"https:\/\/www.aram-clinic-tunisie.com\/wp-content\/uploads\/2024\/06\/logo.webp","contentUrl":"https:\/\/www.aram-clinic-tunisie.com\/wp-content\/uploads\/2024\/06\/logo.webp","width":153,"height":60,"caption":"Agence tourisme m\u00e9dical Tunisie : S\u00e9jour m\u00e9dical - Aram Clinic"},"image":{"@id":"https:\/\/www.aram-clinic-tunisie.com\/en#\/schema\/logo\/image\/"}}]}},"_links":{"self":[{"href":"https:\/\/www.aram-clinic-tunisie.com\/en\/wp-json\/wp\/v2\/pages\/2941","targetHints":{"allow":["GET"]}}],"collection":[{"href":"https:\/\/www.aram-clinic-tunisie.com\/en\/wp-json\/wp\/v2\/pages"}],"about":[{"href":"https:\/\/www.aram-clinic-tunisie.com\/en\/wp-json\/wp\/v2\/types\/page"}],"author":[{"embeddable":true,"href":"https:\/\/www.aram-clinic-tunisie.com\/en\/wp-json\/wp\/v2\/users\/1"}],"replies":[{"embeddable":true,"href":"https:\/\/www.aram-clinic-tunisie.com\/en\/wp-json\/wp\/v2\/comments?post=2941"}],"version-history":[{"count":25,"href":"https:\/\/www.aram-clinic-tunisie.com\/en\/wp-json\/wp\/v2\/pages\/2941\/revisions"}],"predecessor-version":[{"id":6319,"href":"https:\/\/www.aram-clinic-tunisie.com\/en\/wp-json\/wp\/v2\/pages\/2941\/revisions\/6319"}],"wp:attachment":[{"href":"https:\/\/www.aram-clinic-tunisie.com\/en\/wp-json\/wp\/v2\/media?parent=2941"}],"curies":[{"name":"wp","href":"https:\/\/api.w.org\/{rel}","templated":true}]}}