{"id":2940,"date":"2024-06-18T18:03:30","date_gmt":"2024-06-18T16:03:30","guid":{"rendered":"https:\/\/biancaview.com\/aram-clinic-tunisie.com\/cliniques-esthetiques-tunisie-tout-savoir-sur-nos-partenaires"},"modified":"2025-05-09T09:34:14","modified_gmt":"2025-05-09T07:34:14","slug":"clinic","status":"publish","type":"page","link":"https:\/\/www.aram-clinic-tunisie.com\/en\/clinic","title":{"rendered":"Aram Clinic : The leader in cosmetic surgery"},"content":{"rendered":"\t\t<div data-elementor-type=\"wp-page\" data-elementor-id=\"2940\" class=\"elementor elementor-2940\">\n\t\t\t\t<div class=\"elementor-element elementor-element-63b170c e-con-full e-flex e-con e-parent\" data-id=\"63b170c\" data-element_type=\"container\">\n\t\t\t\t<div class=\"elementor-element elementor-element-f04e812 elementor-widget elementor-widget-html\" data-id=\"f04e812\" data-element_type=\"widget\" data-widget_type=\"html.default\">\n\t\t\t\t<div class=\"elementor-widget-container\">\n\t\t\t<div class=\"swiper-intern\">\r\n    <div class=\"container-fluid intern-slider\">\r\n        <div class=\"bg-image-slider\"><\/div>\r\n        <div class=\"container dark swiper-intern-content\">\r\n            <div class=\"row no-padding\">\r\n                <div class=\"col-xl-8 intern-slider-content\">\r\n                    <p class=\"slider-title\">Aram Clinic: The leader in cosmetic surgery<\/p>\r\n                   \t\r\n<iframe src=\"https:\/\/app.metocrm.com\/web-forms\/e982d06f-6290-415f-bf56-b29f5e4295a1\"  height=\"800px\" width=\"100%\"  frameborder=\"0\" style=\"border-radius: 10px;\"><\/iframe>\r\n                <\/div>\r\n            <\/div>\r\n        <\/div>\r\n        <div class=\"container light\">\r\n            <div class=\"row no-padding  column-reverse\">\r\n                <div class=\"col-lg-8 no-padding\">\r\n                    <div>\r\n                        <h1>Aram's Tunisian partner clinics<\/h1>\r\n                        <p>When you decide to undergo a surgery in Tunisia, Aram Clinic offers you the best choice in\r\n                            clinics with a large\r\n                            variety.\r\n                            <br \/>\r\n                            We pride ourselves in being one of the top clinics for medical tourism.\r\n                            <br \/>\r\n                            The choice is based on common values, the same vision between our agency and its partners.\r\n                        <\/p>\r\n                    <\/div>\r\n                <\/div>\r\n                <div class=\"col-lg-4 change-mobile-order\">\r\n                    <a href=\"https:\/\/www.aram-clinic-tunisie.com\/en\/quote\">\r\n                        <div class=\"btn-devis\">\r\n                            <div class=\"btn-devis-img\"><\/div>\r\n                            <div class=\"absolute-btn-content\">\r\n                                <p>Express Quote<\/p>\r\n                            <\/div>\r\n                        <\/div>\r\n                    <\/a>\r\n                <\/div>\r\n            <\/div>\r\n        <\/div>\r\n    <\/div>\r\n<\/div>\r\n\t\t<\/div>\n\t\t\t\t<\/div>\n\t\t\t\t<\/div>\n\t\t<div class=\"elementor-element elementor-element-e48b33a light e-flex e-con-boxed e-con e-parent\" data-id=\"e48b33a\" data-element_type=\"container\">\n\t\t\t\t\t<div class=\"e-con-inner\">\n\t\t<div class=\"elementor-element elementor-element-d8fffa8 e-con-full e-flex e-con e-child\" data-id=\"d8fffa8\" data-element_type=\"container\">\n\t\t\t\t<div class=\"elementor-element elementor-element-50ae030 elementor-widget elementor-widget-html\" data-id=\"50ae030\" data-element_type=\"widget\" data-widget_type=\"html.default\">\n\t\t\t\t<div class=\"elementor-widget-container\">\n\t\t\t<img decoding=\"async\" class=\"\" src=\"https:\/\/www.aram-clinic-tunisie.com\/wp-content\/uploads\/2024\/06\/cliniques-img1.webp\" alt=\"aram clinic\">\t\t<\/div>\n\t\t\t\t<\/div>\n\t\t\t\t<\/div>\n\t\t<div class=\"elementor-element elementor-element-6cb660f e-con-full d-flex justify-content-center flex-column align-items-start e-flex e-con e-child\" data-id=\"6cb660f\" data-element_type=\"container\">\n\t\t\t\t<div class=\"elementor-element elementor-element-e407b9b elementor-widget elementor-widget-html\" data-id=\"e407b9b\" data-element_type=\"widget\" data-widget_type=\"html.default\">\n\t\t\t\t<div class=\"elementor-widget-container\">\n\t\t\t<div class=\"d-flex justify-content-center flex-column align-items-start\">\r\n    <div>\r\n        <h2>The mission of Aram Clinic's partners<\/h2>\r\n        <p>Our mission is to provide our patients with the best medical care possible in the most state of the\r\n            art Clinics and with the most suitable cost.<\/p>\r\n        <ul class=\"page-list\">\r\n            <li>We offer basic care, as well as a wide range of specialised services (including some areas of\r\n                highly specialised aesthetic medicine), in order to meet the needs of our patients in the field\r\n                of cosmetic surgery in Tunisia.<\/li>\r\n            <li>To contribute to the initial and ongoing training of health professionals who directly and\r\n                indirectly care for patients. The training commitment is expected to grow with the Mastering of\r\n                Human Medicine and Nursing.<\/li>\r\n            <li>To promote research as a basis for development and innovation in medicine, to create optimal\r\n                conditions to promote clinical research and to contribute to the progress of medical and nursing\r\n                sciences and techniques.<\/li>\r\n        <\/ul>\r\n    <\/div>\r\n<\/div>\r\n\t\t<\/div>\n\t\t\t\t<\/div>\n\t\t\t\t<\/div>\n\t\t\t\t\t<\/div>\n\t\t\t\t<\/div>\n\t\t<div class=\"elementor-element elementor-element-3607b73 e-con-full e-flex e-con e-parent\" data-id=\"3607b73\" data-element_type=\"container\">\n\t\t\t\t<div class=\"elementor-element elementor-element-ae42817 elementor-widget elementor-widget-html\" data-id=\"ae42817\" data-element_type=\"widget\" data-widget_type=\"html.default\">\n\t\t\t\t<div class=\"elementor-widget-container\">\n\t\t\t<div class=\"bg-form4-1 no-padding\">\r\n    <div class=\"container dark\">\r\n        <div class=\"row no-padding\">\r\n            <div class=\"col-md-7 d-flex justify-content-center flex-column align-items-start\">\r\n                <div>\r\n                    <h2>Our vision towards a world-class clinic<\/h2>\r\n                    <p>Our main focus and vision is to provide our patients with the best medical care possible when\r\n                        choosing our partner clinics.<\/p>\r\n                    <p>Focusing on providing clinics that have cutting-edge technology in the fields of cosmetic surgery\r\n                        and other highly complex specialized services.<\/p>\r\n                    <p>Our partner clinics are international in scope and comply with the legislation and regulations.\r\n                    <\/p>\r\n                    <h2>Values of Aram Clinic<\/h2>\r\n                    <p>At Aram Clinic we share these values to try and reach a multidisciplinary vision:<\/p>\r\n                    <ul class=\"page-list-white\">\r\n                        <li>Patient orientation.<\/li>\r\n                        <li>Commitment to evidence-based medicine.<\/li>\r\n                        <li>Professionalism, responsibility\/accountability and skillfulness.<\/li>\r\n                        <li>Transparent communication with respect and complete confidentiality.<\/li>\r\n                        <li>Promotion of knowledge.<\/li>\r\n                        <li>Collaboration and participation.<\/li>\r\n                        <li>Innovation.<\/li>\r\n                    <\/ul>\r\n                <\/div>\r\n            <\/div>\r\n            <div class=\"col-md-5 no-padding d-flex justify-content-center flex-column\">\r\n                <img decoding=\"async\" class=\"\" src=\"https:\/\/www.aram-clinic-tunisie.com\/wp-content\/uploads\/2024\/06\/cliniques-img2.webp\"\r\n                    alt=\"aram clinic\">\r\n            <\/div>\r\n        <\/div>\r\n    <\/div>\r\n<\/div>\r\n\t\t<\/div>\n\t\t\t\t<\/div>\n\t\t\t\t<\/div>\n\t\t<div class=\"elementor-element elementor-element-11fb240 e-con-full e-flex e-con e-parent\" data-id=\"11fb240\" data-element_type=\"container\">\n\t\t\t\t<div class=\"elementor-element elementor-element-d8b0a09 elementor-widget elementor-widget-html\" data-id=\"d8b0a09\" data-element_type=\"widget\" data-widget_type=\"html.default\">\n\t\t\t\t<div class=\"elementor-widget-container\">\n\t\t\t<div class=\"bg-cliniques-form no-padding\">\r\n    <div class=\"container light\">\r\n        <div class=\"row no-padding\">\r\n            <div class=\"col-md-5 d-flex justify-content-end align-items-start\">\r\n                <a href=\"https:\/\/www.aram-clinic-tunisie.com\/en\/quote\">\r\n                    <div class=\"btn-devis\">\r\n                        <div class=\"btn-devis-img\"><\/div>\r\n                        <div class=\"absolute-btn-content\">\r\n                            <p>Express Quote<\/p>\r\n                        <\/div>\r\n                    <\/div>\r\n                <\/a>\r\n            <\/div>\r\n            <div class=\"col-md-7 pt-5 change-mobile-order\">\r\n                <h2>Our quality and Patient safety<\/h2>\r\n                <p>The main reason why Aram Clinic is considered one of the top medical facilities in Tunisia is because\r\n                    our main focus is quality of care and patient safety.<\/p>\r\n                <p>Aram Clinic's priority is meeting our patient's high-quality standards and providing them with the\r\n                    upmost comfort before, during and after your medical procedure.<\/p>\r\n                <p>At Aram Clinic, quality of care and patient safety are ensured through the constant application of\r\n                    the principles of transparency, responsibility, collaboration and involvement.<\/p>\r\n                <p>The medical staff at Aram Clinic is highly trained not only to do the most efficient operation only,\r\n                    but also to always evaluate and check their work and report any criticality.<\/p>\r\n            <\/div>\r\n        <\/div>\r\n    <\/div>\r\n    <img decoding=\"async\" class=\"display-on-mobile\" style=\"position:relative;z-index: -3;\"\r\n        src=\".\/wp-content\/uploads\/2024\/06\/cliniques-form.webp\" alt=\"cliniques esthetiques\">\r\n<\/div>\r\n\t\t<\/div>\n\t\t\t\t<\/div>\n\t\t\t\t<\/div>\n\t\t\t\t<\/div>\n\t\t","protected":false},"excerpt":{"rendered":"<p>Aram Clinic: The leader in cosmetic surgery Aram&#8217;s Tunisian partner clinics When you decide to undergo a surgery in Tunisia, Aram Clinic offers you the best choice in clinics with a large variety. We pride ourselves in being one of the top clinics for medical tourism. The choice is based on common values, the same [&hellip;]<\/p>\n","protected":false},"author":1,"featured_media":0,"parent":0,"menu_order":0,"comment_status":"closed","ping_status":"closed","template":"","meta":{"footnotes":""},"class_list":["post-2940","page","type-page","status-publish","hentry"],"yoast_head":"<!-- This site is optimized with the Yoast SEO plugin v27.3 - https:\/\/yoast.com\/product\/yoast-seo-wordpress\/ -->\n<title>Aram Clinic : The leader in cosmetic surgery<\/title>\n<meta name=\"robots\" content=\"index, follow, max-snippet:-1, max-image-preview:large, max-video-preview:-1\" \/>\n<link rel=\"canonical\" href=\"https:\/\/www.aram-clinic-tunisie.com\/en\/clinic\" \/>\n<meta property=\"og:locale\" content=\"en_US\" \/>\n<meta property=\"og:type\" content=\"article\" \/>\n<meta property=\"og:title\" content=\"Aram Clinic : The leader in cosmetic surgery\" \/>\n<meta property=\"og:description\" content=\"Aram Clinic: The leader in cosmetic surgery Aram&#8217;s Tunisian partner clinics When you decide to undergo a surgery in Tunisia, Aram Clinic offers you the best choice in clinics with a large variety. We pride ourselves in being one of the top clinics for medical tourism. The choice is based on common values, the same [&hellip;]\" \/>\n<meta property=\"og:url\" content=\"https:\/\/www.aram-clinic-tunisie.com\/en\/clinic\" \/>\n<meta property=\"og:site_name\" content=\"Agence tourisme m\u00e9dical Tunisie : S\u00e9jour m\u00e9dical - Aram Clinic\" \/>\n<meta property=\"article:modified_time\" content=\"2025-05-09T07:34:14+00:00\" \/>\n<meta property=\"og:image\" content=\"https:\/\/www.aram-clinic-tunisie.com\/wp-content\/uploads\/2024\/06\/cliniques-img1.webp\" \/>\n<meta name=\"twitter:card\" content=\"summary_large_image\" \/>\n<meta name=\"twitter:label1\" content=\"Est. reading time\" \/>\n\t<meta name=\"twitter:data1\" content=\"3 minutes\" \/>\n<script type=\"application\/ld+json\" class=\"yoast-schema-graph\">{\"@context\":\"https:\\\/\\\/schema.org\",\"@graph\":[{\"@type\":\"WebPage\",\"@id\":\"https:\\\/\\\/www.aram-clinic-tunisie.com\\\/en\\\/clinic\",\"url\":\"https:\\\/\\\/www.aram-clinic-tunisie.com\\\/en\\\/clinic\",\"name\":\"Aram Clinic : The leader in cosmetic surgery\",\"isPartOf\":{\"@id\":\"https:\\\/\\\/www.aram-clinic-tunisie.com\\\/en#website\"},\"primaryImageOfPage\":{\"@id\":\"https:\\\/\\\/www.aram-clinic-tunisie.com\\\/en\\\/clinic#primaryimage\"},\"image\":{\"@id\":\"https:\\\/\\\/www.aram-clinic-tunisie.com\\\/en\\\/clinic#primaryimage\"},\"thumbnailUrl\":\"https:\\\/\\\/www.aram-clinic-tunisie.com\\\/wp-content\\\/uploads\\\/2024\\\/06\\\/cliniques-img1.webp\",\"datePublished\":\"2024-06-18T16:03:30+00:00\",\"dateModified\":\"2025-05-09T07:34:14+00:00\",\"breadcrumb\":{\"@id\":\"https:\\\/\\\/www.aram-clinic-tunisie.com\\\/en\\\/clinic#breadcrumb\"},\"inLanguage\":\"en-US\",\"potentialAction\":[{\"@type\":\"ReadAction\",\"target\":[\"https:\\\/\\\/www.aram-clinic-tunisie.com\\\/en\\\/clinic\"]}]},{\"@type\":\"ImageObject\",\"inLanguage\":\"en-US\",\"@id\":\"https:\\\/\\\/www.aram-clinic-tunisie.com\\\/en\\\/clinic#primaryimage\",\"url\":\"https:\\\/\\\/www.aram-clinic-tunisie.com\\\/wp-content\\\/uploads\\\/2024\\\/06\\\/cliniques-img1.webp\",\"contentUrl\":\"https:\\\/\\\/www.aram-clinic-tunisie.com\\\/wp-content\\\/uploads\\\/2024\\\/06\\\/cliniques-img1.webp\"},{\"@type\":\"BreadcrumbList\",\"@id\":\"https:\\\/\\\/www.aram-clinic-tunisie.com\\\/en\\\/clinic#breadcrumb\",\"itemListElement\":[{\"@type\":\"ListItem\",\"position\":1,\"name\":\"Accueil\",\"item\":\"https:\\\/\\\/www.aram-clinic-tunisie.com\\\/en\"},{\"@type\":\"ListItem\",\"position\":2,\"name\":\"Aram Clinic : The leader in cosmetic surgery\"}]},{\"@type\":\"WebSite\",\"@id\":\"https:\\\/\\\/www.aram-clinic-tunisie.com\\\/en#website\",\"url\":\"https:\\\/\\\/www.aram-clinic-tunisie.com\\\/en\",\"name\":\"Agence tourisme m\u00e9dical Tunisie : S\u00e9jour m\u00e9dical - Aram Clinic\",\"description\":\"\",\"publisher\":{\"@id\":\"https:\\\/\\\/www.aram-clinic-tunisie.com\\\/en#organization\"},\"potentialAction\":[{\"@type\":\"SearchAction\",\"target\":{\"@type\":\"EntryPoint\",\"urlTemplate\":\"https:\\\/\\\/www.aram-clinic-tunisie.com\\\/en?s={search_term_string}\"},\"query-input\":{\"@type\":\"PropertyValueSpecification\",\"valueRequired\":true,\"valueName\":\"search_term_string\"}}],\"inLanguage\":\"en-US\"},{\"@type\":\"Organization\",\"@id\":\"https:\\\/\\\/www.aram-clinic-tunisie.com\\\/en#organization\",\"name\":\"Agence tourisme m\u00e9dical Tunisie : S\u00e9jour m\u00e9dical - Aram Clinic\",\"url\":\"https:\\\/\\\/www.aram-clinic-tunisie.com\\\/en\",\"logo\":{\"@type\":\"ImageObject\",\"inLanguage\":\"en-US\",\"@id\":\"https:\\\/\\\/www.aram-clinic-tunisie.com\\\/en#\\\/schema\\\/logo\\\/image\\\/\",\"url\":\"https:\\\/\\\/www.aram-clinic-tunisie.com\\\/wp-content\\\/uploads\\\/2024\\\/06\\\/logo.webp\",\"contentUrl\":\"https:\\\/\\\/www.aram-clinic-tunisie.com\\\/wp-content\\\/uploads\\\/2024\\\/06\\\/logo.webp\",\"width\":153,\"height\":60,\"caption\":\"Agence tourisme m\u00e9dical Tunisie : S\u00e9jour m\u00e9dical - Aram Clinic\"},\"image\":{\"@id\":\"https:\\\/\\\/www.aram-clinic-tunisie.com\\\/en#\\\/schema\\\/logo\\\/image\\\/\"}}]}<\/script>\n<!-- \/ Yoast SEO plugin. -->","yoast_head_json":{"title":"Aram Clinic : The leader in cosmetic surgery","robots":{"index":"index","follow":"follow","max-snippet":"max-snippet:-1","max-image-preview":"max-image-preview:large","max-video-preview":"max-video-preview:-1"},"canonical":"https:\/\/www.aram-clinic-tunisie.com\/en\/clinic","og_locale":"en_US","og_type":"article","og_title":"Aram Clinic : The leader in cosmetic surgery","og_description":"Aram Clinic: The leader in cosmetic surgery Aram&#8217;s Tunisian partner clinics When you decide to undergo a surgery in Tunisia, Aram Clinic offers you the best choice in clinics with a large variety. We pride ourselves in being one of the top clinics for medical tourism. The choice is based on common values, the same [&hellip;]","og_url":"https:\/\/www.aram-clinic-tunisie.com\/en\/clinic","og_site_name":"Agence tourisme m\u00e9dical Tunisie : S\u00e9jour m\u00e9dical - Aram Clinic","article_modified_time":"2025-05-09T07:34:14+00:00","og_image":[{"url":"https:\/\/www.aram-clinic-tunisie.com\/wp-content\/uploads\/2024\/06\/cliniques-img1.webp","type":"","width":"","height":""}],"twitter_card":"summary_large_image","twitter_misc":{"Est. reading time":"3 minutes"},"schema":{"@context":"https:\/\/schema.org","@graph":[{"@type":"WebPage","@id":"https:\/\/www.aram-clinic-tunisie.com\/en\/clinic","url":"https:\/\/www.aram-clinic-tunisie.com\/en\/clinic","name":"Aram Clinic : The leader in cosmetic surgery","isPartOf":{"@id":"https:\/\/www.aram-clinic-tunisie.com\/en#website"},"primaryImageOfPage":{"@id":"https:\/\/www.aram-clinic-tunisie.com\/en\/clinic#primaryimage"},"image":{"@id":"https:\/\/www.aram-clinic-tunisie.com\/en\/clinic#primaryimage"},"thumbnailUrl":"https:\/\/www.aram-clinic-tunisie.com\/wp-content\/uploads\/2024\/06\/cliniques-img1.webp","datePublished":"2024-06-18T16:03:30+00:00","dateModified":"2025-05-09T07:34:14+00:00","breadcrumb":{"@id":"https:\/\/www.aram-clinic-tunisie.com\/en\/clinic#breadcrumb"},"inLanguage":"en-US","potentialAction":[{"@type":"ReadAction","target":["https:\/\/www.aram-clinic-tunisie.com\/en\/clinic"]}]},{"@type":"ImageObject","inLanguage":"en-US","@id":"https:\/\/www.aram-clinic-tunisie.com\/en\/clinic#primaryimage","url":"https:\/\/www.aram-clinic-tunisie.com\/wp-content\/uploads\/2024\/06\/cliniques-img1.webp","contentUrl":"https:\/\/www.aram-clinic-tunisie.com\/wp-content\/uploads\/2024\/06\/cliniques-img1.webp"},{"@type":"BreadcrumbList","@id":"https:\/\/www.aram-clinic-tunisie.com\/en\/clinic#breadcrumb","itemListElement":[{"@type":"ListItem","position":1,"name":"Accueil","item":"https:\/\/www.aram-clinic-tunisie.com\/en"},{"@type":"ListItem","position":2,"name":"Aram Clinic : The leader in cosmetic surgery"}]},{"@type":"WebSite","@id":"https:\/\/www.aram-clinic-tunisie.com\/en#website","url":"https:\/\/www.aram-clinic-tunisie.com\/en","name":"Agence tourisme m\u00e9dical Tunisie : S\u00e9jour m\u00e9dical - Aram Clinic","description":"","publisher":{"@id":"https:\/\/www.aram-clinic-tunisie.com\/en#organization"},"potentialAction":[{"@type":"SearchAction","target":{"@type":"EntryPoint","urlTemplate":"https:\/\/www.aram-clinic-tunisie.com\/en?s={search_term_string}"},"query-input":{"@type":"PropertyValueSpecification","valueRequired":true,"valueName":"search_term_string"}}],"inLanguage":"en-US"},{"@type":"Organization","@id":"https:\/\/www.aram-clinic-tunisie.com\/en#organization","name":"Agence tourisme m\u00e9dical Tunisie : S\u00e9jour m\u00e9dical - Aram Clinic","url":"https:\/\/www.aram-clinic-tunisie.com\/en","logo":{"@type":"ImageObject","inLanguage":"en-US","@id":"https:\/\/www.aram-clinic-tunisie.com\/en#\/schema\/logo\/image\/","url":"https:\/\/www.aram-clinic-tunisie.com\/wp-content\/uploads\/2024\/06\/logo.webp","contentUrl":"https:\/\/www.aram-clinic-tunisie.com\/wp-content\/uploads\/2024\/06\/logo.webp","width":153,"height":60,"caption":"Agence tourisme m\u00e9dical Tunisie : S\u00e9jour m\u00e9dical - Aram Clinic"},"image":{"@id":"https:\/\/www.aram-clinic-tunisie.com\/en#\/schema\/logo\/image\/"}}]}},"_links":{"self":[{"href":"https:\/\/www.aram-clinic-tunisie.com\/en\/wp-json\/wp\/v2\/pages\/2940","targetHints":{"allow":["GET"]}}],"collection":[{"href":"https:\/\/www.aram-clinic-tunisie.com\/en\/wp-json\/wp\/v2\/pages"}],"about":[{"href":"https:\/\/www.aram-clinic-tunisie.com\/en\/wp-json\/wp\/v2\/types\/page"}],"author":[{"embeddable":true,"href":"https:\/\/www.aram-clinic-tunisie.com\/en\/wp-json\/wp\/v2\/users\/1"}],"replies":[{"embeddable":true,"href":"https:\/\/www.aram-clinic-tunisie.com\/en\/wp-json\/wp\/v2\/comments?post=2940"}],"version-history":[{"count":26,"href":"https:\/\/www.aram-clinic-tunisie.com\/en\/wp-json\/wp\/v2\/pages\/2940\/revisions"}],"predecessor-version":[{"id":6156,"href":"https:\/\/www.aram-clinic-tunisie.com\/en\/wp-json\/wp\/v2\/pages\/2940\/revisions\/6156"}],"wp:attachment":[{"href":"https:\/\/www.aram-clinic-tunisie.com\/en\/wp-json\/wp\/v2\/media?parent=2940"}],"curies":[{"name":"wp","href":"https:\/\/api.w.org\/{rel}","templated":true}]}}