{"id":2917,"date":"2024-06-18T16:07:17","date_gmt":"2024-06-18T14:07:17","guid":{"rendered":"https:\/\/biancaview.com\/aram-clinic-tunisie.com\/aram-clinic-the-leader-in-cosmetic-surgery"},"modified":"2025-05-07T11:33:17","modified_gmt":"2025-05-07T09:33:17","slug":"quote","status":"publish","type":"page","link":"https:\/\/www.aram-clinic-tunisie.com\/en\/quote","title":{"rendered":"Aram Clinic : The leader in cosmetic surgery"},"content":{"rendered":"\t\t<div data-elementor-type=\"wp-page\" data-elementor-id=\"2917\" class=\"elementor elementor-2917\">\n\t\t\t\t<div class=\"elementor-element elementor-element-e640a6d e-con-full e-flex e-con e-parent\" data-id=\"e640a6d\" data-element_type=\"container\">\n\t\t\t\t<div class=\"elementor-element elementor-element-80542e4 elementor-widget elementor-widget-html\" data-id=\"80542e4\" data-element_type=\"widget\" data-widget_type=\"html.default\">\n\t\t\t\t<div class=\"elementor-widget-container\">\n\t\t\t<div class=\"swiper-intern\">\r\n    <div class=\"container-fluid intern-slider devis\">\r\n        <div class=\"bg-image-slider\"><\/div>\r\n        <div class=\"container dark swiper-intern-content\">\r\n            <div class=\"row no-padding\">\r\n                <div class=\"col-xl-8 intern-slider-content\">\r\n                    <sapn class=\"slider-title\">Aram Clinic: The leader in cosmetic surgery<\/sapn>\r\n                <\/div>\r\n            <\/div>\r\n        <\/div>\r\n    <\/div>\r\n<\/div>\t\t<\/div>\n\t\t\t\t<\/div>\n\t\t\t\t<\/div>\n\t\t<div class=\"elementor-element elementor-element-d0fe381 light e-flex e-con-boxed e-con e-parent\" data-id=\"d0fe381\" data-element_type=\"container\">\n\t\t\t\t\t<div class=\"e-con-inner\">\n\t\t\t\t<div class=\"elementor-element elementor-element-eb0c203 elementor-widget elementor-widget-html\" data-id=\"eb0c203\" data-element_type=\"widget\" data-widget_type=\"html.default\">\n\t\t\t\t<div class=\"elementor-widget-container\">\n\t\t\t<h1 class=\"text-center\">Free Quote: Fill out the form<\/h1>\r\n\r\n<iframe src=\"https:\/\/app.metocrm.com\/web-forms\/e982d06f-6290-415f-bf56-b29f5e4295a1\"  height=\"800px\" width=\"100%\"  frameborder=\"0\" style=\"border-radius: 10px;\"><\/iframe>\t\t<\/div>\n\t\t\t\t<\/div>\n\t\t\t\t\t<\/div>\n\t\t\t\t<\/div>\n\t\t\t\t<\/div>\n\t\t","protected":false},"excerpt":{"rendered":"<p>Aram Clinic: The leader in cosmetic surgery Free Quote: Fill out the form<\/p>\n","protected":false},"author":1,"featured_media":0,"parent":0,"menu_order":0,"comment_status":"closed","ping_status":"closed","template":"","meta":{"footnotes":""},"class_list":["post-2917","page","type-page","status-publish","hentry"],"yoast_head":"<!-- This site is optimized with the Yoast SEO plugin v27.3 - https:\/\/yoast.com\/product\/yoast-seo-wordpress\/ -->\n<title>Aram Clinic : The leader in cosmetic surgery<\/title>\n<meta name=\"robots\" content=\"index, follow, max-snippet:-1, max-image-preview:large, max-video-preview:-1\" \/>\n<link rel=\"canonical\" href=\"https:\/\/www.aram-clinic-tunisie.com\/en\/quote\" \/>\n<meta property=\"og:locale\" content=\"en_US\" \/>\n<meta property=\"og:type\" content=\"article\" \/>\n<meta property=\"og:title\" content=\"Aram Clinic : The leader in cosmetic surgery\" \/>\n<meta property=\"og:description\" content=\"Aram Clinic: The leader in cosmetic surgery Free Quote: Fill out the form\" \/>\n<meta property=\"og:url\" content=\"https:\/\/www.aram-clinic-tunisie.com\/en\/quote\" \/>\n<meta property=\"og:site_name\" content=\"Agence tourisme m\u00e9dical Tunisie : S\u00e9jour m\u00e9dical - Aram Clinic\" \/>\n<meta property=\"article:modified_time\" content=\"2025-05-07T09:33:17+00:00\" \/>\n<meta name=\"twitter:card\" content=\"summary_large_image\" \/>\n<meta name=\"twitter:label1\" content=\"Est. reading time\" \/>\n\t<meta name=\"twitter:data1\" content=\"1 minute\" \/>\n<script type=\"application\/ld+json\" class=\"yoast-schema-graph\">{\"@context\":\"https:\\\/\\\/schema.org\",\"@graph\":[{\"@type\":\"WebPage\",\"@id\":\"https:\\\/\\\/www.aram-clinic-tunisie.com\\\/en\\\/quote\",\"url\":\"https:\\\/\\\/www.aram-clinic-tunisie.com\\\/en\\\/quote\",\"name\":\"Aram Clinic : The leader in cosmetic surgery\",\"isPartOf\":{\"@id\":\"https:\\\/\\\/www.aram-clinic-tunisie.com\\\/en#website\"},\"datePublished\":\"2024-06-18T14:07:17+00:00\",\"dateModified\":\"2025-05-07T09:33:17+00:00\",\"breadcrumb\":{\"@id\":\"https:\\\/\\\/www.aram-clinic-tunisie.com\\\/en\\\/quote#breadcrumb\"},\"inLanguage\":\"en-US\",\"potentialAction\":[{\"@type\":\"ReadAction\",\"target\":[\"https:\\\/\\\/www.aram-clinic-tunisie.com\\\/en\\\/quote\"]}]},{\"@type\":\"BreadcrumbList\",\"@id\":\"https:\\\/\\\/www.aram-clinic-tunisie.com\\\/en\\\/quote#breadcrumb\",\"itemListElement\":[{\"@type\":\"ListItem\",\"position\":1,\"name\":\"Accueil\",\"item\":\"https:\\\/\\\/www.aram-clinic-tunisie.com\\\/en\"},{\"@type\":\"ListItem\",\"position\":2,\"name\":\"Aram Clinic : The leader in cosmetic surgery\"}]},{\"@type\":\"WebSite\",\"@id\":\"https:\\\/\\\/www.aram-clinic-tunisie.com\\\/en#website\",\"url\":\"https:\\\/\\\/www.aram-clinic-tunisie.com\\\/en\",\"name\":\"Agence tourisme m\u00e9dical Tunisie : S\u00e9jour m\u00e9dical - Aram Clinic\",\"description\":\"\",\"publisher\":{\"@id\":\"https:\\\/\\\/www.aram-clinic-tunisie.com\\\/en#organization\"},\"potentialAction\":[{\"@type\":\"SearchAction\",\"target\":{\"@type\":\"EntryPoint\",\"urlTemplate\":\"https:\\\/\\\/www.aram-clinic-tunisie.com\\\/en?s={search_term_string}\"},\"query-input\":{\"@type\":\"PropertyValueSpecification\",\"valueRequired\":true,\"valueName\":\"search_term_string\"}}],\"inLanguage\":\"en-US\"},{\"@type\":\"Organization\",\"@id\":\"https:\\\/\\\/www.aram-clinic-tunisie.com\\\/en#organization\",\"name\":\"Agence tourisme m\u00e9dical Tunisie : S\u00e9jour m\u00e9dical - Aram Clinic\",\"url\":\"https:\\\/\\\/www.aram-clinic-tunisie.com\\\/en\",\"logo\":{\"@type\":\"ImageObject\",\"inLanguage\":\"en-US\",\"@id\":\"https:\\\/\\\/www.aram-clinic-tunisie.com\\\/en#\\\/schema\\\/logo\\\/image\\\/\",\"url\":\"https:\\\/\\\/www.aram-clinic-tunisie.com\\\/wp-content\\\/uploads\\\/2024\\\/06\\\/logo.webp\",\"contentUrl\":\"https:\\\/\\\/www.aram-clinic-tunisie.com\\\/wp-content\\\/uploads\\\/2024\\\/06\\\/logo.webp\",\"width\":153,\"height\":60,\"caption\":\"Agence tourisme m\u00e9dical Tunisie : S\u00e9jour m\u00e9dical - Aram Clinic\"},\"image\":{\"@id\":\"https:\\\/\\\/www.aram-clinic-tunisie.com\\\/en#\\\/schema\\\/logo\\\/image\\\/\"}}]}<\/script>\n<!-- \/ Yoast SEO plugin. -->","yoast_head_json":{"title":"Aram Clinic : The leader in cosmetic surgery","robots":{"index":"index","follow":"follow","max-snippet":"max-snippet:-1","max-image-preview":"max-image-preview:large","max-video-preview":"max-video-preview:-1"},"canonical":"https:\/\/www.aram-clinic-tunisie.com\/en\/quote","og_locale":"en_US","og_type":"article","og_title":"Aram Clinic : The leader in cosmetic surgery","og_description":"Aram Clinic: The leader in cosmetic surgery Free Quote: Fill out the form","og_url":"https:\/\/www.aram-clinic-tunisie.com\/en\/quote","og_site_name":"Agence tourisme m\u00e9dical Tunisie : S\u00e9jour m\u00e9dical - Aram Clinic","article_modified_time":"2025-05-07T09:33:17+00:00","twitter_card":"summary_large_image","twitter_misc":{"Est. reading time":"1 minute"},"schema":{"@context":"https:\/\/schema.org","@graph":[{"@type":"WebPage","@id":"https:\/\/www.aram-clinic-tunisie.com\/en\/quote","url":"https:\/\/www.aram-clinic-tunisie.com\/en\/quote","name":"Aram Clinic : The leader in cosmetic surgery","isPartOf":{"@id":"https:\/\/www.aram-clinic-tunisie.com\/en#website"},"datePublished":"2024-06-18T14:07:17+00:00","dateModified":"2025-05-07T09:33:17+00:00","breadcrumb":{"@id":"https:\/\/www.aram-clinic-tunisie.com\/en\/quote#breadcrumb"},"inLanguage":"en-US","potentialAction":[{"@type":"ReadAction","target":["https:\/\/www.aram-clinic-tunisie.com\/en\/quote"]}]},{"@type":"BreadcrumbList","@id":"https:\/\/www.aram-clinic-tunisie.com\/en\/quote#breadcrumb","itemListElement":[{"@type":"ListItem","position":1,"name":"Accueil","item":"https:\/\/www.aram-clinic-tunisie.com\/en"},{"@type":"ListItem","position":2,"name":"Aram Clinic : The leader in cosmetic surgery"}]},{"@type":"WebSite","@id":"https:\/\/www.aram-clinic-tunisie.com\/en#website","url":"https:\/\/www.aram-clinic-tunisie.com\/en","name":"Agence tourisme m\u00e9dical Tunisie : S\u00e9jour m\u00e9dical - Aram Clinic","description":"","publisher":{"@id":"https:\/\/www.aram-clinic-tunisie.com\/en#organization"},"potentialAction":[{"@type":"SearchAction","target":{"@type":"EntryPoint","urlTemplate":"https:\/\/www.aram-clinic-tunisie.com\/en?s={search_term_string}"},"query-input":{"@type":"PropertyValueSpecification","valueRequired":true,"valueName":"search_term_string"}}],"inLanguage":"en-US"},{"@type":"Organization","@id":"https:\/\/www.aram-clinic-tunisie.com\/en#organization","name":"Agence tourisme m\u00e9dical Tunisie : S\u00e9jour m\u00e9dical - Aram Clinic","url":"https:\/\/www.aram-clinic-tunisie.com\/en","logo":{"@type":"ImageObject","inLanguage":"en-US","@id":"https:\/\/www.aram-clinic-tunisie.com\/en#\/schema\/logo\/image\/","url":"https:\/\/www.aram-clinic-tunisie.com\/wp-content\/uploads\/2024\/06\/logo.webp","contentUrl":"https:\/\/www.aram-clinic-tunisie.com\/wp-content\/uploads\/2024\/06\/logo.webp","width":153,"height":60,"caption":"Agence tourisme m\u00e9dical Tunisie : S\u00e9jour m\u00e9dical - Aram Clinic"},"image":{"@id":"https:\/\/www.aram-clinic-tunisie.com\/en#\/schema\/logo\/image\/"}}]}},"_links":{"self":[{"href":"https:\/\/www.aram-clinic-tunisie.com\/en\/wp-json\/wp\/v2\/pages\/2917","targetHints":{"allow":["GET"]}}],"collection":[{"href":"https:\/\/www.aram-clinic-tunisie.com\/en\/wp-json\/wp\/v2\/pages"}],"about":[{"href":"https:\/\/www.aram-clinic-tunisie.com\/en\/wp-json\/wp\/v2\/types\/page"}],"author":[{"embeddable":true,"href":"https:\/\/www.aram-clinic-tunisie.com\/en\/wp-json\/wp\/v2\/users\/1"}],"replies":[{"embeddable":true,"href":"https:\/\/www.aram-clinic-tunisie.com\/en\/wp-json\/wp\/v2\/comments?post=2917"}],"version-history":[{"count":16,"href":"https:\/\/www.aram-clinic-tunisie.com\/en\/wp-json\/wp\/v2\/pages\/2917\/revisions"}],"predecessor-version":[{"id":5741,"href":"https:\/\/www.aram-clinic-tunisie.com\/en\/wp-json\/wp\/v2\/pages\/2917\/revisions\/5741"}],"wp:attachment":[{"href":"https:\/\/www.aram-clinic-tunisie.com\/en\/wp-json\/wp\/v2\/media?parent=2917"}],"curies":[{"name":"wp","href":"https:\/\/api.w.org\/{rel}","templated":true}]}}