{"id":4940,"date":"2024-06-19T13:41:13","date_gmt":"2024-06-19T11:41:13","guid":{"rendered":"https:\/\/biancaview.com\/aram-clinic-tunisie.com\/fiv-tunisie-prix-pas-cher-tout-inclus-fecondation-in-vitro"},"modified":"2026-04-11T16:40:06","modified_gmt":"2026-04-11T14:40:06","slug":"%d8%b7%d9%81%d9%84-%d8%a7%d9%84%d8%a7%d9%86%d8%a8%d9%88%d8%a8","status":"publish","type":"page","link":"https:\/\/www.aram-clinic-tunisie.com\/ar\/%d8%b7%d9%81%d9%84-%d8%a7%d9%84%d8%a7%d9%86%d8%a8%d9%88%d8%a8","title":{"rendered":"\u0637\u0641\u0644 \u0627\u0644\u0627\u0646\u0628\u0648\u0628 \u0641\u064a \u062a\u0648\u0646\u0633"},"content":{"rendered":"\t\t<div data-elementor-type=\"wp-page\" data-elementor-id=\"4940\" class=\"elementor elementor-4940\">\n\t\t\t\t<div class=\"elementor-element elementor-element-f6f64f9 e-con-full e-flex e-con e-parent\" data-id=\"f6f64f9\" data-element_type=\"container\">\n\t\t\t\t<div class=\"elementor-element elementor-element-05faf65 elementor-widget elementor-widget-html\" data-id=\"05faf65\" data-element_type=\"widget\" data-widget_type=\"html.default\">\n\t\t\t\t<div class=\"elementor-widget-container\">\n\t\t\t<div class=\"swiper-intern\">\r\n    <div class=\"container-fluid intern-slider\">\r\n        <div class=\"bg-image-slider\"><\/div>\r\n        <div class=\"container dark\">\r\n            <div class=\"row no-padding\">\r\n                <div class=\"col-xl-8 intern-slider-content\">\r\n                    <sapn class=\"slider-title\">\u0623\u0631\u0627\u0645 \u0643\u0644\u064a\u0646\u064a\u0643 \u0644\u062c\u0631\u0627\u062d\u0629 \u062a\u062c\u0645\u064a\u0644 \u0646\u0627\u062c\u062d\u0629 \u0648\u0622\u0645\u0646\u0629 \u0641\u064a \u062a\u0648\u0646\u0633<\/sapn>\r\n          <iframe src=\"https:\/\/app.metocrm.com\/web-forms\/01b418a3-3c17-48c6-b920-a4f83c2633bb\"  height=\"800px\" width=\"100%\"  frameborder=\"0\" style=\"border-radius: 10px;\"><\/iframe>\r\n\r\n                <\/div>\r\n            <\/div>\r\n        <\/div>\r\n        <div class=\"container light\">\r\n            <div class=\"row no-padding column-reverse\">\r\n                <div class=\"col-lg-9\">\r\n                    <div>\r\n                        <h1>\u0637\u0641\u0644 \u0627\u0644\u0627\u0646\u0628\u0648\u0628 \u0641\u064a \u062a\u0648\u0646\u0633 <\/h1>\r\n                    <\/div>\r\n                <\/div>\r\n                <div class=\"col-lg-3 change-mobile-order\">\r\n                    <div class=\"d-flex justify-content-end\">\r\n                        <a href=\"https:\/\/www.aram-clinic-tunisie.com\/ar\/\u0639\u0631\u0636-\u0623\u0633\u0639\u0627\u0631-\u0645\u062c\u0627\u0646\u064a\">\r\n                            <div class=\"btn-devis\">\r\n                                <div class=\"btn-devis-img\"><\/div>\r\n                                <div class=\"absolute-btn-content\">\r\n                                    <p>\u0623\u062d\u0635\u0644 \u0639\u0644\u0649 \u0645\u0648\u0639\u062f<\/p>\r\n                                <\/div>\r\n                            <\/div>\r\n                        <\/a>\r\n                    <\/div>\r\n                <\/div>\r\n            <\/div>\r\n            <div class=\"row no-padding\">\r\n                <div class=\"col-lg-12\">\r\n                <\/div>\r\n            <\/div>\r\n        <\/div>\r\n    <\/div>\r\n<\/div>\r\n\t\t<\/div>\n\t\t\t\t<\/div>\n\t\t\t\t<\/div>\n\t\t<div class=\"elementor-element elementor-element-96900f0 light e-flex e-con-boxed e-con e-parent\" data-id=\"96900f0\" data-element_type=\"container\">\n\t\t\t\t\t<div class=\"e-con-inner\">\n\t\t<div class=\"elementor-element elementor-element-b59dcdc e-con-full e-flex e-con e-child\" data-id=\"b59dcdc\" data-element_type=\"container\">\n\t\t\t\t<div class=\"elementor-element elementor-element-c8d461d elementor-widget elementor-widget-html\" data-id=\"c8d461d\" data-element_type=\"widget\" data-widget_type=\"html.default\">\n\t\t\t\t<div class=\"elementor-widget-container\">\n\t\t\t<img decoding=\"async\" class=\"\" src=\"https:\/\/www.aram-clinic-tunisie.com\/wp-content\/uploads\/2024\/06\/fiv-img1.webp\" alt=\"fiv tunisie\">\t\t<\/div>\n\t\t\t\t<\/div>\n\t\t\t\t<\/div>\n\t\t<div class=\"elementor-element elementor-element-6aa381a e-con-full d-flex justify-content-center flex-column align-items-start e-flex e-con e-child\" data-id=\"6aa381a\" data-element_type=\"container\">\n\t\t\t\t<div class=\"elementor-element elementor-element-b56c03f elementor-widget elementor-widget-html\" data-id=\"b56c03f\" data-element_type=\"widget\" data-widget_type=\"html.default\">\n\t\t\t\t<div class=\"elementor-widget-container\">\n\t\t\t<p>\u0639\u0645\u0644\u064a\u0629 \u0637\u0641\u0644 \u0627\u0644\u0627\u0646\u0628\u0648\u0628 \u0641\u064a \u062a\u0648\u0646\u0633\u060c \u0647\u064a \u0627\u062d\u062f\u0649 \u0627\u0644\u062a\u0642\u0646\u064a\u0627\u062a \u0627\u0644\u0637\u0628\u064a\u0629 \u0644\u0644\u0645\u0633\u0627\u0639\u062f\u0629 \u0639\u0644\u0649 \u0627\u0644\u0627\u0646\u062c\u0627\u0628.<\/p>\r\n<p>\u062a\u062c\u0631\u0649 \u0627\u0644\u0639\u0645\u0644\u064a\u0629 \u0641\u064a \u0635\u0648\u0631\u0629 \u0639\u062f\u0645 \u0627\u0644\u0642\u062f\u0631\u0629 \u0639\u0644\u0649 \u0627\u0644\u0627\u0646\u062c\u0627\u0628 \u0628\u0639\u062f \u062a\u062c\u0627\u0648\u0632 \u0633\u0646\u0629 \u0639\u0644\u0649 \u0627\u0644\u0623\u0642\u0644 \u0645\u0646 \u0627\u0644\u0645\u062d\u0627\u0648\u0644\u0629. \u0648\u064a\u062a\u0628\u064a\u0646 \u0645\u0646 \u062e\u0644\u0627\u0644\r\n    \u0627\u0644\u0643\u0634\u0648\u0641\u0627\u062a \u0648\u0627\u0644\u062a\u062d\u0627\u0644\u064a\u0644 \u0627\u0646 \u0627\u062d\u062f\u0649 \u0627\u0644\u0632\u0648\u062c\u064a\u0646 \u064a\u0639\u0627\u0646\u064a \u0645\u0646 \u0628\u0639\u0636 \u0627\u0644\u0645\u0634\u0627\u0643\u0644 \u0627\u0644\u0635\u062d\u064a\u0629 \u0627\u0644\u062a\u064a \u062a\u0639\u064a\u0642 \u062d\u062f\u0648\u062b \u0627\u0644\u062d\u0645\u0644 \u0628\u0634\u0643\u0644 \u0637\u0628\u064a\u0639\u064a.<\/p>\r\n<p>\u062a\u062a\u0645 \u0627\u0644\u0639\u0645\u0644\u064a\u0629 \u0628\u0639\u062f \u062a\u062d\u0641\u064a\u0632 \u0627\u0644\u0632\u0648\u062c\u0629 \u0639\u0644\u0649 \u0627\u0646\u062a\u0627\u062c \u0623\u0643\u0628\u0631 \u0639\u062f\u062f \u0645\u0645\u0643\u0646 \u0645\u0646 \u0627\u0644\u0628\u0648\u064a\u0636\u0627\u062a \u0645\u0646 \u062e\u0644\u0627\u0644 \u062a\u0646\u0627\u0648\u0644 \u0627\u062f\u0648\u064a\u0629 \u0627\u0644\u062e\u0635\u0648\u0628\u0629. \u0645\u0646 \u062b\u0645\r\n    \u064a\u0642\u0648\u0645 \u0627\u0644\u0637\u0628\u064a\u0628 \u0628\u0633\u062d\u0628 \u0627\u0644\u0628\u0648\u064a\u0636\u0627\u062a \u0628\u0627\u0633\u062a\u0639\u0645\u0627\u0644 \u0627\u0628\u0631\u0629 \u062f\u0642\u064a\u0642\u0629 \u0645\u062a\u0635\u0644\u0629 \u0628\u062c\u0647\u0627\u0632 \u0627\u0644\u0634\u0641\u0637.<\/p>\r\n<p> \u0628\u0639\u062f \u0630\u0644\u0643\u060c \u062a\u0648\u0636\u0639 \u0627\u0644\u0628\u0648\u064a\u0636\u0627\u062a \u0645\u0639 \u0627\u0644\u062d\u064a\u0648\u0627\u0646\u0627\u062a \u0627\u0644\u0645\u0646\u0648\u064a\u0629 \u062f\u0627\u062e\u0644 \u0627\u0644\u0645\u062e\u062a\u0628\u0631 \u0644\u062a\u062e\u0635\u064a\u0628\u0647\u0627 \u062f\u0648\u0646 \u0623\u064a \u062a\u062f\u062e\u0644 \u0637\u0628\u064a \u0645\u0628\u0627\u0634\u0631.<\/p>\r\n<p>\u0648\u0639\u0646\u062f \u0646\u062c\u0627\u062d \u0639\u0645\u0644\u064a\u0629 \u0627\u0644\u062a\u062e\u0635\u064a\u0628 \u064a\u062a\u0645 \u0646\u0642\u0644 \u0627\u0644\u0627\u062c\u0646\u0629 \u0627\u0644\u0649 \u0631\u062d\u0645 \u0627\u0644\u0632\u0648\u062c\u0629.<\/p>\r\n\t\t<\/div>\n\t\t\t\t<\/div>\n\t\t\t\t<\/div>\n\t\t\t\t\t<\/div>\n\t\t\t\t<\/div>\n\t\t\t\t<\/div>\n\t\t","protected":false},"excerpt":{"rendered":"<p>\u0623\u0631\u0627\u0645 \u0643\u0644\u064a\u0646\u064a\u0643 \u0644\u062c\u0631\u0627\u062d\u0629 \u062a\u062c\u0645\u064a\u0644 \u0646\u0627\u062c\u062d\u0629 \u0648\u0622\u0645\u0646\u0629 \u0641\u064a \u062a\u0648\u0646\u0633 \u0637\u0641\u0644 \u0627\u0644\u0627\u0646\u0628\u0648\u0628 \u0641\u064a \u062a\u0648\u0646\u0633 \u0623\u062d\u0635\u0644 \u0639\u0644\u0649 \u0645\u0648\u0639\u062f \u0639\u0645\u0644\u064a\u0629 \u0637\u0641\u0644 \u0627\u0644\u0627\u0646\u0628\u0648\u0628 \u0641\u064a \u062a\u0648\u0646\u0633\u060c \u0647\u064a \u0627\u062d\u062f\u0649 \u0627\u0644\u062a\u0642\u0646\u064a\u0627\u062a \u0627\u0644\u0637\u0628\u064a\u0629 \u0644\u0644\u0645\u0633\u0627\u0639\u062f\u0629 \u0639\u0644\u0649 \u0627\u0644\u0627\u0646\u062c\u0627\u0628. \u062a\u062c\u0631\u0649 \u0627\u0644\u0639\u0645\u0644\u064a\u0629 \u0641\u064a \u0635\u0648\u0631\u0629 \u0639\u062f\u0645 \u0627\u0644\u0642\u062f\u0631\u0629 \u0639\u0644\u0649 \u0627\u0644\u0627\u0646\u062c\u0627\u0628 \u0628\u0639\u062f \u062a\u062c\u0627\u0648\u0632 \u0633\u0646\u0629 \u0639\u0644\u0649 \u0627\u0644\u0623\u0642\u0644 \u0645\u0646 \u0627\u0644\u0645\u062d\u0627\u0648\u0644\u0629. \u0648\u064a\u062a\u0628\u064a\u0646 \u0645\u0646 \u062e\u0644\u0627\u0644 \u0627\u0644\u0643\u0634\u0648\u0641\u0627\u062a \u0648\u0627\u0644\u062a\u062d\u0627\u0644\u064a\u0644 \u0627\u0646 \u0627\u062d\u062f\u0649 \u0627\u0644\u0632\u0648\u062c\u064a\u0646 \u064a\u0639\u0627\u0646\u064a \u0645\u0646 \u0628\u0639\u0636 \u0627\u0644\u0645\u0634\u0627\u0643\u0644 \u0627\u0644\u0635\u062d\u064a\u0629 [&hellip;]<\/p>\n","protected":false},"author":1,"featured_media":0,"parent":0,"menu_order":0,"comment_status":"closed","ping_status":"closed","template":"","meta":{"footnotes":""},"class_list":["post-4940","page","type-page","status-publish","hentry"],"yoast_head":"<!-- This site is optimized with the Yoast SEO plugin v27.3 - https:\/\/yoast.com\/product\/yoast-seo-wordpress\/ -->\n<title>\u0637\u0641\u0644 \u0627\u0644\u0627\u0646\u0628\u0648\u0628 \u0641\u064a \u062a\u0648\u0646\u0633<\/title>\n<meta name=\"robots\" content=\"index, follow, max-snippet:-1, max-image-preview:large, max-video-preview:-1\" \/>\n<link rel=\"canonical\" href=\"https:\/\/www.aram-clinic-tunisie.com\/ar\/%d8%b7%d9%81%d9%84-%d8%a7%d9%84%d8%a7%d9%86%d8%a8%d9%88%d8%a8\" \/>\n<meta property=\"og:locale\" content=\"ar_AR\" \/>\n<meta property=\"og:type\" content=\"article\" \/>\n<meta property=\"og:title\" content=\"\u0637\u0641\u0644 \u0627\u0644\u0627\u0646\u0628\u0648\u0628 \u0641\u064a \u062a\u0648\u0646\u0633\" \/>\n<meta property=\"og:description\" content=\"\u0623\u0631\u0627\u0645 \u0643\u0644\u064a\u0646\u064a\u0643 \u0644\u062c\u0631\u0627\u062d\u0629 \u062a\u062c\u0645\u064a\u0644 \u0646\u0627\u062c\u062d\u0629 \u0648\u0622\u0645\u0646\u0629 \u0641\u064a \u062a\u0648\u0646\u0633 \u0637\u0641\u0644 \u0627\u0644\u0627\u0646\u0628\u0648\u0628 \u0641\u064a \u062a\u0648\u0646\u0633 \u0623\u062d\u0635\u0644 \u0639\u0644\u0649 \u0645\u0648\u0639\u062f \u0639\u0645\u0644\u064a\u0629 \u0637\u0641\u0644 \u0627\u0644\u0627\u0646\u0628\u0648\u0628 \u0641\u064a \u062a\u0648\u0646\u0633\u060c \u0647\u064a \u0627\u062d\u062f\u0649 \u0627\u0644\u062a\u0642\u0646\u064a\u0627\u062a \u0627\u0644\u0637\u0628\u064a\u0629 \u0644\u0644\u0645\u0633\u0627\u0639\u062f\u0629 \u0639\u0644\u0649 \u0627\u0644\u0627\u0646\u062c\u0627\u0628. \u062a\u062c\u0631\u0649 \u0627\u0644\u0639\u0645\u0644\u064a\u0629 \u0641\u064a \u0635\u0648\u0631\u0629 \u0639\u062f\u0645 \u0627\u0644\u0642\u062f\u0631\u0629 \u0639\u0644\u0649 \u0627\u0644\u0627\u0646\u062c\u0627\u0628 \u0628\u0639\u062f \u062a\u062c\u0627\u0648\u0632 \u0633\u0646\u0629 \u0639\u0644\u0649 \u0627\u0644\u0623\u0642\u0644 \u0645\u0646 \u0627\u0644\u0645\u062d\u0627\u0648\u0644\u0629. \u0648\u064a\u062a\u0628\u064a\u0646 \u0645\u0646 \u062e\u0644\u0627\u0644 \u0627\u0644\u0643\u0634\u0648\u0641\u0627\u062a \u0648\u0627\u0644\u062a\u062d\u0627\u0644\u064a\u0644 \u0627\u0646 \u0627\u062d\u062f\u0649 \u0627\u0644\u0632\u0648\u062c\u064a\u0646 \u064a\u0639\u0627\u0646\u064a \u0645\u0646 \u0628\u0639\u0636 \u0627\u0644\u0645\u0634\u0627\u0643\u0644 \u0627\u0644\u0635\u062d\u064a\u0629 [&hellip;]\" \/>\n<meta property=\"og:url\" content=\"https:\/\/www.aram-clinic-tunisie.com\/ar\/%d8%b7%d9%81%d9%84-%d8%a7%d9%84%d8%a7%d9%86%d8%a8%d9%88%d8%a8\" \/>\n<meta property=\"og:site_name\" content=\"Agence tourisme m\u00e9dical Tunisie : S\u00e9jour m\u00e9dical - Aram Clinic\" \/>\n<meta property=\"article:modified_time\" content=\"2026-04-11T14:40:06+00:00\" \/>\n<meta property=\"og:image\" content=\"https:\/\/www.aram-clinic-tunisie.com\/wp-content\/uploads\/2024\/06\/fiv-img1.webp\" \/>\n<meta name=\"twitter:card\" content=\"summary_large_image\" \/>\n<meta name=\"twitter:label1\" content=\"\u0648\u0642\u062a \u0627\u0644\u0642\u0631\u0627\u0621\u0629 \u0627\u0644\u0645\u064f\u0642\u062f\u0651\u0631\" \/>\n\t<meta name=\"twitter:data1\" content=\"\u062f\u0642\u064a\u0642\u0629 \u0648\u0627\u062d\u062f\u0629\" \/>\n<script type=\"application\/ld+json\" class=\"yoast-schema-graph\">{\"@context\":\"https:\\\/\\\/schema.org\",\"@graph\":[{\"@type\":\"WebPage\",\"@id\":\"https:\\\/\\\/www.aram-clinic-tunisie.com\\\/ar\\\/%d8%b7%d9%81%d9%84-%d8%a7%d9%84%d8%a7%d9%86%d8%a8%d9%88%d8%a8\",\"url\":\"https:\\\/\\\/www.aram-clinic-tunisie.com\\\/ar\\\/%d8%b7%d9%81%d9%84-%d8%a7%d9%84%d8%a7%d9%86%d8%a8%d9%88%d8%a8\",\"name\":\"\u0637\u0641\u0644 \u0627\u0644\u0627\u0646\u0628\u0648\u0628 \u0641\u064a \u062a\u0648\u0646\u0633\",\"isPartOf\":{\"@id\":\"https:\\\/\\\/www.aram-clinic-tunisie.com\\\/ar#website\"},\"primaryImageOfPage\":{\"@id\":\"https:\\\/\\\/www.aram-clinic-tunisie.com\\\/ar\\\/%d8%b7%d9%81%d9%84-%d8%a7%d9%84%d8%a7%d9%86%d8%a8%d9%88%d8%a8#primaryimage\"},\"image\":{\"@id\":\"https:\\\/\\\/www.aram-clinic-tunisie.com\\\/ar\\\/%d8%b7%d9%81%d9%84-%d8%a7%d9%84%d8%a7%d9%86%d8%a8%d9%88%d8%a8#primaryimage\"},\"thumbnailUrl\":\"https:\\\/\\\/www.aram-clinic-tunisie.com\\\/wp-content\\\/uploads\\\/2024\\\/06\\\/fiv-img1.webp\",\"datePublished\":\"2024-06-19T11:41:13+00:00\",\"dateModified\":\"2026-04-11T14:40:06+00:00\",\"breadcrumb\":{\"@id\":\"https:\\\/\\\/www.aram-clinic-tunisie.com\\\/ar\\\/%d8%b7%d9%81%d9%84-%d8%a7%d9%84%d8%a7%d9%86%d8%a8%d9%88%d8%a8#breadcrumb\"},\"inLanguage\":\"ar\",\"potentialAction\":[{\"@type\":\"ReadAction\",\"target\":[\"https:\\\/\\\/www.aram-clinic-tunisie.com\\\/ar\\\/%d8%b7%d9%81%d9%84-%d8%a7%d9%84%d8%a7%d9%86%d8%a8%d9%88%d8%a8\"]}]},{\"@type\":\"ImageObject\",\"inLanguage\":\"ar\",\"@id\":\"https:\\\/\\\/www.aram-clinic-tunisie.com\\\/ar\\\/%d8%b7%d9%81%d9%84-%d8%a7%d9%84%d8%a7%d9%86%d8%a8%d9%88%d8%a8#primaryimage\",\"url\":\"https:\\\/\\\/www.aram-clinic-tunisie.com\\\/wp-content\\\/uploads\\\/2024\\\/06\\\/fiv-img1.webp\",\"contentUrl\":\"https:\\\/\\\/www.aram-clinic-tunisie.com\\\/wp-content\\\/uploads\\\/2024\\\/06\\\/fiv-img1.webp\"},{\"@type\":\"BreadcrumbList\",\"@id\":\"https:\\\/\\\/www.aram-clinic-tunisie.com\\\/ar\\\/%d8%b7%d9%81%d9%84-%d8%a7%d9%84%d8%a7%d9%86%d8%a8%d9%88%d8%a8#breadcrumb\",\"itemListElement\":[{\"@type\":\"ListItem\",\"position\":1,\"name\":\"Accueil\",\"item\":\"https:\\\/\\\/www.aram-clinic-tunisie.com\\\/ar\"},{\"@type\":\"ListItem\",\"position\":2,\"name\":\"\u0637\u0641\u0644 \u0627\u0644\u0627\u0646\u0628\u0648\u0628 \u0641\u064a \u062a\u0648\u0646\u0633\"}]},{\"@type\":\"WebSite\",\"@id\":\"https:\\\/\\\/www.aram-clinic-tunisie.com\\\/ar#website\",\"url\":\"https:\\\/\\\/www.aram-clinic-tunisie.com\\\/ar\",\"name\":\"Agence tourisme m\u00e9dical Tunisie : S\u00e9jour m\u00e9dical - Aram Clinic\",\"description\":\"\",\"publisher\":{\"@id\":\"https:\\\/\\\/www.aram-clinic-tunisie.com\\\/ar#organization\"},\"potentialAction\":[{\"@type\":\"SearchAction\",\"target\":{\"@type\":\"EntryPoint\",\"urlTemplate\":\"https:\\\/\\\/www.aram-clinic-tunisie.com\\\/ar?s={search_term_string}\"},\"query-input\":{\"@type\":\"PropertyValueSpecification\",\"valueRequired\":true,\"valueName\":\"search_term_string\"}}],\"inLanguage\":\"ar\"},{\"@type\":\"Organization\",\"@id\":\"https:\\\/\\\/www.aram-clinic-tunisie.com\\\/ar#organization\",\"name\":\"Agence tourisme m\u00e9dical Tunisie : S\u00e9jour m\u00e9dical - Aram Clinic\",\"url\":\"https:\\\/\\\/www.aram-clinic-tunisie.com\\\/ar\",\"logo\":{\"@type\":\"ImageObject\",\"inLanguage\":\"ar\",\"@id\":\"https:\\\/\\\/www.aram-clinic-tunisie.com\\\/ar#\\\/schema\\\/logo\\\/image\\\/\",\"url\":\"https:\\\/\\\/www.aram-clinic-tunisie.com\\\/wp-content\\\/uploads\\\/2024\\\/06\\\/logo.webp\",\"contentUrl\":\"https:\\\/\\\/www.aram-clinic-tunisie.com\\\/wp-content\\\/uploads\\\/2024\\\/06\\\/logo.webp\",\"width\":153,\"height\":60,\"caption\":\"Agence tourisme m\u00e9dical Tunisie : S\u00e9jour m\u00e9dical - Aram Clinic\"},\"image\":{\"@id\":\"https:\\\/\\\/www.aram-clinic-tunisie.com\\\/ar#\\\/schema\\\/logo\\\/image\\\/\"}}]}<\/script>\n<!-- \/ Yoast SEO plugin. -->","yoast_head_json":{"title":"\u0637\u0641\u0644 \u0627\u0644\u0627\u0646\u0628\u0648\u0628 \u0641\u064a \u062a\u0648\u0646\u0633","robots":{"index":"index","follow":"follow","max-snippet":"max-snippet:-1","max-image-preview":"max-image-preview:large","max-video-preview":"max-video-preview:-1"},"canonical":"https:\/\/www.aram-clinic-tunisie.com\/ar\/%d8%b7%d9%81%d9%84-%d8%a7%d9%84%d8%a7%d9%86%d8%a8%d9%88%d8%a8","og_locale":"ar_AR","og_type":"article","og_title":"\u0637\u0641\u0644 \u0627\u0644\u0627\u0646\u0628\u0648\u0628 \u0641\u064a \u062a\u0648\u0646\u0633","og_description":"\u0623\u0631\u0627\u0645 \u0643\u0644\u064a\u0646\u064a\u0643 \u0644\u062c\u0631\u0627\u062d\u0629 \u062a\u062c\u0645\u064a\u0644 \u0646\u0627\u062c\u062d\u0629 \u0648\u0622\u0645\u0646\u0629 \u0641\u064a \u062a\u0648\u0646\u0633 \u0637\u0641\u0644 \u0627\u0644\u0627\u0646\u0628\u0648\u0628 \u0641\u064a \u062a\u0648\u0646\u0633 \u0623\u062d\u0635\u0644 \u0639\u0644\u0649 \u0645\u0648\u0639\u062f \u0639\u0645\u0644\u064a\u0629 \u0637\u0641\u0644 \u0627\u0644\u0627\u0646\u0628\u0648\u0628 \u0641\u064a \u062a\u0648\u0646\u0633\u060c \u0647\u064a \u0627\u062d\u062f\u0649 \u0627\u0644\u062a\u0642\u0646\u064a\u0627\u062a \u0627\u0644\u0637\u0628\u064a\u0629 \u0644\u0644\u0645\u0633\u0627\u0639\u062f\u0629 \u0639\u0644\u0649 \u0627\u0644\u0627\u0646\u062c\u0627\u0628. \u062a\u062c\u0631\u0649 \u0627\u0644\u0639\u0645\u0644\u064a\u0629 \u0641\u064a \u0635\u0648\u0631\u0629 \u0639\u062f\u0645 \u0627\u0644\u0642\u062f\u0631\u0629 \u0639\u0644\u0649 \u0627\u0644\u0627\u0646\u062c\u0627\u0628 \u0628\u0639\u062f \u062a\u062c\u0627\u0648\u0632 \u0633\u0646\u0629 \u0639\u0644\u0649 \u0627\u0644\u0623\u0642\u0644 \u0645\u0646 \u0627\u0644\u0645\u062d\u0627\u0648\u0644\u0629. \u0648\u064a\u062a\u0628\u064a\u0646 \u0645\u0646 \u062e\u0644\u0627\u0644 \u0627\u0644\u0643\u0634\u0648\u0641\u0627\u062a \u0648\u0627\u0644\u062a\u062d\u0627\u0644\u064a\u0644 \u0627\u0646 \u0627\u062d\u062f\u0649 \u0627\u0644\u0632\u0648\u062c\u064a\u0646 \u064a\u0639\u0627\u0646\u064a \u0645\u0646 \u0628\u0639\u0636 \u0627\u0644\u0645\u0634\u0627\u0643\u0644 \u0627\u0644\u0635\u062d\u064a\u0629 [&hellip;]","og_url":"https:\/\/www.aram-clinic-tunisie.com\/ar\/%d8%b7%d9%81%d9%84-%d8%a7%d9%84%d8%a7%d9%86%d8%a8%d9%88%d8%a8","og_site_name":"Agence tourisme m\u00e9dical Tunisie : S\u00e9jour m\u00e9dical - Aram Clinic","article_modified_time":"2026-04-11T14:40:06+00:00","og_image":[{"url":"https:\/\/www.aram-clinic-tunisie.com\/wp-content\/uploads\/2024\/06\/fiv-img1.webp","type":"","width":"","height":""}],"twitter_card":"summary_large_image","twitter_misc":{"\u0648\u0642\u062a \u0627\u0644\u0642\u0631\u0627\u0621\u0629 \u0627\u0644\u0645\u064f\u0642\u062f\u0651\u0631":"\u062f\u0642\u064a\u0642\u0629 \u0648\u0627\u062d\u062f\u0629"},"schema":{"@context":"https:\/\/schema.org","@graph":[{"@type":"WebPage","@id":"https:\/\/www.aram-clinic-tunisie.com\/ar\/%d8%b7%d9%81%d9%84-%d8%a7%d9%84%d8%a7%d9%86%d8%a8%d9%88%d8%a8","url":"https:\/\/www.aram-clinic-tunisie.com\/ar\/%d8%b7%d9%81%d9%84-%d8%a7%d9%84%d8%a7%d9%86%d8%a8%d9%88%d8%a8","name":"\u0637\u0641\u0644 \u0627\u0644\u0627\u0646\u0628\u0648\u0628 \u0641\u064a \u062a\u0648\u0646\u0633","isPartOf":{"@id":"https:\/\/www.aram-clinic-tunisie.com\/ar#website"},"primaryImageOfPage":{"@id":"https:\/\/www.aram-clinic-tunisie.com\/ar\/%d8%b7%d9%81%d9%84-%d8%a7%d9%84%d8%a7%d9%86%d8%a8%d9%88%d8%a8#primaryimage"},"image":{"@id":"https:\/\/www.aram-clinic-tunisie.com\/ar\/%d8%b7%d9%81%d9%84-%d8%a7%d9%84%d8%a7%d9%86%d8%a8%d9%88%d8%a8#primaryimage"},"thumbnailUrl":"https:\/\/www.aram-clinic-tunisie.com\/wp-content\/uploads\/2024\/06\/fiv-img1.webp","datePublished":"2024-06-19T11:41:13+00:00","dateModified":"2026-04-11T14:40:06+00:00","breadcrumb":{"@id":"https:\/\/www.aram-clinic-tunisie.com\/ar\/%d8%b7%d9%81%d9%84-%d8%a7%d9%84%d8%a7%d9%86%d8%a8%d9%88%d8%a8#breadcrumb"},"inLanguage":"ar","potentialAction":[{"@type":"ReadAction","target":["https:\/\/www.aram-clinic-tunisie.com\/ar\/%d8%b7%d9%81%d9%84-%d8%a7%d9%84%d8%a7%d9%86%d8%a8%d9%88%d8%a8"]}]},{"@type":"ImageObject","inLanguage":"ar","@id":"https:\/\/www.aram-clinic-tunisie.com\/ar\/%d8%b7%d9%81%d9%84-%d8%a7%d9%84%d8%a7%d9%86%d8%a8%d9%88%d8%a8#primaryimage","url":"https:\/\/www.aram-clinic-tunisie.com\/wp-content\/uploads\/2024\/06\/fiv-img1.webp","contentUrl":"https:\/\/www.aram-clinic-tunisie.com\/wp-content\/uploads\/2024\/06\/fiv-img1.webp"},{"@type":"BreadcrumbList","@id":"https:\/\/www.aram-clinic-tunisie.com\/ar\/%d8%b7%d9%81%d9%84-%d8%a7%d9%84%d8%a7%d9%86%d8%a8%d9%88%d8%a8#breadcrumb","itemListElement":[{"@type":"ListItem","position":1,"name":"Accueil","item":"https:\/\/www.aram-clinic-tunisie.com\/ar"},{"@type":"ListItem","position":2,"name":"\u0637\u0641\u0644 \u0627\u0644\u0627\u0646\u0628\u0648\u0628 \u0641\u064a \u062a\u0648\u0646\u0633"}]},{"@type":"WebSite","@id":"https:\/\/www.aram-clinic-tunisie.com\/ar#website","url":"https:\/\/www.aram-clinic-tunisie.com\/ar","name":"Agence tourisme m\u00e9dical Tunisie : S\u00e9jour m\u00e9dical - Aram Clinic","description":"","publisher":{"@id":"https:\/\/www.aram-clinic-tunisie.com\/ar#organization"},"potentialAction":[{"@type":"SearchAction","target":{"@type":"EntryPoint","urlTemplate":"https:\/\/www.aram-clinic-tunisie.com\/ar?s={search_term_string}"},"query-input":{"@type":"PropertyValueSpecification","valueRequired":true,"valueName":"search_term_string"}}],"inLanguage":"ar"},{"@type":"Organization","@id":"https:\/\/www.aram-clinic-tunisie.com\/ar#organization","name":"Agence tourisme m\u00e9dical Tunisie : S\u00e9jour m\u00e9dical - Aram Clinic","url":"https:\/\/www.aram-clinic-tunisie.com\/ar","logo":{"@type":"ImageObject","inLanguage":"ar","@id":"https:\/\/www.aram-clinic-tunisie.com\/ar#\/schema\/logo\/image\/","url":"https:\/\/www.aram-clinic-tunisie.com\/wp-content\/uploads\/2024\/06\/logo.webp","contentUrl":"https:\/\/www.aram-clinic-tunisie.com\/wp-content\/uploads\/2024\/06\/logo.webp","width":153,"height":60,"caption":"Agence tourisme m\u00e9dical Tunisie : S\u00e9jour m\u00e9dical - Aram Clinic"},"image":{"@id":"https:\/\/www.aram-clinic-tunisie.com\/ar#\/schema\/logo\/image\/"}}]}},"_links":{"self":[{"href":"https:\/\/www.aram-clinic-tunisie.com\/ar\/wp-json\/wp\/v2\/pages\/4940","targetHints":{"allow":["GET"]}}],"collection":[{"href":"https:\/\/www.aram-clinic-tunisie.com\/ar\/wp-json\/wp\/v2\/pages"}],"about":[{"href":"https:\/\/www.aram-clinic-tunisie.com\/ar\/wp-json\/wp\/v2\/types\/page"}],"author":[{"embeddable":true,"href":"https:\/\/www.aram-clinic-tunisie.com\/ar\/wp-json\/wp\/v2\/users\/1"}],"replies":[{"embeddable":true,"href":"https:\/\/www.aram-clinic-tunisie.com\/ar\/wp-json\/wp\/v2\/comments?post=4940"}],"version-history":[{"count":22,"href":"https:\/\/www.aram-clinic-tunisie.com\/ar\/wp-json\/wp\/v2\/pages\/4940\/revisions"}],"predecessor-version":[{"id":9034,"href":"https:\/\/www.aram-clinic-tunisie.com\/ar\/wp-json\/wp\/v2\/pages\/4940\/revisions\/9034"}],"wp:attachment":[{"href":"https:\/\/www.aram-clinic-tunisie.com\/ar\/wp-json\/wp\/v2\/media?parent=4940"}],"curies":[{"name":"wp","href":"https:\/\/api.w.org\/{rel}","templated":true}]}}