{"id":4194,"date":"2024-06-18T16:07:17","date_gmt":"2024-06-18T14:07:17","guid":{"rendered":"https:\/\/biancaview.com\/aram-clinic-tunisie.com\/devis-gratuit-remplissez-le-formulaire"},"modified":"2026-04-11T16:38:14","modified_gmt":"2026-04-11T14:38:14","slug":"%d8%b9%d8%b1%d8%b6-%d8%a3%d8%b3%d8%b9%d8%a7%d8%b1-%d9%85%d8%ac%d8%a7%d9%86%d9%8a","status":"publish","type":"page","link":"https:\/\/www.aram-clinic-tunisie.com\/ar\/%d8%b9%d8%b1%d8%b6-%d8%a3%d8%b3%d8%b9%d8%a7%d8%b1-%d9%85%d8%ac%d8%a7%d9%86%d9%8a","title":{"rendered":"\u0623\u0631\u0627\u0645 \u0643\u0644\u064a\u0646\u064a\u0643 \u0644\u062c\u0631\u0627\u062d\u0629 \u062a\u062c\u0645\u064a\u0644 \u0646\u0627\u062c\u062d\u0629 \u0648\u0622\u0645\u0646\u0629 \u0641\u064a \u062a\u0648\u0646\u0633"},"content":{"rendered":"\t\t<div data-elementor-type=\"wp-page\" data-elementor-id=\"4194\" class=\"elementor elementor-4194\">\n\t\t\t\t<div class=\"elementor-element elementor-element-e640a6d e-con-full e-flex e-con e-parent\" data-id=\"e640a6d\" data-element_type=\"container\">\n\t\t\t\t<div class=\"elementor-element elementor-element-80542e4 elementor-widget elementor-widget-html\" data-id=\"80542e4\" data-element_type=\"widget\" data-widget_type=\"html.default\">\n\t\t\t\t<div class=\"elementor-widget-container\">\n\t\t\t<div class=\"swiper-intern\">\r\n    <div class=\"container-fluid intern-slider devis\">\r\n        <div class=\"bg-image-slider\"><\/div>\r\n        <div class=\"container dark swiper-intern-content\">\r\n            <div class=\"row no-padding\">\r\n                <div class=\"col-xl-8 intern-slider-content\">\r\n                   <sapn class=\"slider-title\">\u0623\u0631\u0627\u0645 \u0643\u0644\u064a\u0646\u064a\u0643 \u0644\u062c\u0631\u0627\u062d\u0629 \u062a\u062c\u0645\u064a\u0644 \u0646\u0627\u062c\u062d\u0629 \u0648\u0622\u0645\u0646\u0629 \u0641\u064a \u062a\u0648\u0646\u0633<\/sapn>\r\n                <\/div>\r\n            <\/div>\r\n        <\/div>\r\n    <\/div>\r\n<\/div>\t\t<\/div>\n\t\t\t\t<\/div>\n\t\t\t\t<\/div>\n\t\t<div class=\"elementor-element elementor-element-d0fe381 light e-flex e-con-boxed e-con e-parent\" data-id=\"d0fe381\" data-element_type=\"container\">\n\t\t\t\t\t<div class=\"e-con-inner\">\n\t\t\t\t<div class=\"elementor-element elementor-element-eb0c203 elementor-widget elementor-widget-html\" data-id=\"eb0c203\" data-element_type=\"widget\" data-widget_type=\"html.default\">\n\t\t\t\t<div class=\"elementor-widget-container\">\n\t\t\t <h1 class=\"text-center\">\u0639\u0631\u0636 \u0623\u0633\u0639\u0627\u0631 \u0645\u062c\u0627\u0646\u064a<\/h1>\r\n<iframe src=\"https:\/\/app.metocrm.com\/web-forms\/01b418a3-3c17-48c6-b920-a4f83c2633bb\"  height=\"800px\" width=\"100%\"  frameborder=\"0\" style=\"border-radius: 10px;\"><\/iframe>\r\n\t\t<\/div>\n\t\t\t\t<\/div>\n\t\t\t\t\t<\/div>\n\t\t\t\t<\/div>\n\t\t\t\t<\/div>\n\t\t","protected":false},"excerpt":{"rendered":"<p>\u0623\u0631\u0627\u0645 \u0643\u0644\u064a\u0646\u064a\u0643 \u0644\u062c\u0631\u0627\u062d\u0629 \u062a\u062c\u0645\u064a\u0644 \u0646\u0627\u062c\u062d\u0629 \u0648\u0622\u0645\u0646\u0629 \u0641\u064a \u062a\u0648\u0646\u0633 \u0639\u0631\u0636 \u0623\u0633\u0639\u0627\u0631 \u0645\u062c\u0627\u0646\u064a<\/p>\n","protected":false},"author":1,"featured_media":0,"parent":0,"menu_order":0,"comment_status":"closed","ping_status":"closed","template":"","meta":{"footnotes":""},"class_list":["post-4194","page","type-page","status-publish","hentry"],"yoast_head":"<!-- This site is optimized with the Yoast SEO plugin v27.3 - https:\/\/yoast.com\/product\/yoast-seo-wordpress\/ -->\n<title>\u0623\u0631\u0627\u0645 \u0643\u0644\u064a\u0646\u064a\u0643 \u0644\u062c\u0631\u0627\u062d\u0629 \u062a\u062c\u0645\u064a\u0644 \u0646\u0627\u062c\u062d\u0629 \u0648\u0622\u0645\u0646\u0629 \u0641\u064a \u062a\u0648\u0646\u0633<\/title>\n<meta name=\"robots\" content=\"index, follow, max-snippet:-1, max-image-preview:large, max-video-preview:-1\" \/>\n<link rel=\"canonical\" href=\"https:\/\/www.aram-clinic-tunisie.com\/ar\/%d8%b9%d8%b1%d8%b6-%d8%a3%d8%b3%d8%b9%d8%a7%d8%b1-%d9%85%d8%ac%d8%a7%d9%86%d9%8a\" \/>\n<meta property=\"og:locale\" content=\"ar_AR\" \/>\n<meta property=\"og:type\" content=\"article\" \/>\n<meta property=\"og:title\" content=\"\u0623\u0631\u0627\u0645 \u0643\u0644\u064a\u0646\u064a\u0643 \u0644\u062c\u0631\u0627\u062d\u0629 \u062a\u062c\u0645\u064a\u0644 \u0646\u0627\u062c\u062d\u0629 \u0648\u0622\u0645\u0646\u0629 \u0641\u064a \u062a\u0648\u0646\u0633\" \/>\n<meta property=\"og:description\" content=\"\u0623\u0631\u0627\u0645 \u0643\u0644\u064a\u0646\u064a\u0643 \u0644\u062c\u0631\u0627\u062d\u0629 \u062a\u062c\u0645\u064a\u0644 \u0646\u0627\u062c\u062d\u0629 \u0648\u0622\u0645\u0646\u0629 \u0641\u064a \u062a\u0648\u0646\u0633 \u0639\u0631\u0636 \u0623\u0633\u0639\u0627\u0631 \u0645\u062c\u0627\u0646\u064a\" \/>\n<meta property=\"og:url\" content=\"https:\/\/www.aram-clinic-tunisie.com\/ar\/%d8%b9%d8%b1%d8%b6-%d8%a3%d8%b3%d8%b9%d8%a7%d8%b1-%d9%85%d8%ac%d8%a7%d9%86%d9%8a\" \/>\n<meta property=\"og:site_name\" content=\"Agence tourisme m\u00e9dical Tunisie : S\u00e9jour m\u00e9dical - Aram Clinic\" \/>\n<meta property=\"article:modified_time\" content=\"2026-04-11T14:38:14+00:00\" \/>\n<meta name=\"twitter:card\" content=\"summary_large_image\" \/>\n<meta name=\"twitter:label1\" content=\"\u0648\u0642\u062a \u0627\u0644\u0642\u0631\u0627\u0621\u0629 \u0627\u0644\u0645\u064f\u0642\u062f\u0651\u0631\" \/>\n\t<meta name=\"twitter:data1\" content=\"\u062f\u0642\u064a\u0642\u0629 \u0648\u0627\u062d\u062f\u0629\" \/>\n<script type=\"application\/ld+json\" class=\"yoast-schema-graph\">{\"@context\":\"https:\\\/\\\/schema.org\",\"@graph\":[{\"@type\":\"WebPage\",\"@id\":\"https:\\\/\\\/www.aram-clinic-tunisie.com\\\/ar\\\/%d8%b9%d8%b1%d8%b6-%d8%a3%d8%b3%d8%b9%d8%a7%d8%b1-%d9%85%d8%ac%d8%a7%d9%86%d9%8a\",\"url\":\"https:\\\/\\\/www.aram-clinic-tunisie.com\\\/ar\\\/%d8%b9%d8%b1%d8%b6-%d8%a3%d8%b3%d8%b9%d8%a7%d8%b1-%d9%85%d8%ac%d8%a7%d9%86%d9%8a\",\"name\":\"\u0623\u0631\u0627\u0645 \u0643\u0644\u064a\u0646\u064a\u0643 \u0644\u062c\u0631\u0627\u062d\u0629 \u062a\u062c\u0645\u064a\u0644 \u0646\u0627\u062c\u062d\u0629 \u0648\u0622\u0645\u0646\u0629 \u0641\u064a \u062a\u0648\u0646\u0633\",\"isPartOf\":{\"@id\":\"https:\\\/\\\/www.aram-clinic-tunisie.com\\\/ar#website\"},\"datePublished\":\"2024-06-18T14:07:17+00:00\",\"dateModified\":\"2026-04-11T14:38:14+00:00\",\"breadcrumb\":{\"@id\":\"https:\\\/\\\/www.aram-clinic-tunisie.com\\\/ar\\\/%d8%b9%d8%b1%d8%b6-%d8%a3%d8%b3%d8%b9%d8%a7%d8%b1-%d9%85%d8%ac%d8%a7%d9%86%d9%8a#breadcrumb\"},\"inLanguage\":\"ar\",\"potentialAction\":[{\"@type\":\"ReadAction\",\"target\":[\"https:\\\/\\\/www.aram-clinic-tunisie.com\\\/ar\\\/%d8%b9%d8%b1%d8%b6-%d8%a3%d8%b3%d8%b9%d8%a7%d8%b1-%d9%85%d8%ac%d8%a7%d9%86%d9%8a\"]}]},{\"@type\":\"BreadcrumbList\",\"@id\":\"https:\\\/\\\/www.aram-clinic-tunisie.com\\\/ar\\\/%d8%b9%d8%b1%d8%b6-%d8%a3%d8%b3%d8%b9%d8%a7%d8%b1-%d9%85%d8%ac%d8%a7%d9%86%d9%8a#breadcrumb\",\"itemListElement\":[{\"@type\":\"ListItem\",\"position\":1,\"name\":\"Accueil\",\"item\":\"https:\\\/\\\/www.aram-clinic-tunisie.com\\\/ar\"},{\"@type\":\"ListItem\",\"position\":2,\"name\":\"\u0623\u0631\u0627\u0645 \u0643\u0644\u064a\u0646\u064a\u0643 \u0644\u062c\u0631\u0627\u062d\u0629 \u062a\u062c\u0645\u064a\u0644 \u0646\u0627\u062c\u062d\u0629 \u0648\u0622\u0645\u0646\u0629 \u0641\u064a \u062a\u0648\u0646\u0633\"}]},{\"@type\":\"WebSite\",\"@id\":\"https:\\\/\\\/www.aram-clinic-tunisie.com\\\/ar#website\",\"url\":\"https:\\\/\\\/www.aram-clinic-tunisie.com\\\/ar\",\"name\":\"Agence tourisme m\u00e9dical Tunisie : S\u00e9jour m\u00e9dical - Aram Clinic\",\"description\":\"\",\"publisher\":{\"@id\":\"https:\\\/\\\/www.aram-clinic-tunisie.com\\\/ar#organization\"},\"potentialAction\":[{\"@type\":\"SearchAction\",\"target\":{\"@type\":\"EntryPoint\",\"urlTemplate\":\"https:\\\/\\\/www.aram-clinic-tunisie.com\\\/ar?s={search_term_string}\"},\"query-input\":{\"@type\":\"PropertyValueSpecification\",\"valueRequired\":true,\"valueName\":\"search_term_string\"}}],\"inLanguage\":\"ar\"},{\"@type\":\"Organization\",\"@id\":\"https:\\\/\\\/www.aram-clinic-tunisie.com\\\/ar#organization\",\"name\":\"Agence tourisme m\u00e9dical Tunisie : S\u00e9jour m\u00e9dical - Aram Clinic\",\"url\":\"https:\\\/\\\/www.aram-clinic-tunisie.com\\\/ar\",\"logo\":{\"@type\":\"ImageObject\",\"inLanguage\":\"ar\",\"@id\":\"https:\\\/\\\/www.aram-clinic-tunisie.com\\\/ar#\\\/schema\\\/logo\\\/image\\\/\",\"url\":\"https:\\\/\\\/www.aram-clinic-tunisie.com\\\/wp-content\\\/uploads\\\/2024\\\/06\\\/logo.webp\",\"contentUrl\":\"https:\\\/\\\/www.aram-clinic-tunisie.com\\\/wp-content\\\/uploads\\\/2024\\\/06\\\/logo.webp\",\"width\":153,\"height\":60,\"caption\":\"Agence tourisme m\u00e9dical Tunisie : S\u00e9jour m\u00e9dical - Aram Clinic\"},\"image\":{\"@id\":\"https:\\\/\\\/www.aram-clinic-tunisie.com\\\/ar#\\\/schema\\\/logo\\\/image\\\/\"}}]}<\/script>\n<!-- \/ Yoast SEO plugin. -->","yoast_head_json":{"title":"\u0623\u0631\u0627\u0645 \u0643\u0644\u064a\u0646\u064a\u0643 \u0644\u062c\u0631\u0627\u062d\u0629 \u062a\u062c\u0645\u064a\u0644 \u0646\u0627\u062c\u062d\u0629 \u0648\u0622\u0645\u0646\u0629 \u0641\u064a \u062a\u0648\u0646\u0633","robots":{"index":"index","follow":"follow","max-snippet":"max-snippet:-1","max-image-preview":"max-image-preview:large","max-video-preview":"max-video-preview:-1"},"canonical":"https:\/\/www.aram-clinic-tunisie.com\/ar\/%d8%b9%d8%b1%d8%b6-%d8%a3%d8%b3%d8%b9%d8%a7%d8%b1-%d9%85%d8%ac%d8%a7%d9%86%d9%8a","og_locale":"ar_AR","og_type":"article","og_title":"\u0623\u0631\u0627\u0645 \u0643\u0644\u064a\u0646\u064a\u0643 \u0644\u062c\u0631\u0627\u062d\u0629 \u062a\u062c\u0645\u064a\u0644 \u0646\u0627\u062c\u062d\u0629 \u0648\u0622\u0645\u0646\u0629 \u0641\u064a \u062a\u0648\u0646\u0633","og_description":"\u0623\u0631\u0627\u0645 \u0643\u0644\u064a\u0646\u064a\u0643 \u0644\u062c\u0631\u0627\u062d\u0629 \u062a\u062c\u0645\u064a\u0644 \u0646\u0627\u062c\u062d\u0629 \u0648\u0622\u0645\u0646\u0629 \u0641\u064a \u062a\u0648\u0646\u0633 \u0639\u0631\u0636 \u0623\u0633\u0639\u0627\u0631 \u0645\u062c\u0627\u0646\u064a","og_url":"https:\/\/www.aram-clinic-tunisie.com\/ar\/%d8%b9%d8%b1%d8%b6-%d8%a3%d8%b3%d8%b9%d8%a7%d8%b1-%d9%85%d8%ac%d8%a7%d9%86%d9%8a","og_site_name":"Agence tourisme m\u00e9dical Tunisie : S\u00e9jour m\u00e9dical - Aram Clinic","article_modified_time":"2026-04-11T14:38:14+00:00","twitter_card":"summary_large_image","twitter_misc":{"\u0648\u0642\u062a \u0627\u0644\u0642\u0631\u0627\u0621\u0629 \u0627\u0644\u0645\u064f\u0642\u062f\u0651\u0631":"\u062f\u0642\u064a\u0642\u0629 \u0648\u0627\u062d\u062f\u0629"},"schema":{"@context":"https:\/\/schema.org","@graph":[{"@type":"WebPage","@id":"https:\/\/www.aram-clinic-tunisie.com\/ar\/%d8%b9%d8%b1%d8%b6-%d8%a3%d8%b3%d8%b9%d8%a7%d8%b1-%d9%85%d8%ac%d8%a7%d9%86%d9%8a","url":"https:\/\/www.aram-clinic-tunisie.com\/ar\/%d8%b9%d8%b1%d8%b6-%d8%a3%d8%b3%d8%b9%d8%a7%d8%b1-%d9%85%d8%ac%d8%a7%d9%86%d9%8a","name":"\u0623\u0631\u0627\u0645 \u0643\u0644\u064a\u0646\u064a\u0643 \u0644\u062c\u0631\u0627\u062d\u0629 \u062a\u062c\u0645\u064a\u0644 \u0646\u0627\u062c\u062d\u0629 \u0648\u0622\u0645\u0646\u0629 \u0641\u064a \u062a\u0648\u0646\u0633","isPartOf":{"@id":"https:\/\/www.aram-clinic-tunisie.com\/ar#website"},"datePublished":"2024-06-18T14:07:17+00:00","dateModified":"2026-04-11T14:38:14+00:00","breadcrumb":{"@id":"https:\/\/www.aram-clinic-tunisie.com\/ar\/%d8%b9%d8%b1%d8%b6-%d8%a3%d8%b3%d8%b9%d8%a7%d8%b1-%d9%85%d8%ac%d8%a7%d9%86%d9%8a#breadcrumb"},"inLanguage":"ar","potentialAction":[{"@type":"ReadAction","target":["https:\/\/www.aram-clinic-tunisie.com\/ar\/%d8%b9%d8%b1%d8%b6-%d8%a3%d8%b3%d8%b9%d8%a7%d8%b1-%d9%85%d8%ac%d8%a7%d9%86%d9%8a"]}]},{"@type":"BreadcrumbList","@id":"https:\/\/www.aram-clinic-tunisie.com\/ar\/%d8%b9%d8%b1%d8%b6-%d8%a3%d8%b3%d8%b9%d8%a7%d8%b1-%d9%85%d8%ac%d8%a7%d9%86%d9%8a#breadcrumb","itemListElement":[{"@type":"ListItem","position":1,"name":"Accueil","item":"https:\/\/www.aram-clinic-tunisie.com\/ar"},{"@type":"ListItem","position":2,"name":"\u0623\u0631\u0627\u0645 \u0643\u0644\u064a\u0646\u064a\u0643 \u0644\u062c\u0631\u0627\u062d\u0629 \u062a\u062c\u0645\u064a\u0644 \u0646\u0627\u062c\u062d\u0629 \u0648\u0622\u0645\u0646\u0629 \u0641\u064a \u062a\u0648\u0646\u0633"}]},{"@type":"WebSite","@id":"https:\/\/www.aram-clinic-tunisie.com\/ar#website","url":"https:\/\/www.aram-clinic-tunisie.com\/ar","name":"Agence tourisme m\u00e9dical Tunisie : S\u00e9jour m\u00e9dical - Aram Clinic","description":"","publisher":{"@id":"https:\/\/www.aram-clinic-tunisie.com\/ar#organization"},"potentialAction":[{"@type":"SearchAction","target":{"@type":"EntryPoint","urlTemplate":"https:\/\/www.aram-clinic-tunisie.com\/ar?s={search_term_string}"},"query-input":{"@type":"PropertyValueSpecification","valueRequired":true,"valueName":"search_term_string"}}],"inLanguage":"ar"},{"@type":"Organization","@id":"https:\/\/www.aram-clinic-tunisie.com\/ar#organization","name":"Agence tourisme m\u00e9dical Tunisie : S\u00e9jour m\u00e9dical - Aram Clinic","url":"https:\/\/www.aram-clinic-tunisie.com\/ar","logo":{"@type":"ImageObject","inLanguage":"ar","@id":"https:\/\/www.aram-clinic-tunisie.com\/ar#\/schema\/logo\/image\/","url":"https:\/\/www.aram-clinic-tunisie.com\/wp-content\/uploads\/2024\/06\/logo.webp","contentUrl":"https:\/\/www.aram-clinic-tunisie.com\/wp-content\/uploads\/2024\/06\/logo.webp","width":153,"height":60,"caption":"Agence tourisme m\u00e9dical Tunisie : S\u00e9jour m\u00e9dical - Aram Clinic"},"image":{"@id":"https:\/\/www.aram-clinic-tunisie.com\/ar#\/schema\/logo\/image\/"}}]}},"_links":{"self":[{"href":"https:\/\/www.aram-clinic-tunisie.com\/ar\/wp-json\/wp\/v2\/pages\/4194","targetHints":{"allow":["GET"]}}],"collection":[{"href":"https:\/\/www.aram-clinic-tunisie.com\/ar\/wp-json\/wp\/v2\/pages"}],"about":[{"href":"https:\/\/www.aram-clinic-tunisie.com\/ar\/wp-json\/wp\/v2\/types\/page"}],"author":[{"embeddable":true,"href":"https:\/\/www.aram-clinic-tunisie.com\/ar\/wp-json\/wp\/v2\/users\/1"}],"replies":[{"embeddable":true,"href":"https:\/\/www.aram-clinic-tunisie.com\/ar\/wp-json\/wp\/v2\/comments?post=4194"}],"version-history":[{"count":16,"href":"https:\/\/www.aram-clinic-tunisie.com\/ar\/wp-json\/wp\/v2\/pages\/4194\/revisions"}],"predecessor-version":[{"id":8986,"href":"https:\/\/www.aram-clinic-tunisie.com\/ar\/wp-json\/wp\/v2\/pages\/4194\/revisions\/8986"}],"wp:attachment":[{"href":"https:\/\/www.aram-clinic-tunisie.com\/ar\/wp-json\/wp\/v2\/media?parent=4194"}],"curies":[{"name":"wp","href":"https:\/\/api.w.org\/{rel}","templated":true}]}}